{"id":962084,"date":"2026-04-07T14:00:30","date_gmt":"2026-04-07T12:00:30","guid":{"rendered":"https:\/\/www.lhonorable.com\/?post_type=product&#038;p=962084"},"modified":"2026-04-17T09:59:25","modified_gmt":"2026-04-17T07:59:25","slug":"loeil-protecteurkit-de-broderie","status":"publish","type":"product","link":"https:\/\/www.lhonorable.com\/en\/produit\/loeil-protecteurkit-de-broderie\/","title":{"rendered":"L&#8217;OEIL PROTECTEUR<span class=\"htitleshop\">Kit de Broderie<\/span>"},"content":{"rendered":"","protected":false},"excerpt":{"rendered":"<h3><strong>\/\/ Kit de broderie \/\/<\/strong><\/h3>\n<p>\u2764 Pens\u00e9 comme un accessoire de d\u00e9coration, ce kit aux allures tr\u00e8s Haute Couture, contient tout le n\u00e9cessaire pour broder votre propre bijou de maison pr\u00e9cieux et myst\u00e9rieux.<br \/>\nSi vous aimez les projets aux longs courts et que la patience est une de vos qualit\u00e9s, ce kit ne requi\u00e8re pas de connaissances techniques particuli\u00e8res. Il vous apprendra, de fa\u00e7on simple et d\u00e9complex\u00e9e \u00e0 broder perles, paillettes, cristaux et cannetille gr\u00e2ce \u00e0 sa fiche explicative tr\u00e8s d\u00e9taill\u00e9e.<\/p>\n<p><span style=\"text-decoration: underline;\"><strong>Ce kit contient:<\/strong><\/span><\/p>\n<ul>\n<li>Une toile imprim\u00e9e (pr\u00e8s de Nantes)<\/li>\n<li>Deux aiguilles fabriqu\u00e9es en France chez BOHIN: une \u00e0 broder (au fil) et une \u00e0 perler<\/li>\n<li>Un tambour imitation bois naturel de chez BOHIN<\/li>\n<li>Une fiche explicative avec des pas \u00e0 pas pour vous accompagner dans votre broderie<\/li>\n<li>Un set de perles, paillettes, cristaux, sequins et cannetille tout droit sortis de l&#8217;atelier de bijoux brod\u00e9s l&#8217;Honorable<\/li>\n<\/ul>\n<p>\u2764 N&#8217;h\u00e9sitez pas \u00e0 me partager votre cr\u00e9ation brod\u00e9e sur Instagram (@lhonorable.bijouxbrodes), je serai ravie de d\u00e9couvrir votre broderie en cours ou termin\u00e9e et bien expos\u00e9e chez vous!<\/p>\n","protected":false},"featured_media":962114,"template":"","meta":[],"product_brand":[],"product_cat":[26,27],"product_tag":[],"class_list":{"0":"post-962084","1":"product","2":"type-product","3":"status-publish","4":"has-post-thumbnail","6":"product_cat-bijoux-de-maison","7":"product_cat-les-kits-de-broderie","8":"product_shipping_class-les-kits-de-broderie","10":"first","11":"instock","12":"purchasable","13":"product-type-simple"},"yoast_head":"<!-- This site is optimized with the Yoast SEO plugin v27.2 - https:\/\/yoast.com\/product\/yoast-seo-wordpress\/ -->\n<title>L&#039;OEIL PROTECTEURKit de Broderie - L&#039;HONORABLE<\/title>\n<meta name=\"description\" content=\"Ce kit de broderie aux allures tr\u00e8s Haute Couture, contient tout le n\u00e9cessaire pour broder votre propre ex-voto, joyeux et color\u00e9.\" \/>\n<meta name=\"robots\" content=\"index, follow, max-snippet:-1, max-image-preview:large, max-video-preview:-1\" \/>\n<link rel=\"canonical\" href=\"https:\/\/www.lhonorable.com\/en\/produit\/loeil-protecteurkit-de-broderie\/\" \/>\n<meta property=\"og:locale\" content=\"en_US\" \/>\n<meta property=\"og:type\" content=\"article\" \/>\n<meta property=\"og:title\" content=\"L&#039;OEIL PROTECTEURKit de Broderie - L&#039;HONORABLE\" \/>\n<meta property=\"og:description\" content=\"Ce kit de broderie aux allures tr\u00e8s Haute Couture, contient tout le n\u00e9cessaire pour broder votre propre ex-voto, joyeux et color\u00e9.\" \/>\n<meta property=\"og:url\" content=\"https:\/\/www.lhonorable.com\/en\/produit\/loeil-protecteurkit-de-broderie\/\" \/>\n<meta property=\"og:site_name\" content=\"L&#039;HONORABLE\" \/>\n<meta property=\"article:publisher\" content=\"https:\/\/www.facebook.com\/lHonorableElodieJoly\/\" \/>\n<meta property=\"article:modified_time\" content=\"2026-04-17T07:59:25+00:00\" \/>\n<meta property=\"og:image\" content=\"https:\/\/www.lhonorable.com\/wp-content\/uploads\/2025\/03\/IMG_3935-1.jpg\" \/>\n\t<meta property=\"og:image:width\" content=\"810\" \/>\n\t<meta property=\"og:image:height\" content=\"1080\" \/>\n\t<meta property=\"og:image:type\" content=\"image\/jpeg\" \/>\n<meta name=\"twitter:card\" content=\"summary_large_image\" \/>\n<meta name=\"twitter:label1\" content=\"Est. reading time\" \/>\n\t<meta name=\"twitter:data1\" content=\"1 minute\" \/>\n<script type=\"application\/ld+json\" class=\"yoast-schema-graph\">{\"@context\":\"https:\/\/schema.org\",\"@graph\":[{\"@type\":\"WebPage\",\"@id\":\"https:\/\/www.lhonorable.com\/en\/produit\/loeil-protecteurkit-de-broderie\/\",\"url\":\"https:\/\/www.lhonorable.com\/en\/produit\/loeil-protecteurkit-de-broderie\/\",\"name\":\"L'OEIL PROTECTEURKit de Broderie - L&#039;HONORABLE\",\"isPartOf\":{\"@id\":\"https:\/\/www.lhonorable.com\/en\/#website\"},\"primaryImageOfPage\":{\"@id\":\"https:\/\/www.lhonorable.com\/en\/produit\/loeil-protecteurkit-de-broderie\/#primaryimage\"},\"image\":{\"@id\":\"https:\/\/www.lhonorable.com\/en\/produit\/loeil-protecteurkit-de-broderie\/#primaryimage\"},\"thumbnailUrl\":\"https:\/\/www.lhonorable.com\/wp-content\/uploads\/2025\/03\/IMG_3935-1.jpg\",\"datePublished\":\"2026-04-07T12:00:30+00:00\",\"dateModified\":\"2026-04-17T07:59:25+00:00\",\"description\":\"Ce kit de broderie aux allures tr\u00e8s Haute Couture, contient tout le n\u00e9cessaire pour broder votre propre ex-voto, joyeux et color\u00e9.\",\"breadcrumb\":{\"@id\":\"https:\/\/www.lhonorable.com\/en\/produit\/loeil-protecteurkit-de-broderie\/#breadcrumb\"},\"inLanguage\":\"en-US\",\"potentialAction\":[{\"@type\":\"ReadAction\",\"target\":[\"https:\/\/www.lhonorable.com\/en\/produit\/loeil-protecteurkit-de-broderie\/\"]}]},{\"@type\":\"ImageObject\",\"inLanguage\":\"en-US\",\"@id\":\"https:\/\/www.lhonorable.com\/en\/produit\/loeil-protecteurkit-de-broderie\/#primaryimage\",\"url\":\"https:\/\/www.lhonorable.com\/wp-content\/uploads\/2025\/03\/IMG_3935-1.jpg\",\"contentUrl\":\"https:\/\/www.lhonorable.com\/wp-content\/uploads\/2025\/03\/IMG_3935-1.jpg\",\"width\":810,\"height\":1080,\"caption\":\"kit de broderie moderne et joyeuse. \u0152il protecteur. broderie fantaisie\"},{\"@type\":\"BreadcrumbList\",\"@id\":\"https:\/\/www.lhonorable.com\/en\/produit\/loeil-protecteurkit-de-broderie\/#breadcrumb\",\"itemListElement\":[{\"@type\":\"ListItem\",\"position\":1,\"name\":\"Shop\",\"item\":\"https:\/\/www.lhonorable.com\/shop\/?lang=en\"},{\"@type\":\"ListItem\",\"position\":2,\"name\":\"L&rsquo;OEIL PROTECTEURKit de Broderie\"}]},{\"@type\":\"WebSite\",\"@id\":\"https:\/\/www.lhonorable.com\/en\/#website\",\"url\":\"https:\/\/www.lhonorable.com\/en\/\",\"name\":\"L&#039;HONORABLE\",\"description\":\"Maison fran\u00e7aise de bijoux brod\u00e9s \u00e0 la main\",\"publisher\":{\"@id\":\"https:\/\/www.lhonorable.com\/en\/#organization\"},\"potentialAction\":[{\"@type\":\"SearchAction\",\"target\":{\"@type\":\"EntryPoint\",\"urlTemplate\":\"https:\/\/www.lhonorable.com\/en\/?s={search_term_string}\"},\"query-input\":{\"@type\":\"PropertyValueSpecification\",\"valueRequired\":true,\"valueName\":\"search_term_string\"}}],\"inLanguage\":\"en-US\"},{\"@type\":\"Organization\",\"@id\":\"https:\/\/www.lhonorable.com\/en\/#organization\",\"name\":\"L&#039;HONORABLE\",\"url\":\"https:\/\/www.lhonorable.com\/en\/\",\"logo\":{\"@type\":\"ImageObject\",\"inLanguage\":\"en-US\",\"@id\":\"https:\/\/www.lhonorable.com\/en\/#\/schema\/logo\/image\/\",\"url\":\"https:\/\/www.lhonorable.com\/wp-content\/uploads\/2022\/11\/logo.png\",\"contentUrl\":\"https:\/\/www.lhonorable.com\/wp-content\/uploads\/2022\/11\/logo.png\",\"width\":160,\"height\":97,\"caption\":\"L&#039;HONORABLE\"},\"image\":{\"@id\":\"https:\/\/www.lhonorable.com\/en\/#\/schema\/logo\/image\/\"},\"sameAs\":[\"https:\/\/www.facebook.com\/lHonorableElodieJoly\/\",\"https:\/\/www.instagram.com\/lhonorable.bijouxbrodes\/\",\"https:\/\/www.pinterest.fr\/lhonorable0282\/\"]}]}<\/script>\n<!-- \/ Yoast SEO plugin. -->","yoast_head_json":{"title":"L'OEIL PROTECTEURKit de Broderie - L&#039;HONORABLE","description":"Ce kit de broderie aux allures tr\u00e8s Haute Couture, contient tout le n\u00e9cessaire pour broder votre propre ex-voto, joyeux et color\u00e9.","robots":{"index":"index","follow":"follow","max-snippet":"max-snippet:-1","max-image-preview":"max-image-preview:large","max-video-preview":"max-video-preview:-1"},"canonical":"https:\/\/www.lhonorable.com\/en\/produit\/loeil-protecteurkit-de-broderie\/","og_locale":"en_US","og_type":"article","og_title":"L'OEIL PROTECTEURKit de Broderie - L&#039;HONORABLE","og_description":"Ce kit de broderie aux allures tr\u00e8s Haute Couture, contient tout le n\u00e9cessaire pour broder votre propre ex-voto, joyeux et color\u00e9.","og_url":"https:\/\/www.lhonorable.com\/en\/produit\/loeil-protecteurkit-de-broderie\/","og_site_name":"L&#039;HONORABLE","article_publisher":"https:\/\/www.facebook.com\/lHonorableElodieJoly\/","article_modified_time":"2026-04-17T07:59:25+00:00","og_image":[{"width":810,"height":1080,"url":"https:\/\/www.lhonorable.com\/wp-content\/uploads\/2025\/03\/IMG_3935-1.jpg","type":"image\/jpeg"}],"twitter_card":"summary_large_image","twitter_misc":{"Est. reading time":"1 minute"},"schema":{"@context":"https:\/\/schema.org","@graph":[{"@type":"WebPage","@id":"https:\/\/www.lhonorable.com\/en\/produit\/loeil-protecteurkit-de-broderie\/","url":"https:\/\/www.lhonorable.com\/en\/produit\/loeil-protecteurkit-de-broderie\/","name":"L'OEIL PROTECTEURKit de Broderie - L&#039;HONORABLE","isPartOf":{"@id":"https:\/\/www.lhonorable.com\/en\/#website"},"primaryImageOfPage":{"@id":"https:\/\/www.lhonorable.com\/en\/produit\/loeil-protecteurkit-de-broderie\/#primaryimage"},"image":{"@id":"https:\/\/www.lhonorable.com\/en\/produit\/loeil-protecteurkit-de-broderie\/#primaryimage"},"thumbnailUrl":"https:\/\/www.lhonorable.com\/wp-content\/uploads\/2025\/03\/IMG_3935-1.jpg","datePublished":"2026-04-07T12:00:30+00:00","dateModified":"2026-04-17T07:59:25+00:00","description":"Ce kit de broderie aux allures tr\u00e8s Haute Couture, contient tout le n\u00e9cessaire pour broder votre propre ex-voto, joyeux et color\u00e9.","breadcrumb":{"@id":"https:\/\/www.lhonorable.com\/en\/produit\/loeil-protecteurkit-de-broderie\/#breadcrumb"},"inLanguage":"en-US","potentialAction":[{"@type":"ReadAction","target":["https:\/\/www.lhonorable.com\/en\/produit\/loeil-protecteurkit-de-broderie\/"]}]},{"@type":"ImageObject","inLanguage":"en-US","@id":"https:\/\/www.lhonorable.com\/en\/produit\/loeil-protecteurkit-de-broderie\/#primaryimage","url":"https:\/\/www.lhonorable.com\/wp-content\/uploads\/2025\/03\/IMG_3935-1.jpg","contentUrl":"https:\/\/www.lhonorable.com\/wp-content\/uploads\/2025\/03\/IMG_3935-1.jpg","width":810,"height":1080,"caption":"kit de broderie moderne et joyeuse. \u0152il protecteur. broderie fantaisie"},{"@type":"BreadcrumbList","@id":"https:\/\/www.lhonorable.com\/en\/produit\/loeil-protecteurkit-de-broderie\/#breadcrumb","itemListElement":[{"@type":"ListItem","position":1,"name":"Shop","item":"https:\/\/www.lhonorable.com\/shop\/?lang=en"},{"@type":"ListItem","position":2,"name":"L&rsquo;OEIL PROTECTEURKit de Broderie"}]},{"@type":"WebSite","@id":"https:\/\/www.lhonorable.com\/en\/#website","url":"https:\/\/www.lhonorable.com\/en\/","name":"L&#039;HONORABLE","description":"Maison fran\u00e7aise de bijoux brod\u00e9s \u00e0 la main","publisher":{"@id":"https:\/\/www.lhonorable.com\/en\/#organization"},"potentialAction":[{"@type":"SearchAction","target":{"@type":"EntryPoint","urlTemplate":"https:\/\/www.lhonorable.com\/en\/?s={search_term_string}"},"query-input":{"@type":"PropertyValueSpecification","valueRequired":true,"valueName":"search_term_string"}}],"inLanguage":"en-US"},{"@type":"Organization","@id":"https:\/\/www.lhonorable.com\/en\/#organization","name":"L&#039;HONORABLE","url":"https:\/\/www.lhonorable.com\/en\/","logo":{"@type":"ImageObject","inLanguage":"en-US","@id":"https:\/\/www.lhonorable.com\/en\/#\/schema\/logo\/image\/","url":"https:\/\/www.lhonorable.com\/wp-content\/uploads\/2022\/11\/logo.png","contentUrl":"https:\/\/www.lhonorable.com\/wp-content\/uploads\/2022\/11\/logo.png","width":160,"height":97,"caption":"L&#039;HONORABLE"},"image":{"@id":"https:\/\/www.lhonorable.com\/en\/#\/schema\/logo\/image\/"},"sameAs":["https:\/\/www.facebook.com\/lHonorableElodieJoly\/","https:\/\/www.instagram.com\/lhonorable.bijouxbrodes\/","https:\/\/www.pinterest.fr\/lhonorable0282\/"]}]}},"_links":{"self":[{"href":"https:\/\/www.lhonorable.com\/en\/wp-json\/wp\/v2\/product\/962084","targetHints":{"allow":["GET"]}}],"collection":[{"href":"https:\/\/www.lhonorable.com\/en\/wp-json\/wp\/v2\/product"}],"about":[{"href":"https:\/\/www.lhonorable.com\/en\/wp-json\/wp\/v2\/types\/product"}],"wp:featuredmedia":[{"embeddable":true,"href":"https:\/\/www.lhonorable.com\/en\/wp-json\/wp\/v2\/media\/962114"}],"wp:attachment":[{"href":"https:\/\/www.lhonorable.com\/en\/wp-json\/wp\/v2\/media?parent=962084"}],"wp:term":[{"taxonomy":"product_brand","embeddable":true,"href":"https:\/\/www.lhonorable.com\/en\/wp-json\/wp\/v2\/product_brand?post=962084"},{"taxonomy":"product_cat","embeddable":true,"href":"https:\/\/www.lhonorable.com\/en\/wp-json\/wp\/v2\/product_cat?post=962084"},{"taxonomy":"product_tag","embeddable":true,"href":"https:\/\/www.lhonorable.com\/en\/wp-json\/wp\/v2\/product_tag?post=962084"}],"curies":[{"name":"wp","href":"https:\/\/api.w.org\/{rel}","templated":true}]}}