{"id":60431,"date":"2023-07-13T17:08:54","date_gmt":"2023-07-13T15:08:54","guid":{"rendered":"https:\/\/www.lhonorable.com\/?post_type=product&#038;p=60431"},"modified":"2024-12-10T10:01:27","modified_gmt":"2024-12-10T09:01:27","slug":"le-majestueux-bleu","status":"publish","type":"product","link":"https:\/\/www.lhonorable.com\/en\/produit\/le-majestueux-bleu\/","title":{"rendered":"Le Majestueux \/ BLEU<span class=\"htitleshop\">Kit de Broderie<\/span>"},"content":{"rendered":"<p>\u2764\u00a0Pens\u00e9 comme un accessoire de d\u00e9coration, ce kit aux allures tr\u00e8s Haute Couture, contient tout le n\u00e9cessaire pour broder votre propre ex-voto, joyeux et color\u00e9.<br \/>\nPas besoin de connaissances techniques particuli\u00e8res pour se lancer, ce kit s&#8217;adresse aux novices comme aux initi\u00e9.es et vous apprendra, de fa\u00e7on simple et d\u00e9taill\u00e9e gr\u00e2ce \u00e0 sa fiche explicative, \u00e0 poser perles, paillettes et cristaux.<\/p>\n<p><span style=\"text-decoration: underline;\"><strong>Ce kit contient:<\/strong><\/span><\/p>\n<ul>\n<li>Une toile imprim\u00e9e (pr\u00e8s de Nantes)<\/li>\n<li>Deux aiguilles fabriqu\u00e9es en France chez BOHIN: 1 \u00e0 broder et 1 \u00e0 perler<\/li>\n<li>Un tambour en bois naturel (diam 18,5 cm) fabriqu\u00e9 en France<\/li>\n<li>Une fiche explicative avec des pas \u00e0 pas pour mieux vous guider<\/li>\n<li>Un set de perles, paillettes, sequins et cristaux tout droit sortis de l&#8217;atelier de bijoux brod\u00e9s l&#8217;Honorable<\/li>\n<\/ul>\n<p>\u2764 N&#8217;h\u00e9sitez pas \u00e0 me partager votre cr\u00e9ation brod\u00e9e sur Instagram (@lhonorable.bijouxbrodes), je serai ravie de d\u00e9couvrir vos ex-voto!<\/p>\n","protected":false},"excerpt":{"rendered":"<p>Kit de broderie moderne et joyeuse<\/p>\n","protected":false},"featured_media":60439,"template":"","meta":[],"product_brand":[],"product_cat":[26,27],"product_tag":[],"class_list":{"0":"post-60431","1":"product","2":"type-product","3":"status-publish","4":"has-post-thumbnail","6":"product_cat-bijoux-de-maison","7":"product_cat-les-kits-de-broderie","8":"product_shipping_class-les-kits-de-broderie","10":"first","11":"outofstock","12":"purchasable","13":"product-type-simple"},"yoast_head":"<!-- This site is optimized with the Yoast SEO plugin v27.2 - https:\/\/yoast.com\/product\/yoast-seo-wordpress\/ -->\n<title>Le Majestueux \/ BLEUKit de Broderie - L&#039;HONORABLE<\/title>\n<meta name=\"description\" content=\"Ce kit aux allures tr\u00e8s Haute Couture, contient tout le n\u00e9cessaire pour broder votre propre ex-voto, joyeux et color\u00e9.\" \/>\n<meta name=\"robots\" content=\"index, follow, max-snippet:-1, max-image-preview:large, max-video-preview:-1\" \/>\n<link rel=\"canonical\" href=\"https:\/\/www.lhonorable.com\/en\/produit\/le-majestueux-bleu\/\" \/>\n<meta property=\"og:locale\" content=\"en_US\" \/>\n<meta property=\"og:type\" content=\"article\" \/>\n<meta property=\"og:title\" content=\"Le Majestueux \/ BLEUKit de Broderie - L&#039;HONORABLE\" \/>\n<meta property=\"og:description\" content=\"Ce kit aux allures tr\u00e8s Haute Couture, contient tout le n\u00e9cessaire pour broder votre propre ex-voto, joyeux et color\u00e9.\" \/>\n<meta property=\"og:url\" content=\"https:\/\/www.lhonorable.com\/en\/produit\/le-majestueux-bleu\/\" \/>\n<meta property=\"og:site_name\" content=\"L&#039;HONORABLE\" \/>\n<meta property=\"article:publisher\" content=\"https:\/\/www.facebook.com\/lHonorableElodieJoly\/\" \/>\n<meta property=\"article:modified_time\" content=\"2024-12-10T09:01:27+00:00\" \/>\n<meta property=\"og:image\" content=\"https:\/\/www.lhonorable.com\/wp-content\/uploads\/2023\/07\/lHonorable-kit-de-broderie-LeMajestueux-bleu-min.jpg\" \/>\n\t<meta property=\"og:image:width\" content=\"945\" \/>\n\t<meta property=\"og:image:height\" content=\"946\" \/>\n\t<meta property=\"og:image:type\" content=\"image\/jpeg\" \/>\n<meta name=\"twitter:card\" content=\"summary_large_image\" \/>\n<meta name=\"twitter:label1\" content=\"Est. reading time\" \/>\n\t<meta name=\"twitter:data1\" content=\"1 minute\" \/>\n<script type=\"application\/ld+json\" class=\"yoast-schema-graph\">{\"@context\":\"https:\/\/schema.org\",\"@graph\":[{\"@type\":\"WebPage\",\"@id\":\"https:\/\/www.lhonorable.com\/en\/produit\/le-majestueux-bleu\/\",\"url\":\"https:\/\/www.lhonorable.com\/en\/produit\/le-majestueux-bleu\/\",\"name\":\"Le Majestueux \/ BLEUKit de Broderie - L&#039;HONORABLE\",\"isPartOf\":{\"@id\":\"https:\/\/www.lhonorable.com\/en\/#website\"},\"primaryImageOfPage\":{\"@id\":\"https:\/\/www.lhonorable.com\/en\/produit\/le-majestueux-bleu\/#primaryimage\"},\"image\":{\"@id\":\"https:\/\/www.lhonorable.com\/en\/produit\/le-majestueux-bleu\/#primaryimage\"},\"thumbnailUrl\":\"https:\/\/www.lhonorable.com\/wp-content\/uploads\/2023\/07\/lHonorable-kit-de-broderie-LeMajestueux-bleu-min.jpg\",\"datePublished\":\"2023-07-13T15:08:54+00:00\",\"dateModified\":\"2024-12-10T09:01:27+00:00\",\"description\":\"Ce kit aux allures tr\u00e8s Haute Couture, contient tout le n\u00e9cessaire pour broder votre propre ex-voto, joyeux et color\u00e9.\",\"breadcrumb\":{\"@id\":\"https:\/\/www.lhonorable.com\/en\/produit\/le-majestueux-bleu\/#breadcrumb\"},\"inLanguage\":\"en-US\",\"potentialAction\":[{\"@type\":\"ReadAction\",\"target\":[\"https:\/\/www.lhonorable.com\/en\/produit\/le-majestueux-bleu\/\"]}]},{\"@type\":\"ImageObject\",\"inLanguage\":\"en-US\",\"@id\":\"https:\/\/www.lhonorable.com\/en\/produit\/le-majestueux-bleu\/#primaryimage\",\"url\":\"https:\/\/www.lhonorable.com\/wp-content\/uploads\/2023\/07\/lHonorable-kit-de-broderie-LeMajestueux-bleu-min.jpg\",\"contentUrl\":\"https:\/\/www.lhonorable.com\/wp-content\/uploads\/2023\/07\/lHonorable-kit-de-broderie-LeMajestueux-bleu-min.jpg\",\"width\":945,\"height\":946,\"caption\":\"kit de broderie\"},{\"@type\":\"BreadcrumbList\",\"@id\":\"https:\/\/www.lhonorable.com\/en\/produit\/le-majestueux-bleu\/#breadcrumb\",\"itemListElement\":[{\"@type\":\"ListItem\",\"position\":1,\"name\":\"Shop\",\"item\":\"https:\/\/www.lhonorable.com\/shop\/?lang=en\"},{\"@type\":\"ListItem\",\"position\":2,\"name\":\"Le Majestueux \/ BLEUKit de Broderie\"}]},{\"@type\":\"WebSite\",\"@id\":\"https:\/\/www.lhonorable.com\/en\/#website\",\"url\":\"https:\/\/www.lhonorable.com\/en\/\",\"name\":\"L&#039;HONORABLE\",\"description\":\"Maison fran\u00e7aise de bijoux brod\u00e9s \u00e0 la main\",\"publisher\":{\"@id\":\"https:\/\/www.lhonorable.com\/en\/#organization\"},\"potentialAction\":[{\"@type\":\"SearchAction\",\"target\":{\"@type\":\"EntryPoint\",\"urlTemplate\":\"https:\/\/www.lhonorable.com\/en\/?s={search_term_string}\"},\"query-input\":{\"@type\":\"PropertyValueSpecification\",\"valueRequired\":true,\"valueName\":\"search_term_string\"}}],\"inLanguage\":\"en-US\"},{\"@type\":\"Organization\",\"@id\":\"https:\/\/www.lhonorable.com\/en\/#organization\",\"name\":\"L&#039;HONORABLE\",\"url\":\"https:\/\/www.lhonorable.com\/en\/\",\"logo\":{\"@type\":\"ImageObject\",\"inLanguage\":\"en-US\",\"@id\":\"https:\/\/www.lhonorable.com\/en\/#\/schema\/logo\/image\/\",\"url\":\"https:\/\/www.lhonorable.com\/wp-content\/uploads\/2022\/11\/logo.png\",\"contentUrl\":\"https:\/\/www.lhonorable.com\/wp-content\/uploads\/2022\/11\/logo.png\",\"width\":160,\"height\":97,\"caption\":\"L&#039;HONORABLE\"},\"image\":{\"@id\":\"https:\/\/www.lhonorable.com\/en\/#\/schema\/logo\/image\/\"},\"sameAs\":[\"https:\/\/www.facebook.com\/lHonorableElodieJoly\/\",\"https:\/\/www.instagram.com\/lhonorable.bijouxbrodes\/\",\"https:\/\/www.pinterest.fr\/lhonorable0282\/\"]}]}<\/script>\n<!-- \/ Yoast SEO plugin. -->","yoast_head_json":{"title":"Le Majestueux \/ BLEUKit de Broderie - L&#039;HONORABLE","description":"Ce kit aux allures tr\u00e8s Haute Couture, contient tout le n\u00e9cessaire pour broder votre propre ex-voto, joyeux et color\u00e9.","robots":{"index":"index","follow":"follow","max-snippet":"max-snippet:-1","max-image-preview":"max-image-preview:large","max-video-preview":"max-video-preview:-1"},"canonical":"https:\/\/www.lhonorable.com\/en\/produit\/le-majestueux-bleu\/","og_locale":"en_US","og_type":"article","og_title":"Le Majestueux \/ BLEUKit de Broderie - L&#039;HONORABLE","og_description":"Ce kit aux allures tr\u00e8s Haute Couture, contient tout le n\u00e9cessaire pour broder votre propre ex-voto, joyeux et color\u00e9.","og_url":"https:\/\/www.lhonorable.com\/en\/produit\/le-majestueux-bleu\/","og_site_name":"L&#039;HONORABLE","article_publisher":"https:\/\/www.facebook.com\/lHonorableElodieJoly\/","article_modified_time":"2024-12-10T09:01:27+00:00","og_image":[{"width":945,"height":946,"url":"https:\/\/www.lhonorable.com\/wp-content\/uploads\/2023\/07\/lHonorable-kit-de-broderie-LeMajestueux-bleu-min.jpg","type":"image\/jpeg"}],"twitter_card":"summary_large_image","twitter_misc":{"Est. reading time":"1 minute"},"schema":{"@context":"https:\/\/schema.org","@graph":[{"@type":"WebPage","@id":"https:\/\/www.lhonorable.com\/en\/produit\/le-majestueux-bleu\/","url":"https:\/\/www.lhonorable.com\/en\/produit\/le-majestueux-bleu\/","name":"Le Majestueux \/ BLEUKit de Broderie - L&#039;HONORABLE","isPartOf":{"@id":"https:\/\/www.lhonorable.com\/en\/#website"},"primaryImageOfPage":{"@id":"https:\/\/www.lhonorable.com\/en\/produit\/le-majestueux-bleu\/#primaryimage"},"image":{"@id":"https:\/\/www.lhonorable.com\/en\/produit\/le-majestueux-bleu\/#primaryimage"},"thumbnailUrl":"https:\/\/www.lhonorable.com\/wp-content\/uploads\/2023\/07\/lHonorable-kit-de-broderie-LeMajestueux-bleu-min.jpg","datePublished":"2023-07-13T15:08:54+00:00","dateModified":"2024-12-10T09:01:27+00:00","description":"Ce kit aux allures tr\u00e8s Haute Couture, contient tout le n\u00e9cessaire pour broder votre propre ex-voto, joyeux et color\u00e9.","breadcrumb":{"@id":"https:\/\/www.lhonorable.com\/en\/produit\/le-majestueux-bleu\/#breadcrumb"},"inLanguage":"en-US","potentialAction":[{"@type":"ReadAction","target":["https:\/\/www.lhonorable.com\/en\/produit\/le-majestueux-bleu\/"]}]},{"@type":"ImageObject","inLanguage":"en-US","@id":"https:\/\/www.lhonorable.com\/en\/produit\/le-majestueux-bleu\/#primaryimage","url":"https:\/\/www.lhonorable.com\/wp-content\/uploads\/2023\/07\/lHonorable-kit-de-broderie-LeMajestueux-bleu-min.jpg","contentUrl":"https:\/\/www.lhonorable.com\/wp-content\/uploads\/2023\/07\/lHonorable-kit-de-broderie-LeMajestueux-bleu-min.jpg","width":945,"height":946,"caption":"kit de broderie"},{"@type":"BreadcrumbList","@id":"https:\/\/www.lhonorable.com\/en\/produit\/le-majestueux-bleu\/#breadcrumb","itemListElement":[{"@type":"ListItem","position":1,"name":"Shop","item":"https:\/\/www.lhonorable.com\/shop\/?lang=en"},{"@type":"ListItem","position":2,"name":"Le Majestueux \/ BLEUKit de Broderie"}]},{"@type":"WebSite","@id":"https:\/\/www.lhonorable.com\/en\/#website","url":"https:\/\/www.lhonorable.com\/en\/","name":"L&#039;HONORABLE","description":"Maison fran\u00e7aise de bijoux brod\u00e9s \u00e0 la main","publisher":{"@id":"https:\/\/www.lhonorable.com\/en\/#organization"},"potentialAction":[{"@type":"SearchAction","target":{"@type":"EntryPoint","urlTemplate":"https:\/\/www.lhonorable.com\/en\/?s={search_term_string}"},"query-input":{"@type":"PropertyValueSpecification","valueRequired":true,"valueName":"search_term_string"}}],"inLanguage":"en-US"},{"@type":"Organization","@id":"https:\/\/www.lhonorable.com\/en\/#organization","name":"L&#039;HONORABLE","url":"https:\/\/www.lhonorable.com\/en\/","logo":{"@type":"ImageObject","inLanguage":"en-US","@id":"https:\/\/www.lhonorable.com\/en\/#\/schema\/logo\/image\/","url":"https:\/\/www.lhonorable.com\/wp-content\/uploads\/2022\/11\/logo.png","contentUrl":"https:\/\/www.lhonorable.com\/wp-content\/uploads\/2022\/11\/logo.png","width":160,"height":97,"caption":"L&#039;HONORABLE"},"image":{"@id":"https:\/\/www.lhonorable.com\/en\/#\/schema\/logo\/image\/"},"sameAs":["https:\/\/www.facebook.com\/lHonorableElodieJoly\/","https:\/\/www.instagram.com\/lhonorable.bijouxbrodes\/","https:\/\/www.pinterest.fr\/lhonorable0282\/"]}]}},"_links":{"self":[{"href":"https:\/\/www.lhonorable.com\/en\/wp-json\/wp\/v2\/product\/60431","targetHints":{"allow":["GET"]}}],"collection":[{"href":"https:\/\/www.lhonorable.com\/en\/wp-json\/wp\/v2\/product"}],"about":[{"href":"https:\/\/www.lhonorable.com\/en\/wp-json\/wp\/v2\/types\/product"}],"wp:featuredmedia":[{"embeddable":true,"href":"https:\/\/www.lhonorable.com\/en\/wp-json\/wp\/v2\/media\/60439"}],"wp:attachment":[{"href":"https:\/\/www.lhonorable.com\/en\/wp-json\/wp\/v2\/media?parent=60431"}],"wp:term":[{"taxonomy":"product_brand","embeddable":true,"href":"https:\/\/www.lhonorable.com\/en\/wp-json\/wp\/v2\/product_brand?post=60431"},{"taxonomy":"product_cat","embeddable":true,"href":"https:\/\/www.lhonorable.com\/en\/wp-json\/wp\/v2\/product_cat?post=60431"},{"taxonomy":"product_tag","embeddable":true,"href":"https:\/\/www.lhonorable.com\/en\/wp-json\/wp\/v2\/product_tag?post=60431"}],"curies":[{"name":"wp","href":"https:\/\/api.w.org\/{rel}","templated":true}]}}