{"id":29674,"date":"2023-06-09T09:19:41","date_gmt":"2023-06-09T07:19:41","guid":{"rendered":"https:\/\/www.lhonorable.com\/?post_type=product&#038;p=29674"},"modified":"2024-03-13T09:44:02","modified_gmt":"2024-03-13T08:44:02","slug":"ex-voto-en-metal-29-marsatelier","status":"publish","type":"product","link":"https:\/\/www.lhonorable.com\/en\/produit\/ex-voto-en-metal-29-marsatelier\/","title":{"rendered":"Ex-voto en m\u00e9tal &#8211; 29 MARS<span class=\"htitleshop\">Atelier<\/span>"},"content":{"rendered":"<p><em>\u00a0<\/em>\u2764 Ajoutez une touche personnelle et insolite \u00e0 votre d\u00e9co et venez cr\u00e9er pendant deux heures votre propre ex-voto en d\u00e9couvrant la technique du m\u00e9tal \u00e0 repousser.<\/p>\n<p>Pas besoin de savoir dessiner, je dessine moi-m\u00eame tous les mod\u00e8les d\u2019ex-voto que je vous propose en exclusivit\u00e9 pour cet atelier. Ils vous attendent sur place, vous n\u2019avez plus qu\u2019\u00e0 choisir votre pr\u00e9f\u00e9r\u00e9\u00a0!<\/p>\n<p>A l\u2019issu de l\u2019atelier, vous repartez avec votre ex-voto encadr\u00e9 ou simplement pr\u00eat \u00e0 exposer au mur. De quoi embellir votre cabinet de curiosit\u00e9s.<br \/>\n&#8211; atelier de 2h<br \/>\n&#8211; niveau d\u00e9butant (Kids friendly \u00e0 partir de 8-9 ans)<br \/>\n&#8211; prix\u00a0: 42\u20ac<br \/>\n&#8211; Tout le mat\u00e9riel n\u00e9cessaire est inclus dans l&#8217;atelier<\/p>\n<p>\u2764 Lieu de l&#8217;atelier: Le Showroom LE PUZZLE, au 24 rue Cr\u00e9billon,<br \/>\nEntr\u00e9e libre par le porche de l&#8217;H\u00f4tel de France, porte de droite avec miroirs \u2013 Le Showroom est au 1er \u00e9tage \u00e0 droite.<\/p>\n<p>\u2764 Date: mercredi 29 mars de 14h \u00e0 16h30.<\/p>\n","protected":false},"excerpt":{"rendered":"<p>Atelier pour r\u00e9aliser son propre ex-voto en d\u00e9couvrant la technique du m\u00e9tal repouss\u00e9.<\/p>\n","protected":false},"featured_media":29697,"template":"","meta":[],"product_brand":[],"product_cat":[77],"product_tag":[],"class_list":{"0":"post-29674","1":"product","2":"type-product","3":"status-publish","4":"has-post-thumbnail","6":"product_cat-ateliers","8":"first","9":"outofstock","10":"virtual","11":"purchasable","12":"product-type-simple"},"yoast_head":"<!-- This site is optimized with the Yoast SEO plugin v27.2 - https:\/\/yoast.com\/product\/yoast-seo-wordpress\/ -->\n<title>Ex-voto en m\u00e9tal - 29 MARSAtelier - L&#039;HONORABLE<\/title>\n<meta name=\"description\" content=\"Ajoutez une touche personnelle et insolite \u00e0 votre d\u00e9co et venez cr\u00e9er pendant deux heures votre propre ex-voto en d\u00e9couvrant la technique du m\u00e9tal repouss\u00e9\" \/>\n<meta name=\"robots\" content=\"index, follow, max-snippet:-1, max-image-preview:large, max-video-preview:-1\" \/>\n<link rel=\"canonical\" href=\"https:\/\/www.lhonorable.com\/en\/produit\/ex-voto-en-metal-29-marsatelier\/\" \/>\n<meta property=\"og:locale\" content=\"en_US\" \/>\n<meta property=\"og:type\" content=\"article\" \/>\n<meta property=\"og:title\" content=\"Ex-voto en m\u00e9tal - 29 MARSAtelier - L&#039;HONORABLE\" \/>\n<meta property=\"og:description\" content=\"Ajoutez une touche personnelle et insolite \u00e0 votre d\u00e9co et venez cr\u00e9er pendant deux heures votre propre ex-voto en d\u00e9couvrant la technique du m\u00e9tal repouss\u00e9\" \/>\n<meta property=\"og:url\" content=\"https:\/\/www.lhonorable.com\/en\/produit\/ex-voto-en-metal-29-marsatelier\/\" \/>\n<meta property=\"og:site_name\" content=\"L&#039;HONORABLE\" \/>\n<meta property=\"article:publisher\" content=\"https:\/\/www.facebook.com\/lHonorableElodieJoly\/\" \/>\n<meta property=\"article:modified_time\" content=\"2024-03-13T08:44:02+00:00\" \/>\n<meta property=\"og:image\" content=\"https:\/\/www.lhonorable.com\/wp-content\/uploads\/2023\/06\/lHonorable-ATELIER-metal.jpg\" \/>\n\t<meta property=\"og:image:width\" content=\"945\" \/>\n\t<meta property=\"og:image:height\" content=\"1100\" \/>\n\t<meta property=\"og:image:type\" content=\"image\/jpeg\" \/>\n<meta name=\"twitter:card\" content=\"summary_large_image\" \/>\n<meta name=\"twitter:label1\" content=\"Est. reading time\" \/>\n\t<meta name=\"twitter:data1\" content=\"1 minute\" \/>\n<script type=\"application\/ld+json\" class=\"yoast-schema-graph\">{\"@context\":\"https:\/\/schema.org\",\"@graph\":[{\"@type\":\"WebPage\",\"@id\":\"https:\/\/www.lhonorable.com\/en\/produit\/ex-voto-en-metal-29-marsatelier\/\",\"url\":\"https:\/\/www.lhonorable.com\/en\/produit\/ex-voto-en-metal-29-marsatelier\/\",\"name\":\"Ex-voto en m\u00e9tal - 29 MARSAtelier - L&#039;HONORABLE\",\"isPartOf\":{\"@id\":\"https:\/\/www.lhonorable.com\/en\/#website\"},\"primaryImageOfPage\":{\"@id\":\"https:\/\/www.lhonorable.com\/en\/produit\/ex-voto-en-metal-29-marsatelier\/#primaryimage\"},\"image\":{\"@id\":\"https:\/\/www.lhonorable.com\/en\/produit\/ex-voto-en-metal-29-marsatelier\/#primaryimage\"},\"thumbnailUrl\":\"https:\/\/www.lhonorable.com\/wp-content\/uploads\/2023\/06\/lHonorable-ATELIER-metal.jpg\",\"datePublished\":\"2023-06-09T07:19:41+00:00\",\"dateModified\":\"2024-03-13T08:44:02+00:00\",\"description\":\"Ajoutez une touche personnelle et insolite \u00e0 votre d\u00e9co et venez cr\u00e9er pendant deux heures votre propre ex-voto en d\u00e9couvrant la technique du m\u00e9tal repouss\u00e9\",\"breadcrumb\":{\"@id\":\"https:\/\/www.lhonorable.com\/en\/produit\/ex-voto-en-metal-29-marsatelier\/#breadcrumb\"},\"inLanguage\":\"en-US\",\"potentialAction\":[{\"@type\":\"ReadAction\",\"target\":[\"https:\/\/www.lhonorable.com\/en\/produit\/ex-voto-en-metal-29-marsatelier\/\"]}]},{\"@type\":\"ImageObject\",\"inLanguage\":\"en-US\",\"@id\":\"https:\/\/www.lhonorable.com\/en\/produit\/ex-voto-en-metal-29-marsatelier\/#primaryimage\",\"url\":\"https:\/\/www.lhonorable.com\/wp-content\/uploads\/2023\/06\/lHonorable-ATELIER-metal.jpg\",\"contentUrl\":\"https:\/\/www.lhonorable.com\/wp-content\/uploads\/2023\/06\/lHonorable-ATELIER-metal.jpg\",\"width\":928,\"height\":1080,\"caption\":\"ex-voto en m\u00e9tal\"},{\"@type\":\"BreadcrumbList\",\"@id\":\"https:\/\/www.lhonorable.com\/en\/produit\/ex-voto-en-metal-29-marsatelier\/#breadcrumb\",\"itemListElement\":[{\"@type\":\"ListItem\",\"position\":1,\"name\":\"Shop\",\"item\":\"https:\/\/www.lhonorable.com\/shop\/?lang=en\"},{\"@type\":\"ListItem\",\"position\":2,\"name\":\"Ex-voto en m\u00e9tal &#8211; 29 MARSAtelier\"}]},{\"@type\":\"WebSite\",\"@id\":\"https:\/\/www.lhonorable.com\/en\/#website\",\"url\":\"https:\/\/www.lhonorable.com\/en\/\",\"name\":\"L&#039;HONORABLE\",\"description\":\"Maison fran\u00e7aise de bijoux brod\u00e9s \u00e0 la main\",\"publisher\":{\"@id\":\"https:\/\/www.lhonorable.com\/en\/#organization\"},\"potentialAction\":[{\"@type\":\"SearchAction\",\"target\":{\"@type\":\"EntryPoint\",\"urlTemplate\":\"https:\/\/www.lhonorable.com\/en\/?s={search_term_string}\"},\"query-input\":{\"@type\":\"PropertyValueSpecification\",\"valueRequired\":true,\"valueName\":\"search_term_string\"}}],\"inLanguage\":\"en-US\"},{\"@type\":\"Organization\",\"@id\":\"https:\/\/www.lhonorable.com\/en\/#organization\",\"name\":\"L&#039;HONORABLE\",\"url\":\"https:\/\/www.lhonorable.com\/en\/\",\"logo\":{\"@type\":\"ImageObject\",\"inLanguage\":\"en-US\",\"@id\":\"https:\/\/www.lhonorable.com\/en\/#\/schema\/logo\/image\/\",\"url\":\"https:\/\/www.lhonorable.com\/wp-content\/uploads\/2022\/11\/logo.png\",\"contentUrl\":\"https:\/\/www.lhonorable.com\/wp-content\/uploads\/2022\/11\/logo.png\",\"width\":160,\"height\":97,\"caption\":\"L&#039;HONORABLE\"},\"image\":{\"@id\":\"https:\/\/www.lhonorable.com\/en\/#\/schema\/logo\/image\/\"},\"sameAs\":[\"https:\/\/www.facebook.com\/lHonorableElodieJoly\/\",\"https:\/\/www.instagram.com\/lhonorable.bijouxbrodes\/\",\"https:\/\/www.pinterest.fr\/lhonorable0282\/\"]}]}<\/script>\n<!-- \/ Yoast SEO plugin. -->","yoast_head_json":{"title":"Ex-voto en m\u00e9tal - 29 MARSAtelier - L&#039;HONORABLE","description":"Ajoutez une touche personnelle et insolite \u00e0 votre d\u00e9co et venez cr\u00e9er pendant deux heures votre propre ex-voto en d\u00e9couvrant la technique du m\u00e9tal repouss\u00e9","robots":{"index":"index","follow":"follow","max-snippet":"max-snippet:-1","max-image-preview":"max-image-preview:large","max-video-preview":"max-video-preview:-1"},"canonical":"https:\/\/www.lhonorable.com\/en\/produit\/ex-voto-en-metal-29-marsatelier\/","og_locale":"en_US","og_type":"article","og_title":"Ex-voto en m\u00e9tal - 29 MARSAtelier - L&#039;HONORABLE","og_description":"Ajoutez une touche personnelle et insolite \u00e0 votre d\u00e9co et venez cr\u00e9er pendant deux heures votre propre ex-voto en d\u00e9couvrant la technique du m\u00e9tal repouss\u00e9","og_url":"https:\/\/www.lhonorable.com\/en\/produit\/ex-voto-en-metal-29-marsatelier\/","og_site_name":"L&#039;HONORABLE","article_publisher":"https:\/\/www.facebook.com\/lHonorableElodieJoly\/","article_modified_time":"2024-03-13T08:44:02+00:00","og_image":[{"width":945,"height":1100,"url":"https:\/\/www.lhonorable.com\/wp-content\/uploads\/2023\/06\/lHonorable-ATELIER-metal.jpg","type":"image\/jpeg"}],"twitter_card":"summary_large_image","twitter_misc":{"Est. reading time":"1 minute"},"schema":{"@context":"https:\/\/schema.org","@graph":[{"@type":"WebPage","@id":"https:\/\/www.lhonorable.com\/en\/produit\/ex-voto-en-metal-29-marsatelier\/","url":"https:\/\/www.lhonorable.com\/en\/produit\/ex-voto-en-metal-29-marsatelier\/","name":"Ex-voto en m\u00e9tal - 29 MARSAtelier - L&#039;HONORABLE","isPartOf":{"@id":"https:\/\/www.lhonorable.com\/en\/#website"},"primaryImageOfPage":{"@id":"https:\/\/www.lhonorable.com\/en\/produit\/ex-voto-en-metal-29-marsatelier\/#primaryimage"},"image":{"@id":"https:\/\/www.lhonorable.com\/en\/produit\/ex-voto-en-metal-29-marsatelier\/#primaryimage"},"thumbnailUrl":"https:\/\/www.lhonorable.com\/wp-content\/uploads\/2023\/06\/lHonorable-ATELIER-metal.jpg","datePublished":"2023-06-09T07:19:41+00:00","dateModified":"2024-03-13T08:44:02+00:00","description":"Ajoutez une touche personnelle et insolite \u00e0 votre d\u00e9co et venez cr\u00e9er pendant deux heures votre propre ex-voto en d\u00e9couvrant la technique du m\u00e9tal repouss\u00e9","breadcrumb":{"@id":"https:\/\/www.lhonorable.com\/en\/produit\/ex-voto-en-metal-29-marsatelier\/#breadcrumb"},"inLanguage":"en-US","potentialAction":[{"@type":"ReadAction","target":["https:\/\/www.lhonorable.com\/en\/produit\/ex-voto-en-metal-29-marsatelier\/"]}]},{"@type":"ImageObject","inLanguage":"en-US","@id":"https:\/\/www.lhonorable.com\/en\/produit\/ex-voto-en-metal-29-marsatelier\/#primaryimage","url":"https:\/\/www.lhonorable.com\/wp-content\/uploads\/2023\/06\/lHonorable-ATELIER-metal.jpg","contentUrl":"https:\/\/www.lhonorable.com\/wp-content\/uploads\/2023\/06\/lHonorable-ATELIER-metal.jpg","width":928,"height":1080,"caption":"ex-voto en m\u00e9tal"},{"@type":"BreadcrumbList","@id":"https:\/\/www.lhonorable.com\/en\/produit\/ex-voto-en-metal-29-marsatelier\/#breadcrumb","itemListElement":[{"@type":"ListItem","position":1,"name":"Shop","item":"https:\/\/www.lhonorable.com\/shop\/?lang=en"},{"@type":"ListItem","position":2,"name":"Ex-voto en m\u00e9tal &#8211; 29 MARSAtelier"}]},{"@type":"WebSite","@id":"https:\/\/www.lhonorable.com\/en\/#website","url":"https:\/\/www.lhonorable.com\/en\/","name":"L&#039;HONORABLE","description":"Maison fran\u00e7aise de bijoux brod\u00e9s \u00e0 la main","publisher":{"@id":"https:\/\/www.lhonorable.com\/en\/#organization"},"potentialAction":[{"@type":"SearchAction","target":{"@type":"EntryPoint","urlTemplate":"https:\/\/www.lhonorable.com\/en\/?s={search_term_string}"},"query-input":{"@type":"PropertyValueSpecification","valueRequired":true,"valueName":"search_term_string"}}],"inLanguage":"en-US"},{"@type":"Organization","@id":"https:\/\/www.lhonorable.com\/en\/#organization","name":"L&#039;HONORABLE","url":"https:\/\/www.lhonorable.com\/en\/","logo":{"@type":"ImageObject","inLanguage":"en-US","@id":"https:\/\/www.lhonorable.com\/en\/#\/schema\/logo\/image\/","url":"https:\/\/www.lhonorable.com\/wp-content\/uploads\/2022\/11\/logo.png","contentUrl":"https:\/\/www.lhonorable.com\/wp-content\/uploads\/2022\/11\/logo.png","width":160,"height":97,"caption":"L&#039;HONORABLE"},"image":{"@id":"https:\/\/www.lhonorable.com\/en\/#\/schema\/logo\/image\/"},"sameAs":["https:\/\/www.facebook.com\/lHonorableElodieJoly\/","https:\/\/www.instagram.com\/lhonorable.bijouxbrodes\/","https:\/\/www.pinterest.fr\/lhonorable0282\/"]}]}},"_links":{"self":[{"href":"https:\/\/www.lhonorable.com\/en\/wp-json\/wp\/v2\/product\/29674","targetHints":{"allow":["GET"]}}],"collection":[{"href":"https:\/\/www.lhonorable.com\/en\/wp-json\/wp\/v2\/product"}],"about":[{"href":"https:\/\/www.lhonorable.com\/en\/wp-json\/wp\/v2\/types\/product"}],"wp:featuredmedia":[{"embeddable":true,"href":"https:\/\/www.lhonorable.com\/en\/wp-json\/wp\/v2\/media\/29697"}],"wp:attachment":[{"href":"https:\/\/www.lhonorable.com\/en\/wp-json\/wp\/v2\/media?parent=29674"}],"wp:term":[{"taxonomy":"product_brand","embeddable":true,"href":"https:\/\/www.lhonorable.com\/en\/wp-json\/wp\/v2\/product_brand?post=29674"},{"taxonomy":"product_cat","embeddable":true,"href":"https:\/\/www.lhonorable.com\/en\/wp-json\/wp\/v2\/product_cat?post=29674"},{"taxonomy":"product_tag","embeddable":true,"href":"https:\/\/www.lhonorable.com\/en\/wp-json\/wp\/v2\/product_tag?post=29674"}],"curies":[{"name":"wp","href":"https:\/\/api.w.org\/{rel}","templated":true}]}}