{"id":29660,"date":"2023-06-09T09:19:02","date_gmt":"2023-06-09T07:19:02","guid":{"rendered":"https:\/\/www.lhonorable.com\/?post_type=product&#038;p=29660"},"modified":"2026-04-01T20:53:37","modified_gmt":"2026-04-01T18:53:37","slug":"mini-monde-1kit-de-broderie","status":"publish","type":"product","link":"https:\/\/www.lhonorable.com\/en\/produit\/mini-monde-1kit-de-broderie\/","title":{"rendered":"Mini Monde #1<span class=\"htitleshop\">Kit de Broderie<\/span>"},"content":{"rendered":"<p>\u2764 <em>EDITION LIMITEE<\/em>\u00a0 \u2764<\/p>\n<p>Pens\u00e9 comme un accessoire de d\u00e9coration, ce kit contient tout le n\u00e9cessaire pour broder votre Mini Monde joyeux et color\u00e9.<\/p>\n<p>Pas besoin de connaissances techniques particuli\u00e8res pour se lancer, ce kit s\u2019adresse aux novices comme aux initi\u00e9.es et vous apprendra, de fa\u00e7on simple et d\u00e9taill\u00e9e gr\u00e2ce \u00e0 sa fiche explicative, \u00e0 poser perles, paillettes et cristaux.<\/p>\n<p>Une fiche explicative d\u00e9taill\u00e9e vous permettra d\u2019avancer \u00e0 votre rythme, et s\u2019il y a un doute ou une incompr\u00e9hension, n\u2019h\u00e9sitez pas \u00e0 m\u2019envoyer un petit message par mail ou sur Instagram et je me ferai un plaisir de vous r\u00e9pondre.<\/p>\n<p><span style=\"text-decoration: underline;\"><strong>Ce kit contient:<\/strong><\/span><\/p>\n<ul>\n<li>Une toile imprim\u00e9e (tout pr\u00e8s de Nantes)<\/li>\n<li>Deux aiguilles fabriqu\u00e9es en France chez BOHIN: 1 \u00e0 broder &amp; 1 \u00e0 perler<\/li>\n<li>Un tambour en bois naturel BOHIN<\/li>\n<li>Une fiche explicative avec des pas \u00e0 pas pour mieux vous guider<\/li>\n<li>Un set de perles, paillettes, sequins et fils tout droit sortis de l&#8217;atelier de bijoux brod\u00e9s l&#8217;Honorable<\/li>\n<\/ul>\n<p>\u2764 N&#8217;h\u00e9sitez pas \u00e0 me partager votre cr\u00e9ation brod\u00e9e sur Instagram (@lhonorable.bijouxbrodes), je serai ravie de d\u00e9couvrir votre Mini Monde!<\/p>\n","protected":false},"excerpt":{"rendered":"<p>Kit de broderie moderne et joyeuse<\/p>\n","protected":false},"featured_media":29663,"template":"","meta":[],"product_brand":[],"product_cat":[26,27],"product_tag":[],"class_list":{"0":"post-29660","1":"product","2":"type-product","3":"status-publish","4":"has-post-thumbnail","6":"product_cat-bijoux-de-maison","7":"product_cat-les-kits-de-broderie","8":"product_shipping_class-les-kits-de-broderie","10":"first","11":"instock","12":"purchasable","13":"product-type-simple"},"yoast_head":"<!-- This site is optimized with the Yoast SEO plugin v27.2 - https:\/\/yoast.com\/product\/yoast-seo-wordpress\/ -->\n<title>Mini Monde #1Kit de Broderie - L&#039;HONORABLE<\/title>\n<meta name=\"description\" content=\"Ce kit de broderie contient tout le n\u00e9cessaire pour broder votre Mini Monde joyeux et color\u00e9.\" \/>\n<meta name=\"robots\" content=\"index, follow, max-snippet:-1, max-image-preview:large, max-video-preview:-1\" \/>\n<link rel=\"canonical\" href=\"https:\/\/www.lhonorable.com\/en\/produit\/mini-monde-1kit-de-broderie\/\" \/>\n<meta property=\"og:locale\" content=\"en_US\" \/>\n<meta property=\"og:type\" content=\"article\" \/>\n<meta property=\"og:title\" content=\"Mini Monde #1Kit de Broderie - L&#039;HONORABLE\" \/>\n<meta property=\"og:description\" content=\"Ce kit de broderie contient tout le n\u00e9cessaire pour broder votre Mini Monde joyeux et color\u00e9.\" \/>\n<meta property=\"og:url\" content=\"https:\/\/www.lhonorable.com\/en\/produit\/mini-monde-1kit-de-broderie\/\" \/>\n<meta property=\"og:site_name\" content=\"L&#039;HONORABLE\" \/>\n<meta property=\"article:publisher\" content=\"https:\/\/www.facebook.com\/lHonorableElodieJoly\/\" \/>\n<meta property=\"article:modified_time\" content=\"2026-04-01T18:53:37+00:00\" \/>\n<meta property=\"og:image\" content=\"https:\/\/www.lhonorable.com\/wp-content\/uploads\/2023\/06\/lHonorable-kit-MiniMonde1-min.jpg\" \/>\n\t<meta property=\"og:image:width\" content=\"928\" \/>\n\t<meta property=\"og:image:height\" content=\"1080\" \/>\n\t<meta property=\"og:image:type\" content=\"image\/jpeg\" \/>\n<meta name=\"twitter:card\" content=\"summary_large_image\" \/>\n<meta name=\"twitter:label1\" content=\"Est. reading time\" \/>\n\t<meta name=\"twitter:data1\" content=\"2 minutes\" \/>\n<script type=\"application\/ld+json\" class=\"yoast-schema-graph\">{\"@context\":\"https:\/\/schema.org\",\"@graph\":[{\"@type\":\"WebPage\",\"@id\":\"https:\/\/www.lhonorable.com\/en\/produit\/mini-monde-1kit-de-broderie\/\",\"url\":\"https:\/\/www.lhonorable.com\/en\/produit\/mini-monde-1kit-de-broderie\/\",\"name\":\"Mini Monde #1Kit de Broderie - L&#039;HONORABLE\",\"isPartOf\":{\"@id\":\"https:\/\/www.lhonorable.com\/en\/#website\"},\"primaryImageOfPage\":{\"@id\":\"https:\/\/www.lhonorable.com\/en\/produit\/mini-monde-1kit-de-broderie\/#primaryimage\"},\"image\":{\"@id\":\"https:\/\/www.lhonorable.com\/en\/produit\/mini-monde-1kit-de-broderie\/#primaryimage\"},\"thumbnailUrl\":\"https:\/\/www.lhonorable.com\/wp-content\/uploads\/2023\/06\/lHonorable-kit-MiniMonde1-min.jpg\",\"datePublished\":\"2023-06-09T07:19:02+00:00\",\"dateModified\":\"2026-04-01T18:53:37+00:00\",\"description\":\"Ce kit de broderie contient tout le n\u00e9cessaire pour broder votre Mini Monde joyeux et color\u00e9.\",\"breadcrumb\":{\"@id\":\"https:\/\/www.lhonorable.com\/en\/produit\/mini-monde-1kit-de-broderie\/#breadcrumb\"},\"inLanguage\":\"en-US\",\"potentialAction\":[{\"@type\":\"ReadAction\",\"target\":[\"https:\/\/www.lhonorable.com\/en\/produit\/mini-monde-1kit-de-broderie\/\"]}]},{\"@type\":\"ImageObject\",\"inLanguage\":\"en-US\",\"@id\":\"https:\/\/www.lhonorable.com\/en\/produit\/mini-monde-1kit-de-broderie\/#primaryimage\",\"url\":\"https:\/\/www.lhonorable.com\/wp-content\/uploads\/2023\/06\/lHonorable-kit-MiniMonde1-min.jpg\",\"contentUrl\":\"https:\/\/www.lhonorable.com\/wp-content\/uploads\/2023\/06\/lHonorable-kit-MiniMonde1-min.jpg\",\"width\":928,\"height\":1080},{\"@type\":\"BreadcrumbList\",\"@id\":\"https:\/\/www.lhonorable.com\/en\/produit\/mini-monde-1kit-de-broderie\/#breadcrumb\",\"itemListElement\":[{\"@type\":\"ListItem\",\"position\":1,\"name\":\"Shop\",\"item\":\"https:\/\/www.lhonorable.com\/shop\/?lang=en\"},{\"@type\":\"ListItem\",\"position\":2,\"name\":\"Mini Monde #1Kit de Broderie\"}]},{\"@type\":\"WebSite\",\"@id\":\"https:\/\/www.lhonorable.com\/en\/#website\",\"url\":\"https:\/\/www.lhonorable.com\/en\/\",\"name\":\"L&#039;HONORABLE\",\"description\":\"Maison fran\u00e7aise de bijoux brod\u00e9s \u00e0 la main\",\"publisher\":{\"@id\":\"https:\/\/www.lhonorable.com\/en\/#organization\"},\"potentialAction\":[{\"@type\":\"SearchAction\",\"target\":{\"@type\":\"EntryPoint\",\"urlTemplate\":\"https:\/\/www.lhonorable.com\/en\/?s={search_term_string}\"},\"query-input\":{\"@type\":\"PropertyValueSpecification\",\"valueRequired\":true,\"valueName\":\"search_term_string\"}}],\"inLanguage\":\"en-US\"},{\"@type\":\"Organization\",\"@id\":\"https:\/\/www.lhonorable.com\/en\/#organization\",\"name\":\"L&#039;HONORABLE\",\"url\":\"https:\/\/www.lhonorable.com\/en\/\",\"logo\":{\"@type\":\"ImageObject\",\"inLanguage\":\"en-US\",\"@id\":\"https:\/\/www.lhonorable.com\/en\/#\/schema\/logo\/image\/\",\"url\":\"https:\/\/www.lhonorable.com\/wp-content\/uploads\/2022\/11\/logo.png\",\"contentUrl\":\"https:\/\/www.lhonorable.com\/wp-content\/uploads\/2022\/11\/logo.png\",\"width\":160,\"height\":97,\"caption\":\"L&#039;HONORABLE\"},\"image\":{\"@id\":\"https:\/\/www.lhonorable.com\/en\/#\/schema\/logo\/image\/\"},\"sameAs\":[\"https:\/\/www.facebook.com\/lHonorableElodieJoly\/\",\"https:\/\/www.instagram.com\/lhonorable.bijouxbrodes\/\",\"https:\/\/www.pinterest.fr\/lhonorable0282\/\"]}]}<\/script>\n<!-- \/ Yoast SEO plugin. -->","yoast_head_json":{"title":"Mini Monde #1Kit de Broderie - L&#039;HONORABLE","description":"Ce kit de broderie contient tout le n\u00e9cessaire pour broder votre Mini Monde joyeux et color\u00e9.","robots":{"index":"index","follow":"follow","max-snippet":"max-snippet:-1","max-image-preview":"max-image-preview:large","max-video-preview":"max-video-preview:-1"},"canonical":"https:\/\/www.lhonorable.com\/en\/produit\/mini-monde-1kit-de-broderie\/","og_locale":"en_US","og_type":"article","og_title":"Mini Monde #1Kit de Broderie - L&#039;HONORABLE","og_description":"Ce kit de broderie contient tout le n\u00e9cessaire pour broder votre Mini Monde joyeux et color\u00e9.","og_url":"https:\/\/www.lhonorable.com\/en\/produit\/mini-monde-1kit-de-broderie\/","og_site_name":"L&#039;HONORABLE","article_publisher":"https:\/\/www.facebook.com\/lHonorableElodieJoly\/","article_modified_time":"2026-04-01T18:53:37+00:00","og_image":[{"width":928,"height":1080,"url":"https:\/\/www.lhonorable.com\/wp-content\/uploads\/2023\/06\/lHonorable-kit-MiniMonde1-min.jpg","type":"image\/jpeg"}],"twitter_card":"summary_large_image","twitter_misc":{"Est. reading time":"2 minutes"},"schema":{"@context":"https:\/\/schema.org","@graph":[{"@type":"WebPage","@id":"https:\/\/www.lhonorable.com\/en\/produit\/mini-monde-1kit-de-broderie\/","url":"https:\/\/www.lhonorable.com\/en\/produit\/mini-monde-1kit-de-broderie\/","name":"Mini Monde #1Kit de Broderie - L&#039;HONORABLE","isPartOf":{"@id":"https:\/\/www.lhonorable.com\/en\/#website"},"primaryImageOfPage":{"@id":"https:\/\/www.lhonorable.com\/en\/produit\/mini-monde-1kit-de-broderie\/#primaryimage"},"image":{"@id":"https:\/\/www.lhonorable.com\/en\/produit\/mini-monde-1kit-de-broderie\/#primaryimage"},"thumbnailUrl":"https:\/\/www.lhonorable.com\/wp-content\/uploads\/2023\/06\/lHonorable-kit-MiniMonde1-min.jpg","datePublished":"2023-06-09T07:19:02+00:00","dateModified":"2026-04-01T18:53:37+00:00","description":"Ce kit de broderie contient tout le n\u00e9cessaire pour broder votre Mini Monde joyeux et color\u00e9.","breadcrumb":{"@id":"https:\/\/www.lhonorable.com\/en\/produit\/mini-monde-1kit-de-broderie\/#breadcrumb"},"inLanguage":"en-US","potentialAction":[{"@type":"ReadAction","target":["https:\/\/www.lhonorable.com\/en\/produit\/mini-monde-1kit-de-broderie\/"]}]},{"@type":"ImageObject","inLanguage":"en-US","@id":"https:\/\/www.lhonorable.com\/en\/produit\/mini-monde-1kit-de-broderie\/#primaryimage","url":"https:\/\/www.lhonorable.com\/wp-content\/uploads\/2023\/06\/lHonorable-kit-MiniMonde1-min.jpg","contentUrl":"https:\/\/www.lhonorable.com\/wp-content\/uploads\/2023\/06\/lHonorable-kit-MiniMonde1-min.jpg","width":928,"height":1080},{"@type":"BreadcrumbList","@id":"https:\/\/www.lhonorable.com\/en\/produit\/mini-monde-1kit-de-broderie\/#breadcrumb","itemListElement":[{"@type":"ListItem","position":1,"name":"Shop","item":"https:\/\/www.lhonorable.com\/shop\/?lang=en"},{"@type":"ListItem","position":2,"name":"Mini Monde #1Kit de Broderie"}]},{"@type":"WebSite","@id":"https:\/\/www.lhonorable.com\/en\/#website","url":"https:\/\/www.lhonorable.com\/en\/","name":"L&#039;HONORABLE","description":"Maison fran\u00e7aise de bijoux brod\u00e9s \u00e0 la main","publisher":{"@id":"https:\/\/www.lhonorable.com\/en\/#organization"},"potentialAction":[{"@type":"SearchAction","target":{"@type":"EntryPoint","urlTemplate":"https:\/\/www.lhonorable.com\/en\/?s={search_term_string}"},"query-input":{"@type":"PropertyValueSpecification","valueRequired":true,"valueName":"search_term_string"}}],"inLanguage":"en-US"},{"@type":"Organization","@id":"https:\/\/www.lhonorable.com\/en\/#organization","name":"L&#039;HONORABLE","url":"https:\/\/www.lhonorable.com\/en\/","logo":{"@type":"ImageObject","inLanguage":"en-US","@id":"https:\/\/www.lhonorable.com\/en\/#\/schema\/logo\/image\/","url":"https:\/\/www.lhonorable.com\/wp-content\/uploads\/2022\/11\/logo.png","contentUrl":"https:\/\/www.lhonorable.com\/wp-content\/uploads\/2022\/11\/logo.png","width":160,"height":97,"caption":"L&#039;HONORABLE"},"image":{"@id":"https:\/\/www.lhonorable.com\/en\/#\/schema\/logo\/image\/"},"sameAs":["https:\/\/www.facebook.com\/lHonorableElodieJoly\/","https:\/\/www.instagram.com\/lhonorable.bijouxbrodes\/","https:\/\/www.pinterest.fr\/lhonorable0282\/"]}]}},"_links":{"self":[{"href":"https:\/\/www.lhonorable.com\/en\/wp-json\/wp\/v2\/product\/29660","targetHints":{"allow":["GET"]}}],"collection":[{"href":"https:\/\/www.lhonorable.com\/en\/wp-json\/wp\/v2\/product"}],"about":[{"href":"https:\/\/www.lhonorable.com\/en\/wp-json\/wp\/v2\/types\/product"}],"wp:featuredmedia":[{"embeddable":true,"href":"https:\/\/www.lhonorable.com\/en\/wp-json\/wp\/v2\/media\/29663"}],"wp:attachment":[{"href":"https:\/\/www.lhonorable.com\/en\/wp-json\/wp\/v2\/media?parent=29660"}],"wp:term":[{"taxonomy":"product_brand","embeddable":true,"href":"https:\/\/www.lhonorable.com\/en\/wp-json\/wp\/v2\/product_brand?post=29660"},{"taxonomy":"product_cat","embeddable":true,"href":"https:\/\/www.lhonorable.com\/en\/wp-json\/wp\/v2\/product_cat?post=29660"},{"taxonomy":"product_tag","embeddable":true,"href":"https:\/\/www.lhonorable.com\/en\/wp-json\/wp\/v2\/product_tag?post=29660"}],"curies":[{"name":"wp","href":"https:\/\/api.w.org\/{rel}","templated":true}]}}