{"id":29488,"date":"2023-06-09T09:17:46","date_gmt":"2023-06-09T07:17:46","guid":{"rendered":"https:\/\/www.lhonorable.com\/?post_type=product&#038;p=29488"},"modified":"2023-06-09T09:17:59","modified_gmt":"2023-06-09T07:17:59","slug":"solange-vertbague","status":"publish","type":"product","link":"https:\/\/www.lhonorable.com\/en\/produit\/solange-vertbague\/","title":{"rendered":"Solange &#8211; vert<span class=\"htitleshop\">Bague<\/span>"},"content":{"rendered":"","protected":false},"excerpt":{"rendered":"<p>La bague Solange est enti\u00e8rement brod\u00e9e \u00e0 la main, avec patience et minutie d\u2019une multitude de perles et orn\u00e9es de fil retord argent\u00e9 et de cristaux.<br \/>\nLa monture de bague, r\u00e9glable, est en laiton (sans nickel) ainsi que la m\u00e9daille de signature, les deux ont \u00e9t\u00e9 trait\u00e9es en argenture par un artisan doreur parisien.<\/p>\n<p><strong>FORMAT<\/strong>:\u00a0 26 mm de diam\u00e8tre<\/p>\n","protected":false},"featured_media":477,"template":"","meta":[],"product_brand":[],"product_cat":[23],"product_tag":[],"class_list":{"0":"post-29488","1":"product","2":"type-product","3":"status-publish","4":"has-post-thumbnail","6":"product_cat-autres","8":"first","9":"outofstock","10":"purchasable","11":"product-type-simple"},"yoast_head":"<!-- This site is optimized with the Yoast SEO plugin v27.2 - https:\/\/yoast.com\/product\/yoast-seo-wordpress\/ -->\n<title>Solange - vertBague - L&#039;HONORABLE Bijoux brod\u00e9s \u00e0 la main<\/title>\n<meta name=\"description\" content=\"La bague Solange est enti\u00e8rement brod\u00e9e \u00e0 la main, de perles et orn\u00e9es de fil retord argent\u00e9 et cristaux. La monture est en laiton argent\u00e9e.\" \/>\n<meta name=\"robots\" content=\"index, follow, max-snippet:-1, max-image-preview:large, max-video-preview:-1\" \/>\n<link rel=\"canonical\" href=\"https:\/\/www.lhonorable.com\/en\/produit\/solange-vertbague\/\" \/>\n<meta property=\"og:locale\" content=\"en_US\" \/>\n<meta property=\"og:type\" content=\"article\" \/>\n<meta property=\"og:title\" content=\"Solange - vertBague - L&#039;HONORABLE Bijoux brod\u00e9s \u00e0 la main\" \/>\n<meta property=\"og:description\" content=\"La bague Solange est enti\u00e8rement brod\u00e9e \u00e0 la main, de perles et orn\u00e9es de fil retord argent\u00e9 et cristaux. La monture est en laiton argent\u00e9e.\" \/>\n<meta property=\"og:url\" content=\"https:\/\/www.lhonorable.com\/en\/produit\/solange-vertbague\/\" \/>\n<meta property=\"og:site_name\" content=\"L&#039;HONORABLE\" \/>\n<meta property=\"article:publisher\" content=\"https:\/\/www.facebook.com\/lHonorableElodieJoly\/\" \/>\n<meta property=\"article:modified_time\" content=\"2023-06-09T07:17:59+00:00\" \/>\n<meta name=\"twitter:card\" content=\"summary_large_image\" \/>\n<script type=\"application\/ld+json\" class=\"yoast-schema-graph\">{\"@context\":\"https:\/\/schema.org\",\"@graph\":[{\"@type\":\"WebPage\",\"@id\":\"https:\/\/www.lhonorable.com\/en\/produit\/solange-vertbague\/\",\"url\":\"https:\/\/www.lhonorable.com\/en\/produit\/solange-vertbague\/\",\"name\":\"Solange - vertBague - L&#039;HONORABLE Bijoux brod\u00e9s \u00e0 la main\",\"isPartOf\":{\"@id\":\"https:\/\/www.lhonorable.com\/en\/#website\"},\"primaryImageOfPage\":{\"@id\":\"https:\/\/www.lhonorable.com\/en\/produit\/solange-vertbague\/#primaryimage\"},\"image\":{\"@id\":\"https:\/\/www.lhonorable.com\/en\/produit\/solange-vertbague\/#primaryimage\"},\"thumbnailUrl\":\"https:\/\/www.lhonorable.com\/wp-content\/uploads\/2022\/10\/lHonorable-Solange-bague-vert.jpg\",\"datePublished\":\"2023-06-09T07:17:46+00:00\",\"dateModified\":\"2023-06-09T07:17:59+00:00\",\"description\":\"La bague Solange est enti\u00e8rement brod\u00e9e \u00e0 la main, de perles et orn\u00e9es de fil retord argent\u00e9 et cristaux. La monture est en laiton argent\u00e9e.\",\"breadcrumb\":{\"@id\":\"https:\/\/www.lhonorable.com\/en\/produit\/solange-vertbague\/#breadcrumb\"},\"inLanguage\":\"en-US\",\"potentialAction\":[{\"@type\":\"ReadAction\",\"target\":[\"https:\/\/www.lhonorable.com\/en\/produit\/solange-vertbague\/\"]}]},{\"@type\":\"ImageObject\",\"inLanguage\":\"en-US\",\"@id\":\"https:\/\/www.lhonorable.com\/en\/produit\/solange-vertbague\/#primaryimage\",\"url\":\"https:\/\/www.lhonorable.com\/wp-content\/uploads\/2022\/10\/lHonorable-Solange-bague-vert.jpg\",\"contentUrl\":\"https:\/\/www.lhonorable.com\/wp-content\/uploads\/2022\/10\/lHonorable-Solange-bague-vert.jpg\",\"width\":928,\"height\":1080},{\"@type\":\"BreadcrumbList\",\"@id\":\"https:\/\/www.lhonorable.com\/en\/produit\/solange-vertbague\/#breadcrumb\",\"itemListElement\":[{\"@type\":\"ListItem\",\"position\":1,\"name\":\"Shop\",\"item\":\"https:\/\/www.lhonorable.com\/shop\/?lang=en\"},{\"@type\":\"ListItem\",\"position\":2,\"name\":\"Solange &#8211; vertBague\"}]},{\"@type\":\"WebSite\",\"@id\":\"https:\/\/www.lhonorable.com\/en\/#website\",\"url\":\"https:\/\/www.lhonorable.com\/en\/\",\"name\":\"L&#039;HONORABLE\",\"description\":\"Maison fran\u00e7aise de bijoux brod\u00e9s \u00e0 la main\",\"publisher\":{\"@id\":\"https:\/\/www.lhonorable.com\/en\/#organization\"},\"potentialAction\":[{\"@type\":\"SearchAction\",\"target\":{\"@type\":\"EntryPoint\",\"urlTemplate\":\"https:\/\/www.lhonorable.com\/en\/?s={search_term_string}\"},\"query-input\":{\"@type\":\"PropertyValueSpecification\",\"valueRequired\":true,\"valueName\":\"search_term_string\"}}],\"inLanguage\":\"en-US\"},{\"@type\":\"Organization\",\"@id\":\"https:\/\/www.lhonorable.com\/en\/#organization\",\"name\":\"L&#039;HONORABLE\",\"url\":\"https:\/\/www.lhonorable.com\/en\/\",\"logo\":{\"@type\":\"ImageObject\",\"inLanguage\":\"en-US\",\"@id\":\"https:\/\/www.lhonorable.com\/en\/#\/schema\/logo\/image\/\",\"url\":\"https:\/\/www.lhonorable.com\/wp-content\/uploads\/2022\/11\/logo.png\",\"contentUrl\":\"https:\/\/www.lhonorable.com\/wp-content\/uploads\/2022\/11\/logo.png\",\"width\":160,\"height\":97,\"caption\":\"L&#039;HONORABLE\"},\"image\":{\"@id\":\"https:\/\/www.lhonorable.com\/en\/#\/schema\/logo\/image\/\"},\"sameAs\":[\"https:\/\/www.facebook.com\/lHonorableElodieJoly\/\",\"https:\/\/www.instagram.com\/lhonorable.bijouxbrodes\/\",\"https:\/\/www.pinterest.fr\/lhonorable0282\/\"]}]}<\/script>\n<!-- \/ Yoast SEO plugin. -->","yoast_head_json":{"title":"Solange - vertBague - L&#039;HONORABLE Bijoux brod\u00e9s \u00e0 la main","description":"La bague Solange est enti\u00e8rement brod\u00e9e \u00e0 la main, de perles et orn\u00e9es de fil retord argent\u00e9 et cristaux. La monture est en laiton argent\u00e9e.","robots":{"index":"index","follow":"follow","max-snippet":"max-snippet:-1","max-image-preview":"max-image-preview:large","max-video-preview":"max-video-preview:-1"},"canonical":"https:\/\/www.lhonorable.com\/en\/produit\/solange-vertbague\/","og_locale":"en_US","og_type":"article","og_title":"Solange - vertBague - L&#039;HONORABLE Bijoux brod\u00e9s \u00e0 la main","og_description":"La bague Solange est enti\u00e8rement brod\u00e9e \u00e0 la main, de perles et orn\u00e9es de fil retord argent\u00e9 et cristaux. La monture est en laiton argent\u00e9e.","og_url":"https:\/\/www.lhonorable.com\/en\/produit\/solange-vertbague\/","og_site_name":"L&#039;HONORABLE","article_publisher":"https:\/\/www.facebook.com\/lHonorableElodieJoly\/","article_modified_time":"2023-06-09T07:17:59+00:00","twitter_card":"summary_large_image","schema":{"@context":"https:\/\/schema.org","@graph":[{"@type":"WebPage","@id":"https:\/\/www.lhonorable.com\/en\/produit\/solange-vertbague\/","url":"https:\/\/www.lhonorable.com\/en\/produit\/solange-vertbague\/","name":"Solange - vertBague - L&#039;HONORABLE Bijoux brod\u00e9s \u00e0 la main","isPartOf":{"@id":"https:\/\/www.lhonorable.com\/en\/#website"},"primaryImageOfPage":{"@id":"https:\/\/www.lhonorable.com\/en\/produit\/solange-vertbague\/#primaryimage"},"image":{"@id":"https:\/\/www.lhonorable.com\/en\/produit\/solange-vertbague\/#primaryimage"},"thumbnailUrl":"https:\/\/www.lhonorable.com\/wp-content\/uploads\/2022\/10\/lHonorable-Solange-bague-vert.jpg","datePublished":"2023-06-09T07:17:46+00:00","dateModified":"2023-06-09T07:17:59+00:00","description":"La bague Solange est enti\u00e8rement brod\u00e9e \u00e0 la main, de perles et orn\u00e9es de fil retord argent\u00e9 et cristaux. La monture est en laiton argent\u00e9e.","breadcrumb":{"@id":"https:\/\/www.lhonorable.com\/en\/produit\/solange-vertbague\/#breadcrumb"},"inLanguage":"en-US","potentialAction":[{"@type":"ReadAction","target":["https:\/\/www.lhonorable.com\/en\/produit\/solange-vertbague\/"]}]},{"@type":"ImageObject","inLanguage":"en-US","@id":"https:\/\/www.lhonorable.com\/en\/produit\/solange-vertbague\/#primaryimage","url":"https:\/\/www.lhonorable.com\/wp-content\/uploads\/2022\/10\/lHonorable-Solange-bague-vert.jpg","contentUrl":"https:\/\/www.lhonorable.com\/wp-content\/uploads\/2022\/10\/lHonorable-Solange-bague-vert.jpg","width":928,"height":1080},{"@type":"BreadcrumbList","@id":"https:\/\/www.lhonorable.com\/en\/produit\/solange-vertbague\/#breadcrumb","itemListElement":[{"@type":"ListItem","position":1,"name":"Shop","item":"https:\/\/www.lhonorable.com\/shop\/?lang=en"},{"@type":"ListItem","position":2,"name":"Solange &#8211; vertBague"}]},{"@type":"WebSite","@id":"https:\/\/www.lhonorable.com\/en\/#website","url":"https:\/\/www.lhonorable.com\/en\/","name":"L&#039;HONORABLE","description":"Maison fran\u00e7aise de bijoux brod\u00e9s \u00e0 la main","publisher":{"@id":"https:\/\/www.lhonorable.com\/en\/#organization"},"potentialAction":[{"@type":"SearchAction","target":{"@type":"EntryPoint","urlTemplate":"https:\/\/www.lhonorable.com\/en\/?s={search_term_string}"},"query-input":{"@type":"PropertyValueSpecification","valueRequired":true,"valueName":"search_term_string"}}],"inLanguage":"en-US"},{"@type":"Organization","@id":"https:\/\/www.lhonorable.com\/en\/#organization","name":"L&#039;HONORABLE","url":"https:\/\/www.lhonorable.com\/en\/","logo":{"@type":"ImageObject","inLanguage":"en-US","@id":"https:\/\/www.lhonorable.com\/en\/#\/schema\/logo\/image\/","url":"https:\/\/www.lhonorable.com\/wp-content\/uploads\/2022\/11\/logo.png","contentUrl":"https:\/\/www.lhonorable.com\/wp-content\/uploads\/2022\/11\/logo.png","width":160,"height":97,"caption":"L&#039;HONORABLE"},"image":{"@id":"https:\/\/www.lhonorable.com\/en\/#\/schema\/logo\/image\/"},"sameAs":["https:\/\/www.facebook.com\/lHonorableElodieJoly\/","https:\/\/www.instagram.com\/lhonorable.bijouxbrodes\/","https:\/\/www.pinterest.fr\/lhonorable0282\/"]}]}},"_links":{"self":[{"href":"https:\/\/www.lhonorable.com\/en\/wp-json\/wp\/v2\/product\/29488","targetHints":{"allow":["GET"]}}],"collection":[{"href":"https:\/\/www.lhonorable.com\/en\/wp-json\/wp\/v2\/product"}],"about":[{"href":"https:\/\/www.lhonorable.com\/en\/wp-json\/wp\/v2\/types\/product"}],"wp:featuredmedia":[{"embeddable":true,"href":"https:\/\/www.lhonorable.com\/en\/wp-json\/wp\/v2\/media\/477"}],"wp:attachment":[{"href":"https:\/\/www.lhonorable.com\/en\/wp-json\/wp\/v2\/media?parent=29488"}],"wp:term":[{"taxonomy":"product_brand","embeddable":true,"href":"https:\/\/www.lhonorable.com\/en\/wp-json\/wp\/v2\/product_brand?post=29488"},{"taxonomy":"product_cat","embeddable":true,"href":"https:\/\/www.lhonorable.com\/en\/wp-json\/wp\/v2\/product_cat?post=29488"},{"taxonomy":"product_tag","embeddable":true,"href":"https:\/\/www.lhonorable.com\/en\/wp-json\/wp\/v2\/product_tag?post=29488"}],"curies":[{"name":"wp","href":"https:\/\/api.w.org\/{rel}","templated":true}]}}