{"id":29462,"date":"2025-11-29T09:17:29","date_gmt":"2025-11-29T08:17:29","guid":{"rendered":"https:\/\/www.lhonorable.com\/?post_type=product&#038;p=29462"},"modified":"2026-01-05T21:41:47","modified_gmt":"2026-01-05T20:41:47","slug":"aimee-neon-orange-collier","status":"publish","type":"product","link":"https:\/\/www.lhonorable.com\/en\/produit\/aimee-neon-orange-collier\/","title":{"rendered":"Aim\u00e9e &#8211; neon orange<span class=\"htitleshop\">Collier<\/span>"},"content":{"rendered":"","protected":false},"excerpt":{"rendered":"<p>Chaque bijou l&#8217;Honorable est enti\u00e8rement brod\u00e9 \u00e0 la main, avec patience et minutie.<br \/>\nLe dos de chaque bijou est encoll\u00e9 d&#8217;un cuir d&#8217;agneau, noir et fin, provenant de France ou d&#8217;Italie.<br \/>\nLes cha\u00eenes, attaches de broches et anneaux argent\u00e9s sont tous en laiton (sans nickel) et ont \u00e9t\u00e9 trait\u00e9es par un artisan doreur parisien.<\/p>\n<p>Fermoir argent avec chaine de rallonge 7cm<\/p>\n","protected":false},"featured_media":411,"template":"","meta":[],"product_brand":[],"product_cat":[16],"product_tag":[],"class_list":{"0":"post-29462","1":"product","2":"type-product","3":"status-publish","4":"has-post-thumbnail","6":"product_cat-colliers","8":"first","9":"instock","10":"purchasable","11":"product-type-simple"},"yoast_head":"<!-- This site is optimized with the Yoast SEO plugin v27.2 - https:\/\/yoast.com\/product\/yoast-seo-wordpress\/ -->\n<title>Aim\u00e9e - neon orangeCollier - L&#039;HONORABLE<\/title>\n<meta name=\"description\" content=\"Chaque bijou l&#039;Honorable est enti\u00e8rement brod\u00e9 \u00e0 la main, avec patience et minutie. Fermoir argent avec chaine de rallonge 7cm\" \/>\n<meta name=\"robots\" content=\"index, follow, max-snippet:-1, max-image-preview:large, max-video-preview:-1\" \/>\n<link rel=\"canonical\" href=\"https:\/\/www.lhonorable.com\/en\/produit\/aimee-neon-orange-collier\/\" \/>\n<meta property=\"og:locale\" content=\"en_US\" \/>\n<meta property=\"og:type\" content=\"article\" \/>\n<meta property=\"og:title\" content=\"Aim\u00e9e - neon orangeCollier - L&#039;HONORABLE\" \/>\n<meta property=\"og:description\" content=\"Chaque bijou l&#039;Honorable est enti\u00e8rement brod\u00e9 \u00e0 la main, avec patience et minutie. Fermoir argent avec chaine de rallonge 7cm\" \/>\n<meta property=\"og:url\" content=\"https:\/\/www.lhonorable.com\/en\/produit\/aimee-neon-orange-collier\/\" \/>\n<meta property=\"og:site_name\" content=\"L&#039;HONORABLE\" \/>\n<meta property=\"article:publisher\" content=\"https:\/\/www.facebook.com\/lHonorableElodieJoly\/\" \/>\n<meta property=\"article:modified_time\" content=\"2026-01-05T20:41:47+00:00\" \/>\n<meta property=\"og:image\" content=\"https:\/\/www.lhonorable.com\/wp-content\/uploads\/2022\/10\/lHonorable-Aimee-neonOrange-w.jpg\" \/>\n\t<meta property=\"og:image:width\" content=\"928\" \/>\n\t<meta property=\"og:image:height\" content=\"1080\" \/>\n\t<meta property=\"og:image:type\" content=\"image\/jpeg\" \/>\n<meta name=\"twitter:card\" content=\"summary_large_image\" \/>\n<meta name=\"twitter:label1\" content=\"Est. reading time\" \/>\n\t<meta name=\"twitter:data1\" content=\"1 minute\" \/>\n<script type=\"application\/ld+json\" class=\"yoast-schema-graph\">{\"@context\":\"https:\/\/schema.org\",\"@graph\":[{\"@type\":\"WebPage\",\"@id\":\"https:\/\/www.lhonorable.com\/en\/produit\/aimee-neon-orange-collier\/\",\"url\":\"https:\/\/www.lhonorable.com\/en\/produit\/aimee-neon-orange-collier\/\",\"name\":\"Aim\u00e9e - neon orangeCollier - L&#039;HONORABLE\",\"isPartOf\":{\"@id\":\"https:\/\/www.lhonorable.com\/en\/#website\"},\"primaryImageOfPage\":{\"@id\":\"https:\/\/www.lhonorable.com\/en\/produit\/aimee-neon-orange-collier\/#primaryimage\"},\"image\":{\"@id\":\"https:\/\/www.lhonorable.com\/en\/produit\/aimee-neon-orange-collier\/#primaryimage\"},\"thumbnailUrl\":\"https:\/\/www.lhonorable.com\/wp-content\/uploads\/2022\/10\/lHonorable-Aimee-neonOrange-w.jpg\",\"datePublished\":\"2025-11-29T08:17:29+00:00\",\"dateModified\":\"2026-01-05T20:41:47+00:00\",\"description\":\"Chaque bijou l'Honorable est enti\u00e8rement brod\u00e9 \u00e0 la main, avec patience et minutie. Fermoir argent avec chaine de rallonge 7cm\",\"breadcrumb\":{\"@id\":\"https:\/\/www.lhonorable.com\/en\/produit\/aimee-neon-orange-collier\/#breadcrumb\"},\"inLanguage\":\"en-US\",\"potentialAction\":[{\"@type\":\"ReadAction\",\"target\":[\"https:\/\/www.lhonorable.com\/en\/produit\/aimee-neon-orange-collier\/\"]}]},{\"@type\":\"ImageObject\",\"inLanguage\":\"en-US\",\"@id\":\"https:\/\/www.lhonorable.com\/en\/produit\/aimee-neon-orange-collier\/#primaryimage\",\"url\":\"https:\/\/www.lhonorable.com\/wp-content\/uploads\/2022\/10\/lHonorable-Aimee-neonOrange-w.jpg\",\"contentUrl\":\"https:\/\/www.lhonorable.com\/wp-content\/uploads\/2022\/10\/lHonorable-Aimee-neonOrange-w.jpg\",\"width\":928,\"height\":1080},{\"@type\":\"BreadcrumbList\",\"@id\":\"https:\/\/www.lhonorable.com\/en\/produit\/aimee-neon-orange-collier\/#breadcrumb\",\"itemListElement\":[{\"@type\":\"ListItem\",\"position\":1,\"name\":\"Shop\",\"item\":\"https:\/\/www.lhonorable.com\/shop\/?lang=en\"},{\"@type\":\"ListItem\",\"position\":2,\"name\":\"Aim\u00e9e &#8211; neon orangeCollier\"}]},{\"@type\":\"WebSite\",\"@id\":\"https:\/\/www.lhonorable.com\/en\/#website\",\"url\":\"https:\/\/www.lhonorable.com\/en\/\",\"name\":\"L&#039;HONORABLE\",\"description\":\"Maison fran\u00e7aise de bijoux brod\u00e9s \u00e0 la main\",\"publisher\":{\"@id\":\"https:\/\/www.lhonorable.com\/en\/#organization\"},\"potentialAction\":[{\"@type\":\"SearchAction\",\"target\":{\"@type\":\"EntryPoint\",\"urlTemplate\":\"https:\/\/www.lhonorable.com\/en\/?s={search_term_string}\"},\"query-input\":{\"@type\":\"PropertyValueSpecification\",\"valueRequired\":true,\"valueName\":\"search_term_string\"}}],\"inLanguage\":\"en-US\"},{\"@type\":\"Organization\",\"@id\":\"https:\/\/www.lhonorable.com\/en\/#organization\",\"name\":\"L&#039;HONORABLE\",\"url\":\"https:\/\/www.lhonorable.com\/en\/\",\"logo\":{\"@type\":\"ImageObject\",\"inLanguage\":\"en-US\",\"@id\":\"https:\/\/www.lhonorable.com\/en\/#\/schema\/logo\/image\/\",\"url\":\"https:\/\/www.lhonorable.com\/wp-content\/uploads\/2022\/11\/logo.png\",\"contentUrl\":\"https:\/\/www.lhonorable.com\/wp-content\/uploads\/2022\/11\/logo.png\",\"width\":160,\"height\":97,\"caption\":\"L&#039;HONORABLE\"},\"image\":{\"@id\":\"https:\/\/www.lhonorable.com\/en\/#\/schema\/logo\/image\/\"},\"sameAs\":[\"https:\/\/www.facebook.com\/lHonorableElodieJoly\/\",\"https:\/\/www.instagram.com\/lhonorable.bijouxbrodes\/\",\"https:\/\/www.pinterest.fr\/lhonorable0282\/\"]}]}<\/script>\n<!-- \/ Yoast SEO plugin. -->","yoast_head_json":{"title":"Aim\u00e9e - neon orangeCollier - L&#039;HONORABLE","description":"Chaque bijou l'Honorable est enti\u00e8rement brod\u00e9 \u00e0 la main, avec patience et minutie. Fermoir argent avec chaine de rallonge 7cm","robots":{"index":"index","follow":"follow","max-snippet":"max-snippet:-1","max-image-preview":"max-image-preview:large","max-video-preview":"max-video-preview:-1"},"canonical":"https:\/\/www.lhonorable.com\/en\/produit\/aimee-neon-orange-collier\/","og_locale":"en_US","og_type":"article","og_title":"Aim\u00e9e - neon orangeCollier - L&#039;HONORABLE","og_description":"Chaque bijou l'Honorable est enti\u00e8rement brod\u00e9 \u00e0 la main, avec patience et minutie. Fermoir argent avec chaine de rallonge 7cm","og_url":"https:\/\/www.lhonorable.com\/en\/produit\/aimee-neon-orange-collier\/","og_site_name":"L&#039;HONORABLE","article_publisher":"https:\/\/www.facebook.com\/lHonorableElodieJoly\/","article_modified_time":"2026-01-05T20:41:47+00:00","og_image":[{"width":928,"height":1080,"url":"https:\/\/www.lhonorable.com\/wp-content\/uploads\/2022\/10\/lHonorable-Aimee-neonOrange-w.jpg","type":"image\/jpeg"}],"twitter_card":"summary_large_image","twitter_misc":{"Est. reading time":"1 minute"},"schema":{"@context":"https:\/\/schema.org","@graph":[{"@type":"WebPage","@id":"https:\/\/www.lhonorable.com\/en\/produit\/aimee-neon-orange-collier\/","url":"https:\/\/www.lhonorable.com\/en\/produit\/aimee-neon-orange-collier\/","name":"Aim\u00e9e - neon orangeCollier - L&#039;HONORABLE","isPartOf":{"@id":"https:\/\/www.lhonorable.com\/en\/#website"},"primaryImageOfPage":{"@id":"https:\/\/www.lhonorable.com\/en\/produit\/aimee-neon-orange-collier\/#primaryimage"},"image":{"@id":"https:\/\/www.lhonorable.com\/en\/produit\/aimee-neon-orange-collier\/#primaryimage"},"thumbnailUrl":"https:\/\/www.lhonorable.com\/wp-content\/uploads\/2022\/10\/lHonorable-Aimee-neonOrange-w.jpg","datePublished":"2025-11-29T08:17:29+00:00","dateModified":"2026-01-05T20:41:47+00:00","description":"Chaque bijou l'Honorable est enti\u00e8rement brod\u00e9 \u00e0 la main, avec patience et minutie. Fermoir argent avec chaine de rallonge 7cm","breadcrumb":{"@id":"https:\/\/www.lhonorable.com\/en\/produit\/aimee-neon-orange-collier\/#breadcrumb"},"inLanguage":"en-US","potentialAction":[{"@type":"ReadAction","target":["https:\/\/www.lhonorable.com\/en\/produit\/aimee-neon-orange-collier\/"]}]},{"@type":"ImageObject","inLanguage":"en-US","@id":"https:\/\/www.lhonorable.com\/en\/produit\/aimee-neon-orange-collier\/#primaryimage","url":"https:\/\/www.lhonorable.com\/wp-content\/uploads\/2022\/10\/lHonorable-Aimee-neonOrange-w.jpg","contentUrl":"https:\/\/www.lhonorable.com\/wp-content\/uploads\/2022\/10\/lHonorable-Aimee-neonOrange-w.jpg","width":928,"height":1080},{"@type":"BreadcrumbList","@id":"https:\/\/www.lhonorable.com\/en\/produit\/aimee-neon-orange-collier\/#breadcrumb","itemListElement":[{"@type":"ListItem","position":1,"name":"Shop","item":"https:\/\/www.lhonorable.com\/shop\/?lang=en"},{"@type":"ListItem","position":2,"name":"Aim\u00e9e &#8211; neon orangeCollier"}]},{"@type":"WebSite","@id":"https:\/\/www.lhonorable.com\/en\/#website","url":"https:\/\/www.lhonorable.com\/en\/","name":"L&#039;HONORABLE","description":"Maison fran\u00e7aise de bijoux brod\u00e9s \u00e0 la main","publisher":{"@id":"https:\/\/www.lhonorable.com\/en\/#organization"},"potentialAction":[{"@type":"SearchAction","target":{"@type":"EntryPoint","urlTemplate":"https:\/\/www.lhonorable.com\/en\/?s={search_term_string}"},"query-input":{"@type":"PropertyValueSpecification","valueRequired":true,"valueName":"search_term_string"}}],"inLanguage":"en-US"},{"@type":"Organization","@id":"https:\/\/www.lhonorable.com\/en\/#organization","name":"L&#039;HONORABLE","url":"https:\/\/www.lhonorable.com\/en\/","logo":{"@type":"ImageObject","inLanguage":"en-US","@id":"https:\/\/www.lhonorable.com\/en\/#\/schema\/logo\/image\/","url":"https:\/\/www.lhonorable.com\/wp-content\/uploads\/2022\/11\/logo.png","contentUrl":"https:\/\/www.lhonorable.com\/wp-content\/uploads\/2022\/11\/logo.png","width":160,"height":97,"caption":"L&#039;HONORABLE"},"image":{"@id":"https:\/\/www.lhonorable.com\/en\/#\/schema\/logo\/image\/"},"sameAs":["https:\/\/www.facebook.com\/lHonorableElodieJoly\/","https:\/\/www.instagram.com\/lhonorable.bijouxbrodes\/","https:\/\/www.pinterest.fr\/lhonorable0282\/"]}]}},"_links":{"self":[{"href":"https:\/\/www.lhonorable.com\/en\/wp-json\/wp\/v2\/product\/29462","targetHints":{"allow":["GET"]}}],"collection":[{"href":"https:\/\/www.lhonorable.com\/en\/wp-json\/wp\/v2\/product"}],"about":[{"href":"https:\/\/www.lhonorable.com\/en\/wp-json\/wp\/v2\/types\/product"}],"wp:featuredmedia":[{"embeddable":true,"href":"https:\/\/www.lhonorable.com\/en\/wp-json\/wp\/v2\/media\/411"}],"wp:attachment":[{"href":"https:\/\/www.lhonorable.com\/en\/wp-json\/wp\/v2\/media?parent=29462"}],"wp:term":[{"taxonomy":"product_brand","embeddable":true,"href":"https:\/\/www.lhonorable.com\/en\/wp-json\/wp\/v2\/product_brand?post=29462"},{"taxonomy":"product_cat","embeddable":true,"href":"https:\/\/www.lhonorable.com\/en\/wp-json\/wp\/v2\/product_cat?post=29462"},{"taxonomy":"product_tag","embeddable":true,"href":"https:\/\/www.lhonorable.com\/en\/wp-json\/wp\/v2\/product_tag?post=29462"}],"curies":[{"name":"wp","href":"https:\/\/api.w.org\/{rel}","templated":true}]}}