{"id":29367,"date":"2025-12-01T15:08:01","date_gmt":"2025-12-01T14:08:01","guid":{"rendered":"https:\/\/www.lhonorable.com\/?post_type=product&#038;p=29367"},"modified":"2026-02-03T12:10:52","modified_gmt":"2026-02-03T11:10:52","slug":"apolline-citronbroche","status":"publish","type":"product","link":"https:\/\/www.lhonorable.com\/en\/produit\/apolline-citronbroche\/","title":{"rendered":"Apolline &#8211; citron<span class=\"htitleshop\">Broche<\/span>"},"content":{"rendered":"","protected":false},"excerpt":{"rendered":"<p style=\"margin-bottom: 12.0pt,,;\">Chaque bijou l&#8217;Honorable est enti\u00e8rement brod\u00e9 \u00e0 la main, avec patience et minutie.<br \/>\nLa broche Apolline est brod\u00e9e d\u2019une multitude de paillettes, perles en verre et r\u00e9sine, strass Swarovski et fil de soie. Le dos de chaque bijou est encoll\u00e9 d&#8217;un cuir d&#8217;agneau, noir et fin, provenant de France ou d&#8217;Italie.<br \/>\nL&#8217;attache de la broche est en laiton (sans nickel) et poss\u00e8de un syst\u00e8me de suret\u00e9. Cette attache ainsi que la m\u00e9daille de signature ont \u00e9t\u00e9 trait\u00e9es en argenture par un artisan doreur parisien.<\/p>\n<p><strong><span style=\"color: black,,;\">FORMAT<\/span><\/strong>: 10 x 8 cm<\/p>\n","protected":false},"featured_media":209,"template":"","meta":[],"product_brand":[],"product_cat":[18],"product_tag":[],"class_list":{"0":"post-29367","1":"product","2":"type-product","3":"status-publish","4":"has-post-thumbnail","6":"product_cat-broches","8":"first","9":"instock","10":"purchasable","11":"product-type-simple"},"yoast_head":"<!-- This site is optimized with the Yoast SEO plugin v27.2 - https:\/\/yoast.com\/product\/yoast-seo-wordpress\/ -->\n<title>Apolline - citronBroche - L&#039;HONORABLE Bijoux brod\u00e9s \u00e0 la main<\/title>\n<meta name=\"description\" content=\"La broche Apolline est enti\u00e8rement brod\u00e9e \u00e0 la main d\u2019une multitude de paillettes, perles, strass Swarovski et fil de soie.\" \/>\n<meta name=\"robots\" content=\"index, follow, max-snippet:-1, max-image-preview:large, max-video-preview:-1\" \/>\n<link rel=\"canonical\" href=\"https:\/\/www.lhonorable.com\/en\/produit\/apolline-citronbroche\/\" \/>\n<meta property=\"og:locale\" content=\"en_US\" \/>\n<meta property=\"og:type\" content=\"article\" \/>\n<meta property=\"og:title\" content=\"Apolline - citronBroche - L&#039;HONORABLE Bijoux brod\u00e9s \u00e0 la main\" \/>\n<meta property=\"og:description\" content=\"La broche Apolline est enti\u00e8rement brod\u00e9e \u00e0 la main d\u2019une multitude de paillettes, perles, strass Swarovski et fil de soie.\" \/>\n<meta property=\"og:url\" content=\"https:\/\/www.lhonorable.com\/en\/produit\/apolline-citronbroche\/\" \/>\n<meta property=\"og:site_name\" content=\"L&#039;HONORABLE\" \/>\n<meta property=\"article:publisher\" content=\"https:\/\/www.facebook.com\/lHonorableElodieJoly\/\" \/>\n<meta property=\"article:modified_time\" content=\"2026-02-03T11:10:52+00:00\" \/>\n<meta property=\"og:image\" content=\"https:\/\/www.lhonorable.com\/wp-content\/uploads\/2022\/10\/lHonorable-Apolline-broche-citron.jpg\" \/>\n\t<meta property=\"og:image:width\" content=\"945\" \/>\n\t<meta property=\"og:image:height\" content=\"1100\" \/>\n\t<meta property=\"og:image:type\" content=\"image\/jpeg\" \/>\n<meta name=\"twitter:card\" content=\"summary_large_image\" \/>\n<meta name=\"twitter:label1\" content=\"Est. reading time\" \/>\n\t<meta name=\"twitter:data1\" content=\"1 minute\" \/>\n<script type=\"application\/ld+json\" class=\"yoast-schema-graph\">{\"@context\":\"https:\/\/schema.org\",\"@graph\":[{\"@type\":\"WebPage\",\"@id\":\"https:\/\/www.lhonorable.com\/en\/produit\/apolline-citronbroche\/\",\"url\":\"https:\/\/www.lhonorable.com\/en\/produit\/apolline-citronbroche\/\",\"name\":\"Apolline - citronBroche - L&#039;HONORABLE Bijoux brod\u00e9s \u00e0 la main\",\"isPartOf\":{\"@id\":\"https:\/\/www.lhonorable.com\/en\/#website\"},\"primaryImageOfPage\":{\"@id\":\"https:\/\/www.lhonorable.com\/en\/produit\/apolline-citronbroche\/#primaryimage\"},\"image\":{\"@id\":\"https:\/\/www.lhonorable.com\/en\/produit\/apolline-citronbroche\/#primaryimage\"},\"thumbnailUrl\":\"https:\/\/www.lhonorable.com\/wp-content\/uploads\/2022\/10\/lHonorable-Apolline-broche-citron.jpg\",\"datePublished\":\"2025-12-01T14:08:01+00:00\",\"dateModified\":\"2026-02-03T11:10:52+00:00\",\"description\":\"La broche Apolline est enti\u00e8rement brod\u00e9e \u00e0 la main d\u2019une multitude de paillettes, perles, strass Swarovski et fil de soie.\",\"breadcrumb\":{\"@id\":\"https:\/\/www.lhonorable.com\/en\/produit\/apolline-citronbroche\/#breadcrumb\"},\"inLanguage\":\"en-US\",\"potentialAction\":[{\"@type\":\"ReadAction\",\"target\":[\"https:\/\/www.lhonorable.com\/en\/produit\/apolline-citronbroche\/\"]}]},{\"@type\":\"ImageObject\",\"inLanguage\":\"en-US\",\"@id\":\"https:\/\/www.lhonorable.com\/en\/produit\/apolline-citronbroche\/#primaryimage\",\"url\":\"https:\/\/www.lhonorable.com\/wp-content\/uploads\/2022\/10\/lHonorable-Apolline-broche-citron.jpg\",\"contentUrl\":\"https:\/\/www.lhonorable.com\/wp-content\/uploads\/2022\/10\/lHonorable-Apolline-broche-citron.jpg\",\"width\":945,\"height\":1100},{\"@type\":\"BreadcrumbList\",\"@id\":\"https:\/\/www.lhonorable.com\/en\/produit\/apolline-citronbroche\/#breadcrumb\",\"itemListElement\":[{\"@type\":\"ListItem\",\"position\":1,\"name\":\"Shop\",\"item\":\"https:\/\/www.lhonorable.com\/shop\/?lang=en\"},{\"@type\":\"ListItem\",\"position\":2,\"name\":\"Apolline &#8211; citronBroche\"}]},{\"@type\":\"WebSite\",\"@id\":\"https:\/\/www.lhonorable.com\/en\/#website\",\"url\":\"https:\/\/www.lhonorable.com\/en\/\",\"name\":\"L&#039;HONORABLE\",\"description\":\"Maison fran\u00e7aise de bijoux brod\u00e9s \u00e0 la main\",\"publisher\":{\"@id\":\"https:\/\/www.lhonorable.com\/en\/#organization\"},\"potentialAction\":[{\"@type\":\"SearchAction\",\"target\":{\"@type\":\"EntryPoint\",\"urlTemplate\":\"https:\/\/www.lhonorable.com\/en\/?s={search_term_string}\"},\"query-input\":{\"@type\":\"PropertyValueSpecification\",\"valueRequired\":true,\"valueName\":\"search_term_string\"}}],\"inLanguage\":\"en-US\"},{\"@type\":\"Organization\",\"@id\":\"https:\/\/www.lhonorable.com\/en\/#organization\",\"name\":\"L&#039;HONORABLE\",\"url\":\"https:\/\/www.lhonorable.com\/en\/\",\"logo\":{\"@type\":\"ImageObject\",\"inLanguage\":\"en-US\",\"@id\":\"https:\/\/www.lhonorable.com\/en\/#\/schema\/logo\/image\/\",\"url\":\"https:\/\/www.lhonorable.com\/wp-content\/uploads\/2022\/11\/logo.png\",\"contentUrl\":\"https:\/\/www.lhonorable.com\/wp-content\/uploads\/2022\/11\/logo.png\",\"width\":160,\"height\":97,\"caption\":\"L&#039;HONORABLE\"},\"image\":{\"@id\":\"https:\/\/www.lhonorable.com\/en\/#\/schema\/logo\/image\/\"},\"sameAs\":[\"https:\/\/www.facebook.com\/lHonorableElodieJoly\/\",\"https:\/\/www.instagram.com\/lhonorable.bijouxbrodes\/\",\"https:\/\/www.pinterest.fr\/lhonorable0282\/\"]}]}<\/script>\n<!-- \/ Yoast SEO plugin. -->","yoast_head_json":{"title":"Apolline - citronBroche - L&#039;HONORABLE Bijoux brod\u00e9s \u00e0 la main","description":"La broche Apolline est enti\u00e8rement brod\u00e9e \u00e0 la main d\u2019une multitude de paillettes, perles, strass Swarovski et fil de soie.","robots":{"index":"index","follow":"follow","max-snippet":"max-snippet:-1","max-image-preview":"max-image-preview:large","max-video-preview":"max-video-preview:-1"},"canonical":"https:\/\/www.lhonorable.com\/en\/produit\/apolline-citronbroche\/","og_locale":"en_US","og_type":"article","og_title":"Apolline - citronBroche - L&#039;HONORABLE Bijoux brod\u00e9s \u00e0 la main","og_description":"La broche Apolline est enti\u00e8rement brod\u00e9e \u00e0 la main d\u2019une multitude de paillettes, perles, strass Swarovski et fil de soie.","og_url":"https:\/\/www.lhonorable.com\/en\/produit\/apolline-citronbroche\/","og_site_name":"L&#039;HONORABLE","article_publisher":"https:\/\/www.facebook.com\/lHonorableElodieJoly\/","article_modified_time":"2026-02-03T11:10:52+00:00","og_image":[{"width":945,"height":1100,"url":"https:\/\/www.lhonorable.com\/wp-content\/uploads\/2022\/10\/lHonorable-Apolline-broche-citron.jpg","type":"image\/jpeg"}],"twitter_card":"summary_large_image","twitter_misc":{"Est. reading time":"1 minute"},"schema":{"@context":"https:\/\/schema.org","@graph":[{"@type":"WebPage","@id":"https:\/\/www.lhonorable.com\/en\/produit\/apolline-citronbroche\/","url":"https:\/\/www.lhonorable.com\/en\/produit\/apolline-citronbroche\/","name":"Apolline - citronBroche - L&#039;HONORABLE Bijoux brod\u00e9s \u00e0 la main","isPartOf":{"@id":"https:\/\/www.lhonorable.com\/en\/#website"},"primaryImageOfPage":{"@id":"https:\/\/www.lhonorable.com\/en\/produit\/apolline-citronbroche\/#primaryimage"},"image":{"@id":"https:\/\/www.lhonorable.com\/en\/produit\/apolline-citronbroche\/#primaryimage"},"thumbnailUrl":"https:\/\/www.lhonorable.com\/wp-content\/uploads\/2022\/10\/lHonorable-Apolline-broche-citron.jpg","datePublished":"2025-12-01T14:08:01+00:00","dateModified":"2026-02-03T11:10:52+00:00","description":"La broche Apolline est enti\u00e8rement brod\u00e9e \u00e0 la main d\u2019une multitude de paillettes, perles, strass Swarovski et fil de soie.","breadcrumb":{"@id":"https:\/\/www.lhonorable.com\/en\/produit\/apolline-citronbroche\/#breadcrumb"},"inLanguage":"en-US","potentialAction":[{"@type":"ReadAction","target":["https:\/\/www.lhonorable.com\/en\/produit\/apolline-citronbroche\/"]}]},{"@type":"ImageObject","inLanguage":"en-US","@id":"https:\/\/www.lhonorable.com\/en\/produit\/apolline-citronbroche\/#primaryimage","url":"https:\/\/www.lhonorable.com\/wp-content\/uploads\/2022\/10\/lHonorable-Apolline-broche-citron.jpg","contentUrl":"https:\/\/www.lhonorable.com\/wp-content\/uploads\/2022\/10\/lHonorable-Apolline-broche-citron.jpg","width":945,"height":1100},{"@type":"BreadcrumbList","@id":"https:\/\/www.lhonorable.com\/en\/produit\/apolline-citronbroche\/#breadcrumb","itemListElement":[{"@type":"ListItem","position":1,"name":"Shop","item":"https:\/\/www.lhonorable.com\/shop\/?lang=en"},{"@type":"ListItem","position":2,"name":"Apolline &#8211; citronBroche"}]},{"@type":"WebSite","@id":"https:\/\/www.lhonorable.com\/en\/#website","url":"https:\/\/www.lhonorable.com\/en\/","name":"L&#039;HONORABLE","description":"Maison fran\u00e7aise de bijoux brod\u00e9s \u00e0 la main","publisher":{"@id":"https:\/\/www.lhonorable.com\/en\/#organization"},"potentialAction":[{"@type":"SearchAction","target":{"@type":"EntryPoint","urlTemplate":"https:\/\/www.lhonorable.com\/en\/?s={search_term_string}"},"query-input":{"@type":"PropertyValueSpecification","valueRequired":true,"valueName":"search_term_string"}}],"inLanguage":"en-US"},{"@type":"Organization","@id":"https:\/\/www.lhonorable.com\/en\/#organization","name":"L&#039;HONORABLE","url":"https:\/\/www.lhonorable.com\/en\/","logo":{"@type":"ImageObject","inLanguage":"en-US","@id":"https:\/\/www.lhonorable.com\/en\/#\/schema\/logo\/image\/","url":"https:\/\/www.lhonorable.com\/wp-content\/uploads\/2022\/11\/logo.png","contentUrl":"https:\/\/www.lhonorable.com\/wp-content\/uploads\/2022\/11\/logo.png","width":160,"height":97,"caption":"L&#039;HONORABLE"},"image":{"@id":"https:\/\/www.lhonorable.com\/en\/#\/schema\/logo\/image\/"},"sameAs":["https:\/\/www.facebook.com\/lHonorableElodieJoly\/","https:\/\/www.instagram.com\/lhonorable.bijouxbrodes\/","https:\/\/www.pinterest.fr\/lhonorable0282\/"]}]}},"_links":{"self":[{"href":"https:\/\/www.lhonorable.com\/en\/wp-json\/wp\/v2\/product\/29367","targetHints":{"allow":["GET"]}}],"collection":[{"href":"https:\/\/www.lhonorable.com\/en\/wp-json\/wp\/v2\/product"}],"about":[{"href":"https:\/\/www.lhonorable.com\/en\/wp-json\/wp\/v2\/types\/product"}],"wp:featuredmedia":[{"embeddable":true,"href":"https:\/\/www.lhonorable.com\/en\/wp-json\/wp\/v2\/media\/209"}],"wp:attachment":[{"href":"https:\/\/www.lhonorable.com\/en\/wp-json\/wp\/v2\/media?parent=29367"}],"wp:term":[{"taxonomy":"product_brand","embeddable":true,"href":"https:\/\/www.lhonorable.com\/en\/wp-json\/wp\/v2\/product_brand?post=29367"},{"taxonomy":"product_cat","embeddable":true,"href":"https:\/\/www.lhonorable.com\/en\/wp-json\/wp\/v2\/product_cat?post=29367"},{"taxonomy":"product_tag","embeddable":true,"href":"https:\/\/www.lhonorable.com\/en\/wp-json\/wp\/v2\/product_tag?post=29367"}],"curies":[{"name":"wp","href":"https:\/\/api.w.org\/{rel}","templated":true}]}}