{"id":29343,"date":"2025-11-07T14:00:36","date_gmt":"2025-11-07T13:00:36","guid":{"rendered":"https:\/\/www.lhonorable.com\/?post_type=product&#038;p=29343"},"modified":"2026-01-05T22:04:25","modified_gmt":"2026-01-05T21:04:25","slug":"ines-poudrebroche","status":"publish","type":"product","link":"https:\/\/www.lhonorable.com\/en\/produit\/ines-poudrebroche\/","title":{"rendered":"Ines &#8211; poudre<span class=\"htitleshop\">Broche<\/span>"},"content":{"rendered":"","protected":false},"excerpt":{"rendered":"<p style=\"margin-bottom: 12.0pt,,;\">Chaque bijou l&#8217;Honorable est enti\u00e8rement brod\u00e9 \u00e0 la main, avec patience et minutie.<br \/>\nLa broche In\u00e8s est brod\u00e9e d\u2019une multitude de paillettes, strass Swarovski et cristaux ligatur\u00e9s de soie et coton. Le dos de chaque bijou est encoll\u00e9 d&#8217;un cuir d&#8217;agneau, noir et fin, provenant de France ou d&#8217;Italie.<br \/>\nL&#8217;attache de la broche est en laiton (sans nickel) et poss\u00e8de un syst\u00e8me de suret\u00e9. Cette attache ainsi que la m\u00e9daille de signature ont \u00e9t\u00e9 trait\u00e9es en argenture par un artisan doreur parisien.<\/p>\n<p><strong><span style=\"color: black,,;\">FORMAT<\/span><\/strong>: 10 x 5 cm<\/p>\n","protected":false},"featured_media":170,"template":"","meta":[],"product_brand":[],"product_cat":[18],"product_tag":[],"class_list":{"0":"post-29343","1":"product","2":"type-product","3":"status-publish","4":"has-post-thumbnail","6":"product_cat-broches","8":"first","9":"instock","10":"purchasable","11":"product-type-simple"},"yoast_head":"<!-- This site is optimized with the Yoast SEO plugin v27.2 - https:\/\/yoast.com\/product\/yoast-seo-wordpress\/ -->\n<title>Ines - poudreBroche - L&#039;HONORABLE<\/title>\n<meta name=\"robots\" content=\"index, follow, max-snippet:-1, max-image-preview:large, max-video-preview:-1\" \/>\n<link rel=\"canonical\" href=\"https:\/\/www.lhonorable.com\/en\/produit\/ines-poudrebroche\/\" \/>\n<meta property=\"og:locale\" content=\"en_US\" \/>\n<meta property=\"og:type\" content=\"article\" \/>\n<meta property=\"og:title\" content=\"Ines - poudreBroche - L&#039;HONORABLE\" \/>\n<meta property=\"og:description\" content=\"Chaque bijou l&#039;Honorable est enti\u00e8rement brod\u00e9 \u00e0 la main, avec patience et minutie. La broche In\u00e8s est brod\u00e9e d\u2019une multitude de paillettes, strass Swarovski et cristaux ligatur\u00e9s de soie et coton. Le dos de chaque bijou est encoll\u00e9 d&#039;un cuir d&#039;agneau, noir et fin, provenant de France ou d&#039;Italie. L&#039;attache de la broche est en laiton (sans nickel) et poss\u00e8de un syst\u00e8me de suret\u00e9. Cette attache ainsi que la m\u00e9daille de signature ont \u00e9t\u00e9 trait\u00e9es en argenture par un artisan doreur parisien. FORMAT: 10 x 5 cm\" \/>\n<meta property=\"og:url\" content=\"https:\/\/www.lhonorable.com\/en\/produit\/ines-poudrebroche\/\" \/>\n<meta property=\"og:site_name\" content=\"L&#039;HONORABLE\" \/>\n<meta property=\"article:publisher\" content=\"https:\/\/www.facebook.com\/lHonorableElodieJoly\/\" \/>\n<meta property=\"article:modified_time\" content=\"2026-01-05T21:04:25+00:00\" \/>\n<meta property=\"og:image\" content=\"https:\/\/www.lhonorable.com\/wp-content\/uploads\/2022\/10\/lHonorable-Ines-broche-poudre.jpg\" \/>\n\t<meta property=\"og:image:width\" content=\"928\" \/>\n\t<meta property=\"og:image:height\" content=\"1080\" \/>\n\t<meta property=\"og:image:type\" content=\"image\/jpeg\" \/>\n<meta name=\"twitter:card\" content=\"summary_large_image\" \/>\n<meta name=\"twitter:label1\" content=\"Est. reading time\" \/>\n\t<meta name=\"twitter:data1\" content=\"1 minute\" \/>\n<script type=\"application\/ld+json\" class=\"yoast-schema-graph\">{\"@context\":\"https:\/\/schema.org\",\"@graph\":[{\"@type\":\"WebPage\",\"@id\":\"https:\/\/www.lhonorable.com\/en\/produit\/ines-poudrebroche\/\",\"url\":\"https:\/\/www.lhonorable.com\/en\/produit\/ines-poudrebroche\/\",\"name\":\"Ines - poudreBroche - L&#039;HONORABLE\",\"isPartOf\":{\"@id\":\"https:\/\/www.lhonorable.com\/en\/#website\"},\"primaryImageOfPage\":{\"@id\":\"https:\/\/www.lhonorable.com\/en\/produit\/ines-poudrebroche\/#primaryimage\"},\"image\":{\"@id\":\"https:\/\/www.lhonorable.com\/en\/produit\/ines-poudrebroche\/#primaryimage\"},\"thumbnailUrl\":\"https:\/\/www.lhonorable.com\/wp-content\/uploads\/2022\/10\/lHonorable-Ines-broche-poudre.jpg\",\"datePublished\":\"2025-11-07T13:00:36+00:00\",\"dateModified\":\"2026-01-05T21:04:25+00:00\",\"breadcrumb\":{\"@id\":\"https:\/\/www.lhonorable.com\/en\/produit\/ines-poudrebroche\/#breadcrumb\"},\"inLanguage\":\"en-US\",\"potentialAction\":[{\"@type\":\"ReadAction\",\"target\":[\"https:\/\/www.lhonorable.com\/en\/produit\/ines-poudrebroche\/\"]}]},{\"@type\":\"ImageObject\",\"inLanguage\":\"en-US\",\"@id\":\"https:\/\/www.lhonorable.com\/en\/produit\/ines-poudrebroche\/#primaryimage\",\"url\":\"https:\/\/www.lhonorable.com\/wp-content\/uploads\/2022\/10\/lHonorable-Ines-broche-poudre.jpg\",\"contentUrl\":\"https:\/\/www.lhonorable.com\/wp-content\/uploads\/2022\/10\/lHonorable-Ines-broche-poudre.jpg\",\"width\":928,\"height\":1080},{\"@type\":\"BreadcrumbList\",\"@id\":\"https:\/\/www.lhonorable.com\/en\/produit\/ines-poudrebroche\/#breadcrumb\",\"itemListElement\":[{\"@type\":\"ListItem\",\"position\":1,\"name\":\"Shop\",\"item\":\"https:\/\/www.lhonorable.com\/shop\/?lang=en\"},{\"@type\":\"ListItem\",\"position\":2,\"name\":\"Ines &#8211; poudreBroche\"}]},{\"@type\":\"WebSite\",\"@id\":\"https:\/\/www.lhonorable.com\/en\/#website\",\"url\":\"https:\/\/www.lhonorable.com\/en\/\",\"name\":\"L&#039;HONORABLE\",\"description\":\"Maison fran\u00e7aise de bijoux brod\u00e9s \u00e0 la main\",\"publisher\":{\"@id\":\"https:\/\/www.lhonorable.com\/en\/#organization\"},\"potentialAction\":[{\"@type\":\"SearchAction\",\"target\":{\"@type\":\"EntryPoint\",\"urlTemplate\":\"https:\/\/www.lhonorable.com\/en\/?s={search_term_string}\"},\"query-input\":{\"@type\":\"PropertyValueSpecification\",\"valueRequired\":true,\"valueName\":\"search_term_string\"}}],\"inLanguage\":\"en-US\"},{\"@type\":\"Organization\",\"@id\":\"https:\/\/www.lhonorable.com\/en\/#organization\",\"name\":\"L&#039;HONORABLE\",\"url\":\"https:\/\/www.lhonorable.com\/en\/\",\"logo\":{\"@type\":\"ImageObject\",\"inLanguage\":\"en-US\",\"@id\":\"https:\/\/www.lhonorable.com\/en\/#\/schema\/logo\/image\/\",\"url\":\"https:\/\/www.lhonorable.com\/wp-content\/uploads\/2022\/11\/logo.png\",\"contentUrl\":\"https:\/\/www.lhonorable.com\/wp-content\/uploads\/2022\/11\/logo.png\",\"width\":160,\"height\":97,\"caption\":\"L&#039;HONORABLE\"},\"image\":{\"@id\":\"https:\/\/www.lhonorable.com\/en\/#\/schema\/logo\/image\/\"},\"sameAs\":[\"https:\/\/www.facebook.com\/lHonorableElodieJoly\/\",\"https:\/\/www.instagram.com\/lhonorable.bijouxbrodes\/\",\"https:\/\/www.pinterest.fr\/lhonorable0282\/\"]}]}<\/script>\n<!-- \/ Yoast SEO plugin. -->","yoast_head_json":{"title":"Ines - poudreBroche - L&#039;HONORABLE","robots":{"index":"index","follow":"follow","max-snippet":"max-snippet:-1","max-image-preview":"max-image-preview:large","max-video-preview":"max-video-preview:-1"},"canonical":"https:\/\/www.lhonorable.com\/en\/produit\/ines-poudrebroche\/","og_locale":"en_US","og_type":"article","og_title":"Ines - poudreBroche - L&#039;HONORABLE","og_description":"Chaque bijou l'Honorable est enti\u00e8rement brod\u00e9 \u00e0 la main, avec patience et minutie. La broche In\u00e8s est brod\u00e9e d\u2019une multitude de paillettes, strass Swarovski et cristaux ligatur\u00e9s de soie et coton. Le dos de chaque bijou est encoll\u00e9 d'un cuir d'agneau, noir et fin, provenant de France ou d'Italie. L'attache de la broche est en laiton (sans nickel) et poss\u00e8de un syst\u00e8me de suret\u00e9. Cette attache ainsi que la m\u00e9daille de signature ont \u00e9t\u00e9 trait\u00e9es en argenture par un artisan doreur parisien. FORMAT: 10 x 5 cm","og_url":"https:\/\/www.lhonorable.com\/en\/produit\/ines-poudrebroche\/","og_site_name":"L&#039;HONORABLE","article_publisher":"https:\/\/www.facebook.com\/lHonorableElodieJoly\/","article_modified_time":"2026-01-05T21:04:25+00:00","og_image":[{"width":928,"height":1080,"url":"https:\/\/www.lhonorable.com\/wp-content\/uploads\/2022\/10\/lHonorable-Ines-broche-poudre.jpg","type":"image\/jpeg"}],"twitter_card":"summary_large_image","twitter_misc":{"Est. reading time":"1 minute"},"schema":{"@context":"https:\/\/schema.org","@graph":[{"@type":"WebPage","@id":"https:\/\/www.lhonorable.com\/en\/produit\/ines-poudrebroche\/","url":"https:\/\/www.lhonorable.com\/en\/produit\/ines-poudrebroche\/","name":"Ines - poudreBroche - L&#039;HONORABLE","isPartOf":{"@id":"https:\/\/www.lhonorable.com\/en\/#website"},"primaryImageOfPage":{"@id":"https:\/\/www.lhonorable.com\/en\/produit\/ines-poudrebroche\/#primaryimage"},"image":{"@id":"https:\/\/www.lhonorable.com\/en\/produit\/ines-poudrebroche\/#primaryimage"},"thumbnailUrl":"https:\/\/www.lhonorable.com\/wp-content\/uploads\/2022\/10\/lHonorable-Ines-broche-poudre.jpg","datePublished":"2025-11-07T13:00:36+00:00","dateModified":"2026-01-05T21:04:25+00:00","breadcrumb":{"@id":"https:\/\/www.lhonorable.com\/en\/produit\/ines-poudrebroche\/#breadcrumb"},"inLanguage":"en-US","potentialAction":[{"@type":"ReadAction","target":["https:\/\/www.lhonorable.com\/en\/produit\/ines-poudrebroche\/"]}]},{"@type":"ImageObject","inLanguage":"en-US","@id":"https:\/\/www.lhonorable.com\/en\/produit\/ines-poudrebroche\/#primaryimage","url":"https:\/\/www.lhonorable.com\/wp-content\/uploads\/2022\/10\/lHonorable-Ines-broche-poudre.jpg","contentUrl":"https:\/\/www.lhonorable.com\/wp-content\/uploads\/2022\/10\/lHonorable-Ines-broche-poudre.jpg","width":928,"height":1080},{"@type":"BreadcrumbList","@id":"https:\/\/www.lhonorable.com\/en\/produit\/ines-poudrebroche\/#breadcrumb","itemListElement":[{"@type":"ListItem","position":1,"name":"Shop","item":"https:\/\/www.lhonorable.com\/shop\/?lang=en"},{"@type":"ListItem","position":2,"name":"Ines &#8211; poudreBroche"}]},{"@type":"WebSite","@id":"https:\/\/www.lhonorable.com\/en\/#website","url":"https:\/\/www.lhonorable.com\/en\/","name":"L&#039;HONORABLE","description":"Maison fran\u00e7aise de bijoux brod\u00e9s \u00e0 la main","publisher":{"@id":"https:\/\/www.lhonorable.com\/en\/#organization"},"potentialAction":[{"@type":"SearchAction","target":{"@type":"EntryPoint","urlTemplate":"https:\/\/www.lhonorable.com\/en\/?s={search_term_string}"},"query-input":{"@type":"PropertyValueSpecification","valueRequired":true,"valueName":"search_term_string"}}],"inLanguage":"en-US"},{"@type":"Organization","@id":"https:\/\/www.lhonorable.com\/en\/#organization","name":"L&#039;HONORABLE","url":"https:\/\/www.lhonorable.com\/en\/","logo":{"@type":"ImageObject","inLanguage":"en-US","@id":"https:\/\/www.lhonorable.com\/en\/#\/schema\/logo\/image\/","url":"https:\/\/www.lhonorable.com\/wp-content\/uploads\/2022\/11\/logo.png","contentUrl":"https:\/\/www.lhonorable.com\/wp-content\/uploads\/2022\/11\/logo.png","width":160,"height":97,"caption":"L&#039;HONORABLE"},"image":{"@id":"https:\/\/www.lhonorable.com\/en\/#\/schema\/logo\/image\/"},"sameAs":["https:\/\/www.facebook.com\/lHonorableElodieJoly\/","https:\/\/www.instagram.com\/lhonorable.bijouxbrodes\/","https:\/\/www.pinterest.fr\/lhonorable0282\/"]}]}},"_links":{"self":[{"href":"https:\/\/www.lhonorable.com\/en\/wp-json\/wp\/v2\/product\/29343","targetHints":{"allow":["GET"]}}],"collection":[{"href":"https:\/\/www.lhonorable.com\/en\/wp-json\/wp\/v2\/product"}],"about":[{"href":"https:\/\/www.lhonorable.com\/en\/wp-json\/wp\/v2\/types\/product"}],"wp:featuredmedia":[{"embeddable":true,"href":"https:\/\/www.lhonorable.com\/en\/wp-json\/wp\/v2\/media\/170"}],"wp:attachment":[{"href":"https:\/\/www.lhonorable.com\/en\/wp-json\/wp\/v2\/media?parent=29343"}],"wp:term":[{"taxonomy":"product_brand","embeddable":true,"href":"https:\/\/www.lhonorable.com\/en\/wp-json\/wp\/v2\/product_brand?post=29343"},{"taxonomy":"product_cat","embeddable":true,"href":"https:\/\/www.lhonorable.com\/en\/wp-json\/wp\/v2\/product_cat?post=29343"},{"taxonomy":"product_tag","embeddable":true,"href":"https:\/\/www.lhonorable.com\/en\/wp-json\/wp\/v2\/product_tag?post=29343"}],"curies":[{"name":"wp","href":"https:\/\/api.w.org\/{rel}","templated":true}]}}