{"id":1928148,"date":"2026-04-17T14:00:28","date_gmt":"2026-04-17T12:00:28","guid":{"rendered":"https:\/\/www.lhonorable.com\/?post_type=product&#038;p=1928148"},"modified":"2026-04-19T22:39:23","modified_gmt":"2026-04-19T20:39:23","slug":"workshop-nantesfleurs-brodeessamedi-4-juillet-13h30-16h30hatelier","status":"publish","type":"product","link":"https:\/\/www.lhonorable.com\/en\/produit\/workshop-nantesfleurs-brodeessamedi-4-juillet-13h30-16h30hatelier\/","title":{"rendered":"Fleurs brod\u00e9es<br>Samedi 4 juillet<br>13h30\/16h30-Nantes<span class=\"htitleshop\">Atelier<\/span>"},"content":{"rendered":"","protected":false},"excerpt":{"rendered":"<p><strong>\u2764\u00a0<u>Apprendre \u00e0 broder des fleurs en volume en perles &amp; paillettes<\/u><br \/>\n\ud83d\udcc5 <em>Date : Samedi 4 juillet<br \/>\n<\/em>\u23f0 <em>Horaires : 13h30-16h30<\/em><br \/>\n<\/strong><\/p>\n<p>Poussez la porte de mon atelier nantais et plongez dans un univers foisonnant de perles et de paillettes pour apprendre \u00e0 broder des fleurs en volume.<br \/>\n\u00c0 la crois\u00e9e de la broderie d\u2019art et de l\u2019exploration intuitive, vous apprendrez \u00e0 cr\u00e9er du relief \u00e0 partir d\u2019\u00e9l\u00e9ments simples, en jouant avec les superpositions, les textures et les rythmes du fil.<\/p>\n<p>Le plus de ce workshop, c\u2019est qu\u2019il se d\u00e9roule <strong>dans mon atelier <\/strong><strong>de broderie nantais<\/strong>. Vous aurez donc acc\u00e8s \u00e0 une quantit\u00e9 incroyable de fournitures : perles de toutes sortes, paillettes fantaisie, bo\u00eetes pleines de cristaux, breloques et mille autres tr\u00e9sors accumul\u00e9s au fil des ann\u00e9es. Un joyeux bazar organis\u00e9 o\u00f9 l\u2019on prend le temps de farfouiller, d\u2019associer, d\u2019oser des combinaisons inattendues.<\/p>\n<p>Je mets \u00e0 votre disposition toute cette diversit\u00e9 de formes, de mati\u00e8res et de couleurs, et je vous accompagne dans vos choix pour que ces fleurs deviennent <strong>votre petit jardin <\/strong><strong>brod\u00e9<\/strong>.<\/p>\n<p>Une fois la technique acquise, elle devient un v\u00e9ritable terrain de jeu : id\u00e9ale pour imaginer de nouvelles compositions et cr\u00e9er librement selon vos envies.<\/p>\n<p>Lors de cet atelier, je vous guiderai pas \u00e0 pas pour :<\/p>\n<ul>\n<li>comprendre comment donner du relief \u00e0 une broderie,<\/li>\n<li>broder des fleurs en volume \u00e0 l\u2019aide de perles et de paillettes,<\/li>\n<li>associer mati\u00e8res, formes et couleurs,<\/li>\n<li>composer librement vos motifs floraux.<\/li>\n<\/ul>\n<p>Accessible aux d\u00e9butant.e.s, cet atelier est parfait pour celles et ceux qui se lancent en broderie ou qui n\u2019ont pas touch\u00e9 une aiguille depuis longtemps.<\/p>\n<ul>\n<li><strong>Tout le mat\u00e9riel est enti\u00e8rement fourni<\/strong><br \/>\n\u2022 Niveau : d\u00e9butant.e, accessible aux enfants \u00e0 partir de 12 ans<br \/>\n\u2022 Mon atelier est rattach\u00e9 \u00e0 mon domicile \u00e0 Nantes, dans une rue calme o\u00f9 l&#8217;on entend chanter les oiseaux<\/li>\n<\/ul>\n<p>Les places sont limit\u00e9es, alors ne tardez pas \u00e0 r\u00e9server la v\u00f4tre et pensez \u00e0 proposer \u00e0 un.e ami.e de vous accompagner, c\u2019est toujours encore plus chouette de cr\u00e9er \u00e0 plusieurs\u00a0!\u2728<\/p>\n<p>\ud83d\udccd L\u2019adresse exacte et les infos pratiques (transport et stationnement) vous seront envoy\u00e9es par mail peu de temps apr\u00e8s votre inscription.<\/p>\n<p><strong>Attention :<\/strong><\/p>\n<ul>\n<li>L\u2019atelier n\u2019est pas accessible en fauteuil roulant (3 marches \u00e0 l\u2019entr\u00e9e).<\/li>\n<li>Toute place r\u00e9serv\u00e9e sur l\u2019eshop pour un atelier n\u2019est ni annulable ni remboursable. N\u2019h\u00e9sitez pas \u00e0 m\u2019\u00e9crire en amont si vous avez la moindre question.<\/li>\n<li>En de\u00e7\u00e0 d\u2019un nombre minimum de participants, je me r\u00e9serve le droit d\u2019annuler (remboursement int\u00e9gral) ou de reporter l\u2019atelier. Dans tous les cas, vous serez bien entendu pr\u00e9venus par email.<\/li>\n<li>\u00c2ge minimum : 12 ans, accompagn\u00e9 d\u2019un adulte (en solo : \u00e0 partir de 16 ans).<\/li>\n<\/ul>\n","protected":false},"featured_media":1928278,"template":"","meta":[],"product_brand":[],"product_cat":[77],"product_tag":[],"class_list":{"0":"post-1928148","1":"product","2":"type-product","3":"status-publish","4":"has-post-thumbnail","6":"product_cat-ateliers","8":"first","9":"instock","10":"virtual","11":"purchasable","12":"product-type-simple"},"yoast_head":"<!-- This site is optimized with the Yoast SEO plugin v27.2 - https:\/\/yoast.com\/product\/yoast-seo-wordpress\/ -->\n<title>Fleurs brod\u00e9esSamedi 4 juillet13h30\/16h30-NantesAtelier - L&#039;HONORABLE<\/title>\n<meta name=\"description\" content=\"Vous r\u00eaver de d\u00e9couvrir la broderie fantaisie, que vous soyez d\u00e9butante ou experte, je vous accompagne dans la r\u00e9alisation de fleurs brod\u00e9es\" \/>\n<meta name=\"robots\" content=\"index, follow, max-snippet:-1, max-image-preview:large, max-video-preview:-1\" \/>\n<link rel=\"canonical\" href=\"https:\/\/www.lhonorable.com\/en\/produit\/workshop-nantesfleurs-brodeessamedi-4-juillet-13h30-16h30hatelier\/\" \/>\n<meta property=\"og:locale\" content=\"en_US\" \/>\n<meta property=\"og:type\" content=\"article\" \/>\n<meta property=\"og:title\" content=\"Fleurs brod\u00e9esSamedi 4 juillet13h30\/16h30-NantesAtelier - L&#039;HONORABLE\" \/>\n<meta property=\"og:description\" content=\"Vous r\u00eaver de d\u00e9couvrir la broderie fantaisie, que vous soyez d\u00e9butante ou experte, je vous accompagne dans la r\u00e9alisation de fleurs brod\u00e9es\" \/>\n<meta property=\"og:url\" content=\"https:\/\/www.lhonorable.com\/en\/produit\/workshop-nantesfleurs-brodeessamedi-4-juillet-13h30-16h30hatelier\/\" \/>\n<meta property=\"og:site_name\" content=\"L&#039;HONORABLE\" \/>\n<meta property=\"article:publisher\" content=\"https:\/\/www.facebook.com\/lHonorableElodieJoly\/\" \/>\n<meta property=\"article:modified_time\" content=\"2026-04-19T20:39:23+00:00\" \/>\n<meta property=\"og:image\" content=\"https:\/\/www.lhonorable.com\/wp-content\/uploads\/2026\/02\/lHonorable-workshop-broderie10.jpg\" \/>\n\t<meta property=\"og:image:width\" content=\"810\" \/>\n\t<meta property=\"og:image:height\" content=\"1080\" \/>\n\t<meta property=\"og:image:type\" content=\"image\/jpeg\" \/>\n<meta name=\"twitter:card\" content=\"summary_large_image\" \/>\n<meta name=\"twitter:label1\" content=\"Est. reading time\" \/>\n\t<meta name=\"twitter:data1\" content=\"1 minute\" \/>\n<script type=\"application\/ld+json\" class=\"yoast-schema-graph\">{\"@context\":\"https:\/\/schema.org\",\"@graph\":[{\"@type\":\"WebPage\",\"@id\":\"https:\/\/www.lhonorable.com\/en\/produit\/workshop-nantesfleurs-brodeessamedi-4-juillet-13h30-16h30hatelier\/\",\"url\":\"https:\/\/www.lhonorable.com\/en\/produit\/workshop-nantesfleurs-brodeessamedi-4-juillet-13h30-16h30hatelier\/\",\"name\":\"Fleurs brod\u00e9es Samedi 4 juillet 13h30\/16h30-NantesAtelier - L&#039;HONORABLE\",\"isPartOf\":{\"@id\":\"https:\/\/www.lhonorable.com\/en\/#website\"},\"primaryImageOfPage\":{\"@id\":\"https:\/\/www.lhonorable.com\/en\/produit\/workshop-nantesfleurs-brodeessamedi-4-juillet-13h30-16h30hatelier\/#primaryimage\"},\"image\":{\"@id\":\"https:\/\/www.lhonorable.com\/en\/produit\/workshop-nantesfleurs-brodeessamedi-4-juillet-13h30-16h30hatelier\/#primaryimage\"},\"thumbnailUrl\":\"https:\/\/www.lhonorable.com\/wp-content\/uploads\/2026\/02\/lHonorable-workshop-broderie10.jpg\",\"datePublished\":\"2026-04-17T12:00:28+00:00\",\"dateModified\":\"2026-04-19T20:39:23+00:00\",\"description\":\"Vous r\u00eaver de d\u00e9couvrir la broderie fantaisie, que vous soyez d\u00e9butante ou experte, je vous accompagne dans la r\u00e9alisation de fleurs brod\u00e9es\",\"breadcrumb\":{\"@id\":\"https:\/\/www.lhonorable.com\/en\/produit\/workshop-nantesfleurs-brodeessamedi-4-juillet-13h30-16h30hatelier\/#breadcrumb\"},\"inLanguage\":\"en-US\",\"potentialAction\":[{\"@type\":\"ReadAction\",\"target\":[\"https:\/\/www.lhonorable.com\/en\/produit\/workshop-nantesfleurs-brodeessamedi-4-juillet-13h30-16h30hatelier\/\"]}]},{\"@type\":\"ImageObject\",\"inLanguage\":\"en-US\",\"@id\":\"https:\/\/www.lhonorable.com\/en\/produit\/workshop-nantesfleurs-brodeessamedi-4-juillet-13h30-16h30hatelier\/#primaryimage\",\"url\":\"https:\/\/www.lhonorable.com\/wp-content\/uploads\/2026\/02\/lHonorable-workshop-broderie10.jpg\",\"contentUrl\":\"https:\/\/www.lhonorable.com\/wp-content\/uploads\/2026\/02\/lHonorable-workshop-broderie10.jpg\",\"width\":810,\"height\":1080,\"caption\":\"fleurs brod\u00e9es\"},{\"@type\":\"BreadcrumbList\",\"@id\":\"https:\/\/www.lhonorable.com\/en\/produit\/workshop-nantesfleurs-brodeessamedi-4-juillet-13h30-16h30hatelier\/#breadcrumb\",\"itemListElement\":[{\"@type\":\"ListItem\",\"position\":1,\"name\":\"Shop\",\"item\":\"https:\/\/www.lhonorable.com\/shop\/?lang=en\"},{\"@type\":\"ListItem\",\"position\":2,\"name\":\"Fleurs brod\u00e9esSamedi 4 juillet13h30\/16h30-NantesAtelier\"}]},{\"@type\":\"WebSite\",\"@id\":\"https:\/\/www.lhonorable.com\/en\/#website\",\"url\":\"https:\/\/www.lhonorable.com\/en\/\",\"name\":\"L&#039;HONORABLE\",\"description\":\"Maison fran\u00e7aise de bijoux brod\u00e9s \u00e0 la main\",\"publisher\":{\"@id\":\"https:\/\/www.lhonorable.com\/en\/#organization\"},\"potentialAction\":[{\"@type\":\"SearchAction\",\"target\":{\"@type\":\"EntryPoint\",\"urlTemplate\":\"https:\/\/www.lhonorable.com\/en\/?s={search_term_string}\"},\"query-input\":{\"@type\":\"PropertyValueSpecification\",\"valueRequired\":true,\"valueName\":\"search_term_string\"}}],\"inLanguage\":\"en-US\"},{\"@type\":\"Organization\",\"@id\":\"https:\/\/www.lhonorable.com\/en\/#organization\",\"name\":\"L&#039;HONORABLE\",\"url\":\"https:\/\/www.lhonorable.com\/en\/\",\"logo\":{\"@type\":\"ImageObject\",\"inLanguage\":\"en-US\",\"@id\":\"https:\/\/www.lhonorable.com\/en\/#\/schema\/logo\/image\/\",\"url\":\"https:\/\/www.lhonorable.com\/wp-content\/uploads\/2022\/11\/logo.png\",\"contentUrl\":\"https:\/\/www.lhonorable.com\/wp-content\/uploads\/2022\/11\/logo.png\",\"width\":160,\"height\":97,\"caption\":\"L&#039;HONORABLE\"},\"image\":{\"@id\":\"https:\/\/www.lhonorable.com\/en\/#\/schema\/logo\/image\/\"},\"sameAs\":[\"https:\/\/www.facebook.com\/lHonorableElodieJoly\/\",\"https:\/\/www.instagram.com\/lhonorable.bijouxbrodes\/\",\"https:\/\/www.pinterest.fr\/lhonorable0282\/\"]}]}<\/script>\n<!-- \/ Yoast SEO plugin. -->","yoast_head_json":{"title":"Fleurs brod\u00e9esSamedi 4 juillet13h30\/16h30-NantesAtelier - L&#039;HONORABLE","description":"Vous r\u00eaver de d\u00e9couvrir la broderie fantaisie, que vous soyez d\u00e9butante ou experte, je vous accompagne dans la r\u00e9alisation de fleurs brod\u00e9es","robots":{"index":"index","follow":"follow","max-snippet":"max-snippet:-1","max-image-preview":"max-image-preview:large","max-video-preview":"max-video-preview:-1"},"canonical":"https:\/\/www.lhonorable.com\/en\/produit\/workshop-nantesfleurs-brodeessamedi-4-juillet-13h30-16h30hatelier\/","og_locale":"en_US","og_type":"article","og_title":"Fleurs brod\u00e9esSamedi 4 juillet13h30\/16h30-NantesAtelier - L&#039;HONORABLE","og_description":"Vous r\u00eaver de d\u00e9couvrir la broderie fantaisie, que vous soyez d\u00e9butante ou experte, je vous accompagne dans la r\u00e9alisation de fleurs brod\u00e9es","og_url":"https:\/\/www.lhonorable.com\/en\/produit\/workshop-nantesfleurs-brodeessamedi-4-juillet-13h30-16h30hatelier\/","og_site_name":"L&#039;HONORABLE","article_publisher":"https:\/\/www.facebook.com\/lHonorableElodieJoly\/","article_modified_time":"2026-04-19T20:39:23+00:00","og_image":[{"width":810,"height":1080,"url":"https:\/\/www.lhonorable.com\/wp-content\/uploads\/2026\/02\/lHonorable-workshop-broderie10.jpg","type":"image\/jpeg"}],"twitter_card":"summary_large_image","twitter_misc":{"Est. reading time":"1 minute"},"schema":{"@context":"https:\/\/schema.org","@graph":[{"@type":"WebPage","@id":"https:\/\/www.lhonorable.com\/en\/produit\/workshop-nantesfleurs-brodeessamedi-4-juillet-13h30-16h30hatelier\/","url":"https:\/\/www.lhonorable.com\/en\/produit\/workshop-nantesfleurs-brodeessamedi-4-juillet-13h30-16h30hatelier\/","name":"Fleurs brod\u00e9es Samedi 4 juillet 13h30\/16h30-NantesAtelier - L&#039;HONORABLE","isPartOf":{"@id":"https:\/\/www.lhonorable.com\/en\/#website"},"primaryImageOfPage":{"@id":"https:\/\/www.lhonorable.com\/en\/produit\/workshop-nantesfleurs-brodeessamedi-4-juillet-13h30-16h30hatelier\/#primaryimage"},"image":{"@id":"https:\/\/www.lhonorable.com\/en\/produit\/workshop-nantesfleurs-brodeessamedi-4-juillet-13h30-16h30hatelier\/#primaryimage"},"thumbnailUrl":"https:\/\/www.lhonorable.com\/wp-content\/uploads\/2026\/02\/lHonorable-workshop-broderie10.jpg","datePublished":"2026-04-17T12:00:28+00:00","dateModified":"2026-04-19T20:39:23+00:00","description":"Vous r\u00eaver de d\u00e9couvrir la broderie fantaisie, que vous soyez d\u00e9butante ou experte, je vous accompagne dans la r\u00e9alisation de fleurs brod\u00e9es","breadcrumb":{"@id":"https:\/\/www.lhonorable.com\/en\/produit\/workshop-nantesfleurs-brodeessamedi-4-juillet-13h30-16h30hatelier\/#breadcrumb"},"inLanguage":"en-US","potentialAction":[{"@type":"ReadAction","target":["https:\/\/www.lhonorable.com\/en\/produit\/workshop-nantesfleurs-brodeessamedi-4-juillet-13h30-16h30hatelier\/"]}]},{"@type":"ImageObject","inLanguage":"en-US","@id":"https:\/\/www.lhonorable.com\/en\/produit\/workshop-nantesfleurs-brodeessamedi-4-juillet-13h30-16h30hatelier\/#primaryimage","url":"https:\/\/www.lhonorable.com\/wp-content\/uploads\/2026\/02\/lHonorable-workshop-broderie10.jpg","contentUrl":"https:\/\/www.lhonorable.com\/wp-content\/uploads\/2026\/02\/lHonorable-workshop-broderie10.jpg","width":810,"height":1080,"caption":"fleurs brod\u00e9es"},{"@type":"BreadcrumbList","@id":"https:\/\/www.lhonorable.com\/en\/produit\/workshop-nantesfleurs-brodeessamedi-4-juillet-13h30-16h30hatelier\/#breadcrumb","itemListElement":[{"@type":"ListItem","position":1,"name":"Shop","item":"https:\/\/www.lhonorable.com\/shop\/?lang=en"},{"@type":"ListItem","position":2,"name":"Fleurs brod\u00e9esSamedi 4 juillet13h30\/16h30-NantesAtelier"}]},{"@type":"WebSite","@id":"https:\/\/www.lhonorable.com\/en\/#website","url":"https:\/\/www.lhonorable.com\/en\/","name":"L&#039;HONORABLE","description":"Maison fran\u00e7aise de bijoux brod\u00e9s \u00e0 la main","publisher":{"@id":"https:\/\/www.lhonorable.com\/en\/#organization"},"potentialAction":[{"@type":"SearchAction","target":{"@type":"EntryPoint","urlTemplate":"https:\/\/www.lhonorable.com\/en\/?s={search_term_string}"},"query-input":{"@type":"PropertyValueSpecification","valueRequired":true,"valueName":"search_term_string"}}],"inLanguage":"en-US"},{"@type":"Organization","@id":"https:\/\/www.lhonorable.com\/en\/#organization","name":"L&#039;HONORABLE","url":"https:\/\/www.lhonorable.com\/en\/","logo":{"@type":"ImageObject","inLanguage":"en-US","@id":"https:\/\/www.lhonorable.com\/en\/#\/schema\/logo\/image\/","url":"https:\/\/www.lhonorable.com\/wp-content\/uploads\/2022\/11\/logo.png","contentUrl":"https:\/\/www.lhonorable.com\/wp-content\/uploads\/2022\/11\/logo.png","width":160,"height":97,"caption":"L&#039;HONORABLE"},"image":{"@id":"https:\/\/www.lhonorable.com\/en\/#\/schema\/logo\/image\/"},"sameAs":["https:\/\/www.facebook.com\/lHonorableElodieJoly\/","https:\/\/www.instagram.com\/lhonorable.bijouxbrodes\/","https:\/\/www.pinterest.fr\/lhonorable0282\/"]}]}},"_links":{"self":[{"href":"https:\/\/www.lhonorable.com\/en\/wp-json\/wp\/v2\/product\/1928148","targetHints":{"allow":["GET"]}}],"collection":[{"href":"https:\/\/www.lhonorable.com\/en\/wp-json\/wp\/v2\/product"}],"about":[{"href":"https:\/\/www.lhonorable.com\/en\/wp-json\/wp\/v2\/types\/product"}],"wp:featuredmedia":[{"embeddable":true,"href":"https:\/\/www.lhonorable.com\/en\/wp-json\/wp\/v2\/media\/1928278"}],"wp:attachment":[{"href":"https:\/\/www.lhonorable.com\/en\/wp-json\/wp\/v2\/media?parent=1928148"}],"wp:term":[{"taxonomy":"product_brand","embeddable":true,"href":"https:\/\/www.lhonorable.com\/en\/wp-json\/wp\/v2\/product_brand?post=1928148"},{"taxonomy":"product_cat","embeddable":true,"href":"https:\/\/www.lhonorable.com\/en\/wp-json\/wp\/v2\/product_cat?post=1928148"},{"taxonomy":"product_tag","embeddable":true,"href":"https:\/\/www.lhonorable.com\/en\/wp-json\/wp\/v2\/product_tag?post=1928148"}],"curies":[{"name":"wp","href":"https:\/\/api.w.org\/{rel}","templated":true}]}}