{"id":191197,"date":"2023-12-15T18:07:32","date_gmt":"2023-12-15T17:07:32","guid":{"rendered":"https:\/\/www.lhonorable.com\/?post_type=product&#038;p=191197"},"modified":"2023-12-15T18:18:02","modified_gmt":"2023-12-15T17:18:02","slug":"bloom-rougebijou-de-maison","status":"publish","type":"product","link":"https:\/\/www.lhonorable.com\/en\/produit\/bloom-rougebijou-de-maison\/","title":{"rendered":"BLOOM \/ rouge<span class=\"htitleshop\">Bijou de maison<\/span>"},"content":{"rendered":"<p>Le bijou de Maison BLOOM a \u00e9t\u00e9 enti\u00e8rement r\u00e9alis\u00e9 \u00e0 Nantes et dans ses environs.<\/p>\n<p>D&#8217;inspiration botanique, ce m\u00e9daillon v\u00e9g\u00e9tal brod\u00e9 au fil d&#8217;or sur un velours doux et brillant, donnera une singularit\u00e9 et une touche d&#8217;\u00e9clat \u00e0 votre d\u00e9coration int\u00e9rieure.<\/p>\n<p>Cadre en bois massif fran\u00e7ais, fabriqu\u00e9 dans le Jura. Dimensions : 20 x 26 x 3,5 cm. Fixations au dos pour \u00eatre accroch\u00e9 au mur ou simplement pos\u00e9 sur une console.<\/p>\n<p>Existe en 3 coloris: vert for\u00eat, bleu canard &amp; rouge th\u00e9\u00e2tre.<\/p>\n","protected":false},"excerpt":{"rendered":"<p>Cadre avec broderie au fil d&#8217;or sur velours<\/p>\n","protected":false},"featured_media":191202,"template":"","meta":[],"product_brand":[],"product_cat":[26,27],"product_tag":[],"class_list":{"0":"post-191197","1":"product","2":"type-product","3":"status-publish","4":"has-post-thumbnail","6":"product_cat-bijoux-de-maison","7":"product_cat-les-kits-de-broderie","9":"first","10":"instock","11":"purchasable","12":"product-type-simple"},"yoast_head":"<!-- This site is optimized with the Yoast SEO plugin v27.2 - https:\/\/yoast.com\/product\/yoast-seo-wordpress\/ -->\n<title>BLOOM \/ rougeBijou de maison - L&#039;HONORABLE<\/title>\n<meta name=\"description\" content=\"Le bijou de Maison BLOOM a \u00e9t\u00e9 enti\u00e8rement r\u00e9alis\u00e9 \u00e0 Nantes et dans ses environs. D&#039;inspiration botanique, ce m\u00e9daillon v\u00e9g\u00e9tal brod\u00e9 au fil d&#039;or...\" \/>\n<meta name=\"robots\" content=\"index, follow, max-snippet:-1, max-image-preview:large, max-video-preview:-1\" \/>\n<link rel=\"canonical\" href=\"https:\/\/www.lhonorable.com\/en\/produit\/bloom-rougebijou-de-maison\/\" \/>\n<meta property=\"og:locale\" content=\"en_US\" \/>\n<meta property=\"og:type\" content=\"article\" \/>\n<meta property=\"og:title\" content=\"BLOOM \/ rougeBijou de maison - L&#039;HONORABLE\" \/>\n<meta property=\"og:description\" content=\"Le bijou de Maison BLOOM a \u00e9t\u00e9 enti\u00e8rement r\u00e9alis\u00e9 \u00e0 Nantes et dans ses environs. D&#039;inspiration botanique, ce m\u00e9daillon v\u00e9g\u00e9tal brod\u00e9 au fil d&#039;or...\" \/>\n<meta property=\"og:url\" content=\"https:\/\/www.lhonorable.com\/en\/produit\/bloom-rougebijou-de-maison\/\" \/>\n<meta property=\"og:site_name\" content=\"L&#039;HONORABLE\" \/>\n<meta property=\"article:publisher\" content=\"https:\/\/www.facebook.com\/lHonorableElodieJoly\/\" \/>\n<meta property=\"article:modified_time\" content=\"2023-12-15T17:18:02+00:00\" \/>\n<meta property=\"og:image\" content=\"https:\/\/www.lhonorable.com\/wp-content\/uploads\/2023\/12\/lHonorable-BLOOM-rouge-min.jpg\" \/>\n\t<meta property=\"og:image:width\" content=\"945\" \/>\n\t<meta property=\"og:image:height\" content=\"1100\" \/>\n\t<meta property=\"og:image:type\" content=\"image\/jpeg\" \/>\n<meta name=\"twitter:card\" content=\"summary_large_image\" \/>\n<meta name=\"twitter:label1\" content=\"Est. reading time\" \/>\n\t<meta name=\"twitter:data1\" content=\"1 minute\" \/>\n<script type=\"application\/ld+json\" class=\"yoast-schema-graph\">{\"@context\":\"https:\/\/schema.org\",\"@graph\":[{\"@type\":\"WebPage\",\"@id\":\"https:\/\/www.lhonorable.com\/en\/produit\/bloom-rougebijou-de-maison\/\",\"url\":\"https:\/\/www.lhonorable.com\/en\/produit\/bloom-rougebijou-de-maison\/\",\"name\":\"BLOOM \/ rougeBijou de maison - L&#039;HONORABLE\",\"isPartOf\":{\"@id\":\"https:\/\/www.lhonorable.com\/en\/#website\"},\"primaryImageOfPage\":{\"@id\":\"https:\/\/www.lhonorable.com\/en\/produit\/bloom-rougebijou-de-maison\/#primaryimage\"},\"image\":{\"@id\":\"https:\/\/www.lhonorable.com\/en\/produit\/bloom-rougebijou-de-maison\/#primaryimage\"},\"thumbnailUrl\":\"https:\/\/www.lhonorable.com\/wp-content\/uploads\/2023\/12\/lHonorable-BLOOM-rouge-min.jpg\",\"datePublished\":\"2023-12-15T17:07:32+00:00\",\"dateModified\":\"2023-12-15T17:18:02+00:00\",\"description\":\"Le bijou de Maison BLOOM a \u00e9t\u00e9 enti\u00e8rement r\u00e9alis\u00e9 \u00e0 Nantes et dans ses environs. D'inspiration botanique, ce m\u00e9daillon v\u00e9g\u00e9tal brod\u00e9 au fil d'or...\",\"breadcrumb\":{\"@id\":\"https:\/\/www.lhonorable.com\/en\/produit\/bloom-rougebijou-de-maison\/#breadcrumb\"},\"inLanguage\":\"en-US\",\"potentialAction\":[{\"@type\":\"ReadAction\",\"target\":[\"https:\/\/www.lhonorable.com\/en\/produit\/bloom-rougebijou-de-maison\/\"]}]},{\"@type\":\"ImageObject\",\"inLanguage\":\"en-US\",\"@id\":\"https:\/\/www.lhonorable.com\/en\/produit\/bloom-rougebijou-de-maison\/#primaryimage\",\"url\":\"https:\/\/www.lhonorable.com\/wp-content\/uploads\/2023\/12\/lHonorable-BLOOM-rouge-min.jpg\",\"contentUrl\":\"https:\/\/www.lhonorable.com\/wp-content\/uploads\/2023\/12\/lHonorable-BLOOM-rouge-min.jpg\",\"width\":928,\"height\":1080,\"caption\":\"cadre broderie au fil d'or\"},{\"@type\":\"BreadcrumbList\",\"@id\":\"https:\/\/www.lhonorable.com\/en\/produit\/bloom-rougebijou-de-maison\/#breadcrumb\",\"itemListElement\":[{\"@type\":\"ListItem\",\"position\":1,\"name\":\"Shop\",\"item\":\"https:\/\/www.lhonorable.com\/shop\/?lang=en\"},{\"@type\":\"ListItem\",\"position\":2,\"name\":\"BLOOM \/ rougeBijou de maison\"}]},{\"@type\":\"WebSite\",\"@id\":\"https:\/\/www.lhonorable.com\/en\/#website\",\"url\":\"https:\/\/www.lhonorable.com\/en\/\",\"name\":\"L&#039;HONORABLE\",\"description\":\"Maison fran\u00e7aise de bijoux brod\u00e9s \u00e0 la main\",\"publisher\":{\"@id\":\"https:\/\/www.lhonorable.com\/en\/#organization\"},\"potentialAction\":[{\"@type\":\"SearchAction\",\"target\":{\"@type\":\"EntryPoint\",\"urlTemplate\":\"https:\/\/www.lhonorable.com\/en\/?s={search_term_string}\"},\"query-input\":{\"@type\":\"PropertyValueSpecification\",\"valueRequired\":true,\"valueName\":\"search_term_string\"}}],\"inLanguage\":\"en-US\"},{\"@type\":\"Organization\",\"@id\":\"https:\/\/www.lhonorable.com\/en\/#organization\",\"name\":\"L&#039;HONORABLE\",\"url\":\"https:\/\/www.lhonorable.com\/en\/\",\"logo\":{\"@type\":\"ImageObject\",\"inLanguage\":\"en-US\",\"@id\":\"https:\/\/www.lhonorable.com\/en\/#\/schema\/logo\/image\/\",\"url\":\"https:\/\/www.lhonorable.com\/wp-content\/uploads\/2022\/11\/logo.png\",\"contentUrl\":\"https:\/\/www.lhonorable.com\/wp-content\/uploads\/2022\/11\/logo.png\",\"width\":160,\"height\":97,\"caption\":\"L&#039;HONORABLE\"},\"image\":{\"@id\":\"https:\/\/www.lhonorable.com\/en\/#\/schema\/logo\/image\/\"},\"sameAs\":[\"https:\/\/www.facebook.com\/lHonorableElodieJoly\/\",\"https:\/\/www.instagram.com\/lhonorable.bijouxbrodes\/\",\"https:\/\/www.pinterest.fr\/lhonorable0282\/\"]}]}<\/script>\n<!-- \/ Yoast SEO plugin. -->","yoast_head_json":{"title":"BLOOM \/ rougeBijou de maison - L&#039;HONORABLE","description":"Le bijou de Maison BLOOM a \u00e9t\u00e9 enti\u00e8rement r\u00e9alis\u00e9 \u00e0 Nantes et dans ses environs. D'inspiration botanique, ce m\u00e9daillon v\u00e9g\u00e9tal brod\u00e9 au fil d'or...","robots":{"index":"index","follow":"follow","max-snippet":"max-snippet:-1","max-image-preview":"max-image-preview:large","max-video-preview":"max-video-preview:-1"},"canonical":"https:\/\/www.lhonorable.com\/en\/produit\/bloom-rougebijou-de-maison\/","og_locale":"en_US","og_type":"article","og_title":"BLOOM \/ rougeBijou de maison - L&#039;HONORABLE","og_description":"Le bijou de Maison BLOOM a \u00e9t\u00e9 enti\u00e8rement r\u00e9alis\u00e9 \u00e0 Nantes et dans ses environs. D'inspiration botanique, ce m\u00e9daillon v\u00e9g\u00e9tal brod\u00e9 au fil d'or...","og_url":"https:\/\/www.lhonorable.com\/en\/produit\/bloom-rougebijou-de-maison\/","og_site_name":"L&#039;HONORABLE","article_publisher":"https:\/\/www.facebook.com\/lHonorableElodieJoly\/","article_modified_time":"2023-12-15T17:18:02+00:00","og_image":[{"width":945,"height":1100,"url":"https:\/\/www.lhonorable.com\/wp-content\/uploads\/2023\/12\/lHonorable-BLOOM-rouge-min.jpg","type":"image\/jpeg"}],"twitter_card":"summary_large_image","twitter_misc":{"Est. reading time":"1 minute"},"schema":{"@context":"https:\/\/schema.org","@graph":[{"@type":"WebPage","@id":"https:\/\/www.lhonorable.com\/en\/produit\/bloom-rougebijou-de-maison\/","url":"https:\/\/www.lhonorable.com\/en\/produit\/bloom-rougebijou-de-maison\/","name":"BLOOM \/ rougeBijou de maison - L&#039;HONORABLE","isPartOf":{"@id":"https:\/\/www.lhonorable.com\/en\/#website"},"primaryImageOfPage":{"@id":"https:\/\/www.lhonorable.com\/en\/produit\/bloom-rougebijou-de-maison\/#primaryimage"},"image":{"@id":"https:\/\/www.lhonorable.com\/en\/produit\/bloom-rougebijou-de-maison\/#primaryimage"},"thumbnailUrl":"https:\/\/www.lhonorable.com\/wp-content\/uploads\/2023\/12\/lHonorable-BLOOM-rouge-min.jpg","datePublished":"2023-12-15T17:07:32+00:00","dateModified":"2023-12-15T17:18:02+00:00","description":"Le bijou de Maison BLOOM a \u00e9t\u00e9 enti\u00e8rement r\u00e9alis\u00e9 \u00e0 Nantes et dans ses environs. D'inspiration botanique, ce m\u00e9daillon v\u00e9g\u00e9tal brod\u00e9 au fil d'or...","breadcrumb":{"@id":"https:\/\/www.lhonorable.com\/en\/produit\/bloom-rougebijou-de-maison\/#breadcrumb"},"inLanguage":"en-US","potentialAction":[{"@type":"ReadAction","target":["https:\/\/www.lhonorable.com\/en\/produit\/bloom-rougebijou-de-maison\/"]}]},{"@type":"ImageObject","inLanguage":"en-US","@id":"https:\/\/www.lhonorable.com\/en\/produit\/bloom-rougebijou-de-maison\/#primaryimage","url":"https:\/\/www.lhonorable.com\/wp-content\/uploads\/2023\/12\/lHonorable-BLOOM-rouge-min.jpg","contentUrl":"https:\/\/www.lhonorable.com\/wp-content\/uploads\/2023\/12\/lHonorable-BLOOM-rouge-min.jpg","width":928,"height":1080,"caption":"cadre broderie au fil d'or"},{"@type":"BreadcrumbList","@id":"https:\/\/www.lhonorable.com\/en\/produit\/bloom-rougebijou-de-maison\/#breadcrumb","itemListElement":[{"@type":"ListItem","position":1,"name":"Shop","item":"https:\/\/www.lhonorable.com\/shop\/?lang=en"},{"@type":"ListItem","position":2,"name":"BLOOM \/ rougeBijou de maison"}]},{"@type":"WebSite","@id":"https:\/\/www.lhonorable.com\/en\/#website","url":"https:\/\/www.lhonorable.com\/en\/","name":"L&#039;HONORABLE","description":"Maison fran\u00e7aise de bijoux brod\u00e9s \u00e0 la main","publisher":{"@id":"https:\/\/www.lhonorable.com\/en\/#organization"},"potentialAction":[{"@type":"SearchAction","target":{"@type":"EntryPoint","urlTemplate":"https:\/\/www.lhonorable.com\/en\/?s={search_term_string}"},"query-input":{"@type":"PropertyValueSpecification","valueRequired":true,"valueName":"search_term_string"}}],"inLanguage":"en-US"},{"@type":"Organization","@id":"https:\/\/www.lhonorable.com\/en\/#organization","name":"L&#039;HONORABLE","url":"https:\/\/www.lhonorable.com\/en\/","logo":{"@type":"ImageObject","inLanguage":"en-US","@id":"https:\/\/www.lhonorable.com\/en\/#\/schema\/logo\/image\/","url":"https:\/\/www.lhonorable.com\/wp-content\/uploads\/2022\/11\/logo.png","contentUrl":"https:\/\/www.lhonorable.com\/wp-content\/uploads\/2022\/11\/logo.png","width":160,"height":97,"caption":"L&#039;HONORABLE"},"image":{"@id":"https:\/\/www.lhonorable.com\/en\/#\/schema\/logo\/image\/"},"sameAs":["https:\/\/www.facebook.com\/lHonorableElodieJoly\/","https:\/\/www.instagram.com\/lhonorable.bijouxbrodes\/","https:\/\/www.pinterest.fr\/lhonorable0282\/"]}]}},"_links":{"self":[{"href":"https:\/\/www.lhonorable.com\/en\/wp-json\/wp\/v2\/product\/191197","targetHints":{"allow":["GET"]}}],"collection":[{"href":"https:\/\/www.lhonorable.com\/en\/wp-json\/wp\/v2\/product"}],"about":[{"href":"https:\/\/www.lhonorable.com\/en\/wp-json\/wp\/v2\/types\/product"}],"wp:featuredmedia":[{"embeddable":true,"href":"https:\/\/www.lhonorable.com\/en\/wp-json\/wp\/v2\/media\/191202"}],"wp:attachment":[{"href":"https:\/\/www.lhonorable.com\/en\/wp-json\/wp\/v2\/media?parent=191197"}],"wp:term":[{"taxonomy":"product_brand","embeddable":true,"href":"https:\/\/www.lhonorable.com\/en\/wp-json\/wp\/v2\/product_brand?post=191197"},{"taxonomy":"product_cat","embeddable":true,"href":"https:\/\/www.lhonorable.com\/en\/wp-json\/wp\/v2\/product_cat?post=191197"},{"taxonomy":"product_tag","embeddable":true,"href":"https:\/\/www.lhonorable.com\/en\/wp-json\/wp\/v2\/product_tag?post=191197"}],"curies":[{"name":"wp","href":"https:\/\/api.w.org\/{rel}","templated":true}]}}