{"id":1671933,"date":"2025-11-20T17:12:51","date_gmt":"2025-11-20T16:12:51","guid":{"rendered":"https:\/\/www.lhonorable.com\/?post_type=product&#038;p=1671933"},"modified":"2025-11-20T17:12:52","modified_gmt":"2025-11-20T16:12:52","slug":"ebook-objets-precieux","status":"publish","type":"product","link":"https:\/\/www.lhonorable.com\/en\/produit\/ebook-objets-precieux\/","title":{"rendered":"Ebook &#8211; Objets pr\u00e9cieux"},"content":{"rendered":"<p>Ebook objets pr\u00e9cieux<\/p>\n","protected":false},"excerpt":{"rendered":"<h2><strong><u>Ebook Objets pr\u00e9cieux &#8211; Petites merveilles \u00e0 broder et \u00e0 repousser <\/u><\/strong><u>(broderie &amp; m\u00e9tal repouss\u00e9)<\/u><\/h2>\n<p>Plongez dans un univers o\u00f9 broderie fantaisie et m\u00e9tal repouss\u00e9 dialoguent pour donner vie \u00e0 une <strong>collection inspir\u00e9e des cabinets de curiosit\u00e9s<\/strong>. Pens\u00e9 comme une <strong>bo\u00eete \u00e0 tr\u00e9sors<\/strong>, cet ebook r\u00e9unit insectes et fruits brod\u00e9s, motifs floraux m\u00e9talliques, talisman, bijoux de maison et petits grigris po\u00e9tiques \u00e0 r\u00e9aliser pas \u00e0 pas.<\/p>\n<p>V\u00e9ritable prolongement de mes deux ouvrages papier \u00ab\u00a0Bijoux brod\u00e9s\u00a0\u00bb et \u00ab\u00a0Cabinet de curiosit\u00e9s en m\u00e9tal repouss\u00e9\u00a0\u00bb parus en 2025, ce livre num\u00e9rique croise deux savoir-faire qui me sont chers : la <strong>finesse et la cr\u00e9ativit\u00e9 de la broderie fantaisie<\/strong> et l\u2019<strong>\u00e9clat textur\u00e9 du m\u00e9tal repouss\u00e9<\/strong>.<\/p>\n<p>Vous y d\u00e9couvrirez :<\/p>\n<p>\u2013 12 <strong>projets d\u00e9taill\u00e9s<\/strong> et accessibles, expliqu\u00e9s \u00e9tape par \u00e9tape<br \/>\n\u2013 des <strong>pages techniques<\/strong> pour progresser \u00e0 votre rythme dans les 2 techniques<br \/>\n\u2013 des id\u00e9es et conseils de compositions et mise en valeur de vos cr\u00e9ations<br \/>\n\u2013 tous les patrons et gabarits des mod\u00e8les \u00e9chelle 1<\/p>\n<p>J\u2019aime marier perles, paillettes, cristaux et mat\u00e9riaux simples comme la feutrine ou le carton, afin de proposer un style \u00e0 la fois <strong>raffin\u00e9, moderne et accessible<\/strong>. Inspirez-vous des mod\u00e8les ou composez vos propres variations, en laissant libre cours \u00e0 votre cr\u00e9ativit\u00e9.<\/p>\n<p>Ce ebook est disponible en format num\u00e9rique, il se consulte facilement sur tablette, ordinateur ou t\u00e9l\u00e9phone : un compagnon de cr\u00e9ation <strong>l\u00e9ger, pratique et toujours \u00e0 port\u00e9e de main<\/strong>.<\/p>\n<p>Laissez-vous guider, inspirer, et construisez votre propre cabinet de curiosit\u00e9s brod\u00e9 et m\u00e9tallis\u00e9\u00a0!<\/p>\n","protected":false},"featured_media":1690478,"template":"","meta":[],"product_brand":[],"product_cat":[88],"product_tag":[],"class_list":{"0":"post-1671933","1":"product","2":"type-product","3":"status-publish","4":"has-post-thumbnail","6":"product_cat-livre","8":"first","9":"instock","10":"downloadable","11":"virtual","12":"purchasable","13":"product-type-simple"},"yoast_head":"<!-- This site is optimized with the Yoast SEO plugin v27.2 - https:\/\/yoast.com\/product\/yoast-seo-wordpress\/ -->\n<title>Ebook - Objets pr\u00e9cieux - L&#039;HONORABLE<\/title>\n<meta name=\"robots\" content=\"index, follow, max-snippet:-1, max-image-preview:large, max-video-preview:-1\" \/>\n<link rel=\"canonical\" href=\"https:\/\/www.lhonorable.com\/en\/produit\/ebook-objets-precieux\/\" \/>\n<meta property=\"og:locale\" content=\"en_US\" \/>\n<meta property=\"og:type\" content=\"article\" \/>\n<meta property=\"og:title\" content=\"Ebook - Objets pr\u00e9cieux - L&#039;HONORABLE\" \/>\n<meta property=\"og:description\" content=\"Ebook Objets pr\u00e9cieux - Petites merveilles \u00e0 broder et \u00e0 repousser (broderie &amp; m\u00e9tal repouss\u00e9) Plongez dans un univers o\u00f9 broderie fantaisie et m\u00e9tal repouss\u00e9 dialoguent pour donner vie \u00e0 une collection inspir\u00e9e des cabinets de curiosit\u00e9s. Pens\u00e9 comme une bo\u00eete \u00e0 tr\u00e9sors, cet ebook r\u00e9unit insectes et fruits brod\u00e9s, motifs floraux m\u00e9talliques, talisman, bijoux de maison et petits grigris po\u00e9tiques \u00e0 r\u00e9aliser pas \u00e0 pas.  V\u00e9ritable prolongement de mes deux ouvrages papier \u00ab\u00a0Bijoux brod\u00e9s\u00a0\u00bb et \u00ab\u00a0Cabinet de curiosit\u00e9s en m\u00e9tal repouss\u00e9\u00a0\u00bb parus en 2025, ce livre num\u00e9rique croise deux savoir-faire qui me sont chers : la finesse et la cr\u00e9ativit\u00e9 de la broderie fantaisie et l\u2019\u00e9clat textur\u00e9 du m\u00e9tal repouss\u00e9.  Vous y d\u00e9couvrirez :  \u2013 12 projets d\u00e9taill\u00e9s et accessibles, expliqu\u00e9s \u00e9tape par \u00e9tape \u2013 des pages techniques pour progresser \u00e0 votre rythme dans les 2 techniques \u2013 des id\u00e9es et conseils de compositions et mise en valeur de vos cr\u00e9ations \u2013 tous les patrons et gabarits des mod\u00e8les \u00e9chelle 1  J\u2019aime marier perles, paillettes, cristaux et mat\u00e9riaux simples comme la feutrine ou le carton, afin de proposer un style \u00e0 la fois raffin\u00e9, moderne et accessible. Inspirez-vous des mod\u00e8les ou composez vos propres variations, en laissant libre cours \u00e0 votre cr\u00e9ativit\u00e9.  Ce ebook est disponible en format num\u00e9rique, il se consulte facilement sur tablette, ordinateur ou t\u00e9l\u00e9phone : un compagnon de cr\u00e9ation l\u00e9ger, pratique et toujours \u00e0 port\u00e9e de main.  Laissez-vous guider, inspirer, et construisez votre propre cabinet de curiosit\u00e9s brod\u00e9 et m\u00e9tallis\u00e9\u00a0!\" \/>\n<meta property=\"og:url\" content=\"https:\/\/www.lhonorable.com\/en\/produit\/ebook-objets-precieux\/\" \/>\n<meta property=\"og:site_name\" content=\"L&#039;HONORABLE\" \/>\n<meta property=\"article:publisher\" content=\"https:\/\/www.facebook.com\/lHonorableElodieJoly\/\" \/>\n<meta property=\"article:modified_time\" content=\"2025-11-20T16:12:52+00:00\" \/>\n<meta property=\"og:image\" content=\"https:\/\/www.lhonorable.com\/wp-content\/uploads\/2025\/11\/Elodie-lhonorable-couv-OK-min.jpg\" \/>\n\t<meta property=\"og:image:width\" content=\"764\" \/>\n\t<meta property=\"og:image:height\" content=\"1080\" \/>\n\t<meta property=\"og:image:type\" content=\"image\/jpeg\" \/>\n<meta name=\"twitter:card\" content=\"summary_large_image\" \/>\n<meta name=\"twitter:label1\" content=\"Est. reading time\" \/>\n\t<meta name=\"twitter:data1\" content=\"1 minute\" \/>\n<script type=\"application\/ld+json\" class=\"yoast-schema-graph\">{\"@context\":\"https:\/\/schema.org\",\"@graph\":[{\"@type\":\"WebPage\",\"@id\":\"https:\/\/www.lhonorable.com\/en\/produit\/ebook-objets-precieux\/\",\"url\":\"https:\/\/www.lhonorable.com\/en\/produit\/ebook-objets-precieux\/\",\"name\":\"Ebook - Objets pr\u00e9cieux - L&#039;HONORABLE\",\"isPartOf\":{\"@id\":\"https:\/\/www.lhonorable.com\/en\/#website\"},\"primaryImageOfPage\":{\"@id\":\"https:\/\/www.lhonorable.com\/en\/produit\/ebook-objets-precieux\/#primaryimage\"},\"image\":{\"@id\":\"https:\/\/www.lhonorable.com\/en\/produit\/ebook-objets-precieux\/#primaryimage\"},\"thumbnailUrl\":\"https:\/\/www.lhonorable.com\/wp-content\/uploads\/2025\/11\/Elodie-lhonorable-couv-OK-min.jpg\",\"datePublished\":\"2025-11-20T16:12:51+00:00\",\"dateModified\":\"2025-11-20T16:12:52+00:00\",\"breadcrumb\":{\"@id\":\"https:\/\/www.lhonorable.com\/en\/produit\/ebook-objets-precieux\/#breadcrumb\"},\"inLanguage\":\"en-US\",\"potentialAction\":[{\"@type\":\"ReadAction\",\"target\":[\"https:\/\/www.lhonorable.com\/en\/produit\/ebook-objets-precieux\/\"]}]},{\"@type\":\"ImageObject\",\"inLanguage\":\"en-US\",\"@id\":\"https:\/\/www.lhonorable.com\/en\/produit\/ebook-objets-precieux\/#primaryimage\",\"url\":\"https:\/\/www.lhonorable.com\/wp-content\/uploads\/2025\/11\/Elodie-lhonorable-couv-OK-min.jpg\",\"contentUrl\":\"https:\/\/www.lhonorable.com\/wp-content\/uploads\/2025\/11\/Elodie-lhonorable-couv-OK-min.jpg\",\"width\":764,\"height\":1080,\"caption\":\"couverture ebook Objets pr\u00e9cieux\"},{\"@type\":\"BreadcrumbList\",\"@id\":\"https:\/\/www.lhonorable.com\/en\/produit\/ebook-objets-precieux\/#breadcrumb\",\"itemListElement\":[{\"@type\":\"ListItem\",\"position\":1,\"name\":\"Shop\",\"item\":\"https:\/\/www.lhonorable.com\/shop\/?lang=en\"},{\"@type\":\"ListItem\",\"position\":2,\"name\":\"Ebook &#8211; Objets pr\u00e9cieux\"}]},{\"@type\":\"WebSite\",\"@id\":\"https:\/\/www.lhonorable.com\/en\/#website\",\"url\":\"https:\/\/www.lhonorable.com\/en\/\",\"name\":\"L&#039;HONORABLE\",\"description\":\"Maison fran\u00e7aise de bijoux brod\u00e9s \u00e0 la main\",\"publisher\":{\"@id\":\"https:\/\/www.lhonorable.com\/en\/#organization\"},\"potentialAction\":[{\"@type\":\"SearchAction\",\"target\":{\"@type\":\"EntryPoint\",\"urlTemplate\":\"https:\/\/www.lhonorable.com\/en\/?s={search_term_string}\"},\"query-input\":{\"@type\":\"PropertyValueSpecification\",\"valueRequired\":true,\"valueName\":\"search_term_string\"}}],\"inLanguage\":\"en-US\"},{\"@type\":\"Organization\",\"@id\":\"https:\/\/www.lhonorable.com\/en\/#organization\",\"name\":\"L&#039;HONORABLE\",\"url\":\"https:\/\/www.lhonorable.com\/en\/\",\"logo\":{\"@type\":\"ImageObject\",\"inLanguage\":\"en-US\",\"@id\":\"https:\/\/www.lhonorable.com\/en\/#\/schema\/logo\/image\/\",\"url\":\"https:\/\/www.lhonorable.com\/wp-content\/uploads\/2022\/11\/logo.png\",\"contentUrl\":\"https:\/\/www.lhonorable.com\/wp-content\/uploads\/2022\/11\/logo.png\",\"width\":160,\"height\":97,\"caption\":\"L&#039;HONORABLE\"},\"image\":{\"@id\":\"https:\/\/www.lhonorable.com\/en\/#\/schema\/logo\/image\/\"},\"sameAs\":[\"https:\/\/www.facebook.com\/lHonorableElodieJoly\/\",\"https:\/\/www.instagram.com\/lhonorable.bijouxbrodes\/\",\"https:\/\/www.pinterest.fr\/lhonorable0282\/\"]}]}<\/script>\n<!-- \/ Yoast SEO plugin. -->","yoast_head_json":{"title":"Ebook - Objets pr\u00e9cieux - L&#039;HONORABLE","robots":{"index":"index","follow":"follow","max-snippet":"max-snippet:-1","max-image-preview":"max-image-preview:large","max-video-preview":"max-video-preview:-1"},"canonical":"https:\/\/www.lhonorable.com\/en\/produit\/ebook-objets-precieux\/","og_locale":"en_US","og_type":"article","og_title":"Ebook - Objets pr\u00e9cieux - L&#039;HONORABLE","og_description":"Ebook Objets pr\u00e9cieux - Petites merveilles \u00e0 broder et \u00e0 repousser (broderie &amp; m\u00e9tal repouss\u00e9) Plongez dans un univers o\u00f9 broderie fantaisie et m\u00e9tal repouss\u00e9 dialoguent pour donner vie \u00e0 une collection inspir\u00e9e des cabinets de curiosit\u00e9s. Pens\u00e9 comme une bo\u00eete \u00e0 tr\u00e9sors, cet ebook r\u00e9unit insectes et fruits brod\u00e9s, motifs floraux m\u00e9talliques, talisman, bijoux de maison et petits grigris po\u00e9tiques \u00e0 r\u00e9aliser pas \u00e0 pas.  V\u00e9ritable prolongement de mes deux ouvrages papier \u00ab\u00a0Bijoux brod\u00e9s\u00a0\u00bb et \u00ab\u00a0Cabinet de curiosit\u00e9s en m\u00e9tal repouss\u00e9\u00a0\u00bb parus en 2025, ce livre num\u00e9rique croise deux savoir-faire qui me sont chers : la finesse et la cr\u00e9ativit\u00e9 de la broderie fantaisie et l\u2019\u00e9clat textur\u00e9 du m\u00e9tal repouss\u00e9.  Vous y d\u00e9couvrirez :  \u2013 12 projets d\u00e9taill\u00e9s et accessibles, expliqu\u00e9s \u00e9tape par \u00e9tape \u2013 des pages techniques pour progresser \u00e0 votre rythme dans les 2 techniques \u2013 des id\u00e9es et conseils de compositions et mise en valeur de vos cr\u00e9ations \u2013 tous les patrons et gabarits des mod\u00e8les \u00e9chelle 1  J\u2019aime marier perles, paillettes, cristaux et mat\u00e9riaux simples comme la feutrine ou le carton, afin de proposer un style \u00e0 la fois raffin\u00e9, moderne et accessible. Inspirez-vous des mod\u00e8les ou composez vos propres variations, en laissant libre cours \u00e0 votre cr\u00e9ativit\u00e9.  Ce ebook est disponible en format num\u00e9rique, il se consulte facilement sur tablette, ordinateur ou t\u00e9l\u00e9phone : un compagnon de cr\u00e9ation l\u00e9ger, pratique et toujours \u00e0 port\u00e9e de main.  Laissez-vous guider, inspirer, et construisez votre propre cabinet de curiosit\u00e9s brod\u00e9 et m\u00e9tallis\u00e9\u00a0!","og_url":"https:\/\/www.lhonorable.com\/en\/produit\/ebook-objets-precieux\/","og_site_name":"L&#039;HONORABLE","article_publisher":"https:\/\/www.facebook.com\/lHonorableElodieJoly\/","article_modified_time":"2025-11-20T16:12:52+00:00","og_image":[{"width":764,"height":1080,"url":"https:\/\/www.lhonorable.com\/wp-content\/uploads\/2025\/11\/Elodie-lhonorable-couv-OK-min.jpg","type":"image\/jpeg"}],"twitter_card":"summary_large_image","twitter_misc":{"Est. reading time":"1 minute"},"schema":{"@context":"https:\/\/schema.org","@graph":[{"@type":"WebPage","@id":"https:\/\/www.lhonorable.com\/en\/produit\/ebook-objets-precieux\/","url":"https:\/\/www.lhonorable.com\/en\/produit\/ebook-objets-precieux\/","name":"Ebook - Objets pr\u00e9cieux - L&#039;HONORABLE","isPartOf":{"@id":"https:\/\/www.lhonorable.com\/en\/#website"},"primaryImageOfPage":{"@id":"https:\/\/www.lhonorable.com\/en\/produit\/ebook-objets-precieux\/#primaryimage"},"image":{"@id":"https:\/\/www.lhonorable.com\/en\/produit\/ebook-objets-precieux\/#primaryimage"},"thumbnailUrl":"https:\/\/www.lhonorable.com\/wp-content\/uploads\/2025\/11\/Elodie-lhonorable-couv-OK-min.jpg","datePublished":"2025-11-20T16:12:51+00:00","dateModified":"2025-11-20T16:12:52+00:00","breadcrumb":{"@id":"https:\/\/www.lhonorable.com\/en\/produit\/ebook-objets-precieux\/#breadcrumb"},"inLanguage":"en-US","potentialAction":[{"@type":"ReadAction","target":["https:\/\/www.lhonorable.com\/en\/produit\/ebook-objets-precieux\/"]}]},{"@type":"ImageObject","inLanguage":"en-US","@id":"https:\/\/www.lhonorable.com\/en\/produit\/ebook-objets-precieux\/#primaryimage","url":"https:\/\/www.lhonorable.com\/wp-content\/uploads\/2025\/11\/Elodie-lhonorable-couv-OK-min.jpg","contentUrl":"https:\/\/www.lhonorable.com\/wp-content\/uploads\/2025\/11\/Elodie-lhonorable-couv-OK-min.jpg","width":764,"height":1080,"caption":"couverture ebook Objets pr\u00e9cieux"},{"@type":"BreadcrumbList","@id":"https:\/\/www.lhonorable.com\/en\/produit\/ebook-objets-precieux\/#breadcrumb","itemListElement":[{"@type":"ListItem","position":1,"name":"Shop","item":"https:\/\/www.lhonorable.com\/shop\/?lang=en"},{"@type":"ListItem","position":2,"name":"Ebook &#8211; Objets pr\u00e9cieux"}]},{"@type":"WebSite","@id":"https:\/\/www.lhonorable.com\/en\/#website","url":"https:\/\/www.lhonorable.com\/en\/","name":"L&#039;HONORABLE","description":"Maison fran\u00e7aise de bijoux brod\u00e9s \u00e0 la main","publisher":{"@id":"https:\/\/www.lhonorable.com\/en\/#organization"},"potentialAction":[{"@type":"SearchAction","target":{"@type":"EntryPoint","urlTemplate":"https:\/\/www.lhonorable.com\/en\/?s={search_term_string}"},"query-input":{"@type":"PropertyValueSpecification","valueRequired":true,"valueName":"search_term_string"}}],"inLanguage":"en-US"},{"@type":"Organization","@id":"https:\/\/www.lhonorable.com\/en\/#organization","name":"L&#039;HONORABLE","url":"https:\/\/www.lhonorable.com\/en\/","logo":{"@type":"ImageObject","inLanguage":"en-US","@id":"https:\/\/www.lhonorable.com\/en\/#\/schema\/logo\/image\/","url":"https:\/\/www.lhonorable.com\/wp-content\/uploads\/2022\/11\/logo.png","contentUrl":"https:\/\/www.lhonorable.com\/wp-content\/uploads\/2022\/11\/logo.png","width":160,"height":97,"caption":"L&#039;HONORABLE"},"image":{"@id":"https:\/\/www.lhonorable.com\/en\/#\/schema\/logo\/image\/"},"sameAs":["https:\/\/www.facebook.com\/lHonorableElodieJoly\/","https:\/\/www.instagram.com\/lhonorable.bijouxbrodes\/","https:\/\/www.pinterest.fr\/lhonorable0282\/"]}]}},"_links":{"self":[{"href":"https:\/\/www.lhonorable.com\/en\/wp-json\/wp\/v2\/product\/1671933","targetHints":{"allow":["GET"]}}],"collection":[{"href":"https:\/\/www.lhonorable.com\/en\/wp-json\/wp\/v2\/product"}],"about":[{"href":"https:\/\/www.lhonorable.com\/en\/wp-json\/wp\/v2\/types\/product"}],"wp:featuredmedia":[{"embeddable":true,"href":"https:\/\/www.lhonorable.com\/en\/wp-json\/wp\/v2\/media\/1690478"}],"wp:attachment":[{"href":"https:\/\/www.lhonorable.com\/en\/wp-json\/wp\/v2\/media?parent=1671933"}],"wp:term":[{"taxonomy":"product_brand","embeddable":true,"href":"https:\/\/www.lhonorable.com\/en\/wp-json\/wp\/v2\/product_brand?post=1671933"},{"taxonomy":"product_cat","embeddable":true,"href":"https:\/\/www.lhonorable.com\/en\/wp-json\/wp\/v2\/product_cat?post=1671933"},{"taxonomy":"product_tag","embeddable":true,"href":"https:\/\/www.lhonorable.com\/en\/wp-json\/wp\/v2\/product_tag?post=1671933"}],"curies":[{"name":"wp","href":"https:\/\/api.w.org\/{rel}","templated":true}]}}