{"id":1635996,"date":"2025-11-08T14:20:19","date_gmt":"2025-11-08T13:20:19","guid":{"rendered":"https:\/\/www.lhonorable.com\/?post_type=product&#038;p=1635996"},"modified":"2025-11-09T21:30:27","modified_gmt":"2025-11-09T20:30:27","slug":"camille-poudre-manchette","status":"publish","type":"product","link":"https:\/\/www.lhonorable.com\/en\/produit\/camille-poudre-manchette\/","title":{"rendered":"Manchette Camille poudre<span class=\"htitleshop\">Manchette<\/span>"},"content":{"rendered":"","protected":false},"excerpt":{"rendered":"<p>Chaque bijou l&#8217;Honorable est enti\u00e8rement brod\u00e9 \u00e0 la main, avec patience et minutie.<\/p>\n<p>Le m\u00e9daillon Camille est fait de paillettes et cristaux Swarovski.<br \/>\nla manchette est en laiton (sans nickel), elles ont \u00e9t\u00e9 soud\u00e9es puis trait\u00e9es en argenture par un artisan doreur parisien.<br \/>\nTaille r\u00e9glable<\/p>\n","protected":false},"featured_media":1635890,"template":"","meta":[],"product_brand":[],"product_cat":[23,91,24],"product_tag":[],"class_list":{"0":"post-1635996","1":"product","2":"type-product","3":"status-publish","4":"has-post-thumbnail","6":"product_cat-autres","7":"product_cat-braderie","8":"product_cat-manchette","10":"first","11":"instock","12":"sale","13":"taxable","14":"shipping-taxable","15":"purchasable","16":"product-type-simple"},"yoast_head":"<!-- This site is optimized with the Yoast SEO plugin v27.2 - https:\/\/yoast.com\/product\/yoast-seo-wordpress\/ -->\n<title>Manchette Camille poudreManchette - L&#039;HONORABLE<\/title>\n<meta name=\"robots\" content=\"index, follow, max-snippet:-1, max-image-preview:large, max-video-preview:-1\" \/>\n<link rel=\"canonical\" href=\"https:\/\/www.lhonorable.com\/en\/produit\/camille-poudre-manchette\/\" \/>\n<meta property=\"og:locale\" content=\"en_US\" \/>\n<meta property=\"og:type\" content=\"article\" \/>\n<meta property=\"og:title\" content=\"Manchette Camille poudreManchette - L&#039;HONORABLE\" \/>\n<meta property=\"og:description\" content=\"Chaque bijou l&#039;Honorable est enti\u00e8rement brod\u00e9 \u00e0 la main, avec patience et minutie.  Le m\u00e9daillon Camille est fait de paillettes et cristaux Swarovski. la manchette est en laiton (sans nickel), elles ont \u00e9t\u00e9 soud\u00e9es puis trait\u00e9es en argenture par un artisan doreur parisien. Taille r\u00e9glable\" \/>\n<meta property=\"og:url\" content=\"https:\/\/www.lhonorable.com\/en\/produit\/camille-poudre-manchette\/\" \/>\n<meta property=\"og:site_name\" content=\"L&#039;HONORABLE\" \/>\n<meta property=\"article:publisher\" content=\"https:\/\/www.facebook.com\/lHonorableElodieJoly\/\" \/>\n<meta property=\"article:modified_time\" content=\"2025-11-09T20:30:27+00:00\" \/>\n<meta property=\"og:image\" content=\"https:\/\/www.lhonorable.com\/wp-content\/uploads\/2023\/06\/IMG_9669-min-1.jpg\" \/>\n\t<meta property=\"og:image:width\" content=\"1440\" \/>\n\t<meta property=\"og:image:height\" content=\"1080\" \/>\n\t<meta property=\"og:image:type\" content=\"image\/jpeg\" \/>\n<meta name=\"twitter:card\" content=\"summary_large_image\" \/>\n<meta name=\"twitter:label1\" content=\"Est. reading time\" \/>\n\t<meta name=\"twitter:data1\" content=\"1 minute\" \/>\n<script type=\"application\/ld+json\" class=\"yoast-schema-graph\">{\"@context\":\"https:\/\/schema.org\",\"@graph\":[{\"@type\":\"WebPage\",\"@id\":\"https:\/\/www.lhonorable.com\/en\/produit\/camille-poudre-manchette\/\",\"url\":\"https:\/\/www.lhonorable.com\/en\/produit\/camille-poudre-manchette\/\",\"name\":\"Manchette Camille poudreManchette - L&#039;HONORABLE\",\"isPartOf\":{\"@id\":\"https:\/\/www.lhonorable.com\/en\/#website\"},\"primaryImageOfPage\":{\"@id\":\"https:\/\/www.lhonorable.com\/en\/produit\/camille-poudre-manchette\/#primaryimage\"},\"image\":{\"@id\":\"https:\/\/www.lhonorable.com\/en\/produit\/camille-poudre-manchette\/#primaryimage\"},\"thumbnailUrl\":\"https:\/\/www.lhonorable.com\/wp-content\/uploads\/2023\/06\/IMG_9669-min-1.jpg\",\"datePublished\":\"2025-11-08T13:20:19+00:00\",\"dateModified\":\"2025-11-09T20:30:27+00:00\",\"breadcrumb\":{\"@id\":\"https:\/\/www.lhonorable.com\/en\/produit\/camille-poudre-manchette\/#breadcrumb\"},\"inLanguage\":\"en-US\",\"potentialAction\":[{\"@type\":\"ReadAction\",\"target\":[\"https:\/\/www.lhonorable.com\/en\/produit\/camille-poudre-manchette\/\"]}]},{\"@type\":\"ImageObject\",\"inLanguage\":\"en-US\",\"@id\":\"https:\/\/www.lhonorable.com\/en\/produit\/camille-poudre-manchette\/#primaryimage\",\"url\":\"https:\/\/www.lhonorable.com\/wp-content\/uploads\/2023\/06\/IMG_9669-min-1.jpg\",\"contentUrl\":\"https:\/\/www.lhonorable.com\/wp-content\/uploads\/2023\/06\/IMG_9669-min-1.jpg\",\"width\":1440,\"height\":1080},{\"@type\":\"BreadcrumbList\",\"@id\":\"https:\/\/www.lhonorable.com\/en\/produit\/camille-poudre-manchette\/#breadcrumb\",\"itemListElement\":[{\"@type\":\"ListItem\",\"position\":1,\"name\":\"Shop\",\"item\":\"https:\/\/www.lhonorable.com\/shop\/?lang=en\"},{\"@type\":\"ListItem\",\"position\":2,\"name\":\"Manchette Camille poudreManchette\"}]},{\"@type\":\"WebSite\",\"@id\":\"https:\/\/www.lhonorable.com\/en\/#website\",\"url\":\"https:\/\/www.lhonorable.com\/en\/\",\"name\":\"L&#039;HONORABLE\",\"description\":\"Maison fran\u00e7aise de bijoux brod\u00e9s \u00e0 la main\",\"publisher\":{\"@id\":\"https:\/\/www.lhonorable.com\/en\/#organization\"},\"potentialAction\":[{\"@type\":\"SearchAction\",\"target\":{\"@type\":\"EntryPoint\",\"urlTemplate\":\"https:\/\/www.lhonorable.com\/en\/?s={search_term_string}\"},\"query-input\":{\"@type\":\"PropertyValueSpecification\",\"valueRequired\":true,\"valueName\":\"search_term_string\"}}],\"inLanguage\":\"en-US\"},{\"@type\":\"Organization\",\"@id\":\"https:\/\/www.lhonorable.com\/en\/#organization\",\"name\":\"L&#039;HONORABLE\",\"url\":\"https:\/\/www.lhonorable.com\/en\/\",\"logo\":{\"@type\":\"ImageObject\",\"inLanguage\":\"en-US\",\"@id\":\"https:\/\/www.lhonorable.com\/en\/#\/schema\/logo\/image\/\",\"url\":\"https:\/\/www.lhonorable.com\/wp-content\/uploads\/2022\/11\/logo.png\",\"contentUrl\":\"https:\/\/www.lhonorable.com\/wp-content\/uploads\/2022\/11\/logo.png\",\"width\":160,\"height\":97,\"caption\":\"L&#039;HONORABLE\"},\"image\":{\"@id\":\"https:\/\/www.lhonorable.com\/en\/#\/schema\/logo\/image\/\"},\"sameAs\":[\"https:\/\/www.facebook.com\/lHonorableElodieJoly\/\",\"https:\/\/www.instagram.com\/lhonorable.bijouxbrodes\/\",\"https:\/\/www.pinterest.fr\/lhonorable0282\/\"]}]}<\/script>\n<!-- \/ Yoast SEO plugin. -->","yoast_head_json":{"title":"Manchette Camille poudreManchette - L&#039;HONORABLE","robots":{"index":"index","follow":"follow","max-snippet":"max-snippet:-1","max-image-preview":"max-image-preview:large","max-video-preview":"max-video-preview:-1"},"canonical":"https:\/\/www.lhonorable.com\/en\/produit\/camille-poudre-manchette\/","og_locale":"en_US","og_type":"article","og_title":"Manchette Camille poudreManchette - L&#039;HONORABLE","og_description":"Chaque bijou l'Honorable est enti\u00e8rement brod\u00e9 \u00e0 la main, avec patience et minutie.  Le m\u00e9daillon Camille est fait de paillettes et cristaux Swarovski. la manchette est en laiton (sans nickel), elles ont \u00e9t\u00e9 soud\u00e9es puis trait\u00e9es en argenture par un artisan doreur parisien. Taille r\u00e9glable","og_url":"https:\/\/www.lhonorable.com\/en\/produit\/camille-poudre-manchette\/","og_site_name":"L&#039;HONORABLE","article_publisher":"https:\/\/www.facebook.com\/lHonorableElodieJoly\/","article_modified_time":"2025-11-09T20:30:27+00:00","og_image":[{"width":1440,"height":1080,"url":"https:\/\/www.lhonorable.com\/wp-content\/uploads\/2023\/06\/IMG_9669-min-1.jpg","type":"image\/jpeg"}],"twitter_card":"summary_large_image","twitter_misc":{"Est. reading time":"1 minute"},"schema":{"@context":"https:\/\/schema.org","@graph":[{"@type":"WebPage","@id":"https:\/\/www.lhonorable.com\/en\/produit\/camille-poudre-manchette\/","url":"https:\/\/www.lhonorable.com\/en\/produit\/camille-poudre-manchette\/","name":"Manchette Camille poudreManchette - L&#039;HONORABLE","isPartOf":{"@id":"https:\/\/www.lhonorable.com\/en\/#website"},"primaryImageOfPage":{"@id":"https:\/\/www.lhonorable.com\/en\/produit\/camille-poudre-manchette\/#primaryimage"},"image":{"@id":"https:\/\/www.lhonorable.com\/en\/produit\/camille-poudre-manchette\/#primaryimage"},"thumbnailUrl":"https:\/\/www.lhonorable.com\/wp-content\/uploads\/2023\/06\/IMG_9669-min-1.jpg","datePublished":"2025-11-08T13:20:19+00:00","dateModified":"2025-11-09T20:30:27+00:00","breadcrumb":{"@id":"https:\/\/www.lhonorable.com\/en\/produit\/camille-poudre-manchette\/#breadcrumb"},"inLanguage":"en-US","potentialAction":[{"@type":"ReadAction","target":["https:\/\/www.lhonorable.com\/en\/produit\/camille-poudre-manchette\/"]}]},{"@type":"ImageObject","inLanguage":"en-US","@id":"https:\/\/www.lhonorable.com\/en\/produit\/camille-poudre-manchette\/#primaryimage","url":"https:\/\/www.lhonorable.com\/wp-content\/uploads\/2023\/06\/IMG_9669-min-1.jpg","contentUrl":"https:\/\/www.lhonorable.com\/wp-content\/uploads\/2023\/06\/IMG_9669-min-1.jpg","width":1440,"height":1080},{"@type":"BreadcrumbList","@id":"https:\/\/www.lhonorable.com\/en\/produit\/camille-poudre-manchette\/#breadcrumb","itemListElement":[{"@type":"ListItem","position":1,"name":"Shop","item":"https:\/\/www.lhonorable.com\/shop\/?lang=en"},{"@type":"ListItem","position":2,"name":"Manchette Camille poudreManchette"}]},{"@type":"WebSite","@id":"https:\/\/www.lhonorable.com\/en\/#website","url":"https:\/\/www.lhonorable.com\/en\/","name":"L&#039;HONORABLE","description":"Maison fran\u00e7aise de bijoux brod\u00e9s \u00e0 la main","publisher":{"@id":"https:\/\/www.lhonorable.com\/en\/#organization"},"potentialAction":[{"@type":"SearchAction","target":{"@type":"EntryPoint","urlTemplate":"https:\/\/www.lhonorable.com\/en\/?s={search_term_string}"},"query-input":{"@type":"PropertyValueSpecification","valueRequired":true,"valueName":"search_term_string"}}],"inLanguage":"en-US"},{"@type":"Organization","@id":"https:\/\/www.lhonorable.com\/en\/#organization","name":"L&#039;HONORABLE","url":"https:\/\/www.lhonorable.com\/en\/","logo":{"@type":"ImageObject","inLanguage":"en-US","@id":"https:\/\/www.lhonorable.com\/en\/#\/schema\/logo\/image\/","url":"https:\/\/www.lhonorable.com\/wp-content\/uploads\/2022\/11\/logo.png","contentUrl":"https:\/\/www.lhonorable.com\/wp-content\/uploads\/2022\/11\/logo.png","width":160,"height":97,"caption":"L&#039;HONORABLE"},"image":{"@id":"https:\/\/www.lhonorable.com\/en\/#\/schema\/logo\/image\/"},"sameAs":["https:\/\/www.facebook.com\/lHonorableElodieJoly\/","https:\/\/www.instagram.com\/lhonorable.bijouxbrodes\/","https:\/\/www.pinterest.fr\/lhonorable0282\/"]}]}},"_links":{"self":[{"href":"https:\/\/www.lhonorable.com\/en\/wp-json\/wp\/v2\/product\/1635996","targetHints":{"allow":["GET"]}}],"collection":[{"href":"https:\/\/www.lhonorable.com\/en\/wp-json\/wp\/v2\/product"}],"about":[{"href":"https:\/\/www.lhonorable.com\/en\/wp-json\/wp\/v2\/types\/product"}],"wp:featuredmedia":[{"embeddable":true,"href":"https:\/\/www.lhonorable.com\/en\/wp-json\/wp\/v2\/media\/1635890"}],"wp:attachment":[{"href":"https:\/\/www.lhonorable.com\/en\/wp-json\/wp\/v2\/media?parent=1635996"}],"wp:term":[{"taxonomy":"product_brand","embeddable":true,"href":"https:\/\/www.lhonorable.com\/en\/wp-json\/wp\/v2\/product_brand?post=1635996"},{"taxonomy":"product_cat","embeddable":true,"href":"https:\/\/www.lhonorable.com\/en\/wp-json\/wp\/v2\/product_cat?post=1635996"},{"taxonomy":"product_tag","embeddable":true,"href":"https:\/\/www.lhonorable.com\/en\/wp-json\/wp\/v2\/product_tag?post=1635996"}],"curies":[{"name":"wp","href":"https:\/\/api.w.org\/{rel}","templated":true}]}}