{"id":1630075,"date":"2025-11-06T00:01:08","date_gmt":"2025-11-05T23:01:08","guid":{"rendered":"https:\/\/www.lhonorable.com\/?post_type=product&#038;p=1630075"},"modified":"2025-12-01T14:53:12","modified_gmt":"2025-12-01T13:53:12","slug":"anneaux-laiton-vide-atelier-copie","status":"publish","type":"product","link":"https:\/\/www.lhonorable.com\/en\/produit\/anneaux-laiton-vide-atelier-copie\/","title":{"rendered":"Assortiment anneaux <span class=\"htitleshop\">Vide Atelier<\/span>"},"content":{"rendered":"","protected":false},"excerpt":{"rendered":"<p>\u2764 <em><strong>BRADERIE<\/strong>\u00a0 <\/em>\u2764<br \/>\nLot de 129 anneaux ferm\u00e9s de diff\u00e9rentes formes en laiton.<br \/>\nAssortiment d&#8217;anneaux ferm\u00e9s en m\u00e9tal, id\u00e9al pour cr\u00e9er des boucles d&#8217;oreilles, pendentifs&#8230; \u00a0ou autre cr\u00e9ations DIY! \ud83d\ude42<br \/>\nx 17 carr\u00e9s<br \/>\nx 16 ovales<br \/>\nx 32 ovales fins<br \/>\nx 36 petits ronds 15mm<br \/>\nx 12 ronds 12mm<br \/>\nx 16 anneaux de liaison d\u00e9coratifs 12mm<\/p>\n","protected":false},"featured_media":1629773,"template":"","meta":[],"product_brand":[],"product_cat":[91],"product_tag":[],"class_list":{"0":"post-1630075","1":"product","2":"type-product","3":"status-publish","4":"has-post-thumbnail","6":"product_cat-braderie","8":"first","9":"outofstock","10":"purchasable","11":"product-type-simple"},"yoast_head":"<!-- This site is optimized with the Yoast SEO plugin v27.2 - https:\/\/yoast.com\/product\/yoast-seo-wordpress\/ -->\n<title>Assortiment anneaux Vide Atelier - L&#039;HONORABLE<\/title>\n<meta name=\"description\" content=\"Assortiment d&#039;anneaux ferm\u00e9s en m\u00e9tal, id\u00e9al pour cr\u00e9er des boucles d&#039;oreilles, pendentifs...\" \/>\n<meta name=\"robots\" content=\"index, follow, max-snippet:-1, max-image-preview:large, max-video-preview:-1\" \/>\n<link rel=\"canonical\" href=\"https:\/\/www.lhonorable.com\/en\/produit\/anneaux-laiton-vide-atelier-copie\/\" \/>\n<meta property=\"og:locale\" content=\"en_US\" \/>\n<meta property=\"og:type\" content=\"article\" \/>\n<meta property=\"og:title\" content=\"Assortiment anneaux Vide Atelier - L&#039;HONORABLE\" \/>\n<meta property=\"og:description\" content=\"Assortiment d&#039;anneaux ferm\u00e9s en m\u00e9tal, id\u00e9al pour cr\u00e9er des boucles d&#039;oreilles, pendentifs...\" \/>\n<meta property=\"og:url\" content=\"https:\/\/www.lhonorable.com\/en\/produit\/anneaux-laiton-vide-atelier-copie\/\" \/>\n<meta property=\"og:site_name\" content=\"L&#039;HONORABLE\" \/>\n<meta property=\"article:publisher\" content=\"https:\/\/www.facebook.com\/lHonorableElodieJoly\/\" \/>\n<meta property=\"article:modified_time\" content=\"2025-12-01T13:53:12+00:00\" \/>\n<meta property=\"og:image\" content=\"https:\/\/www.lhonorable.com\/wp-content\/uploads\/2025\/11\/IMG_5102.jpg\" \/>\n\t<meta property=\"og:image:width\" content=\"810\" \/>\n\t<meta property=\"og:image:height\" content=\"1080\" \/>\n\t<meta property=\"og:image:type\" content=\"image\/jpeg\" \/>\n<meta name=\"twitter:card\" content=\"summary_large_image\" \/>\n<meta name=\"twitter:label1\" content=\"Est. reading time\" \/>\n\t<meta name=\"twitter:data1\" content=\"1 minute\" \/>\n<script type=\"application\/ld+json\" class=\"yoast-schema-graph\">{\"@context\":\"https:\/\/schema.org\",\"@graph\":[{\"@type\":\"WebPage\",\"@id\":\"https:\/\/www.lhonorable.com\/en\/produit\/anneaux-laiton-vide-atelier-copie\/\",\"url\":\"https:\/\/www.lhonorable.com\/en\/produit\/anneaux-laiton-vide-atelier-copie\/\",\"name\":\"Assortiment anneaux Vide Atelier - L&#039;HONORABLE\",\"isPartOf\":{\"@id\":\"https:\/\/www.lhonorable.com\/en\/#website\"},\"primaryImageOfPage\":{\"@id\":\"https:\/\/www.lhonorable.com\/en\/produit\/anneaux-laiton-vide-atelier-copie\/#primaryimage\"},\"image\":{\"@id\":\"https:\/\/www.lhonorable.com\/en\/produit\/anneaux-laiton-vide-atelier-copie\/#primaryimage\"},\"thumbnailUrl\":\"https:\/\/www.lhonorable.com\/wp-content\/uploads\/2025\/11\/IMG_5102.jpg\",\"datePublished\":\"2025-11-05T23:01:08+00:00\",\"dateModified\":\"2025-12-01T13:53:12+00:00\",\"description\":\"Assortiment d'anneaux ferm\u00e9s en m\u00e9tal, id\u00e9al pour cr\u00e9er des boucles d'oreilles, pendentifs...\",\"breadcrumb\":{\"@id\":\"https:\/\/www.lhonorable.com\/en\/produit\/anneaux-laiton-vide-atelier-copie\/#breadcrumb\"},\"inLanguage\":\"en-US\",\"potentialAction\":[{\"@type\":\"ReadAction\",\"target\":[\"https:\/\/www.lhonorable.com\/en\/produit\/anneaux-laiton-vide-atelier-copie\/\"]}]},{\"@type\":\"ImageObject\",\"inLanguage\":\"en-US\",\"@id\":\"https:\/\/www.lhonorable.com\/en\/produit\/anneaux-laiton-vide-atelier-copie\/#primaryimage\",\"url\":\"https:\/\/www.lhonorable.com\/wp-content\/uploads\/2025\/11\/IMG_5102.jpg\",\"contentUrl\":\"https:\/\/www.lhonorable.com\/wp-content\/uploads\/2025\/11\/IMG_5102.jpg\",\"width\":810,\"height\":1080},{\"@type\":\"BreadcrumbList\",\"@id\":\"https:\/\/www.lhonorable.com\/en\/produit\/anneaux-laiton-vide-atelier-copie\/#breadcrumb\",\"itemListElement\":[{\"@type\":\"ListItem\",\"position\":1,\"name\":\"Shop\",\"item\":\"https:\/\/www.lhonorable.com\/shop\/?lang=en\"},{\"@type\":\"ListItem\",\"position\":2,\"name\":\"Assortiment anneaux Vide Atelier\"}]},{\"@type\":\"WebSite\",\"@id\":\"https:\/\/www.lhonorable.com\/en\/#website\",\"url\":\"https:\/\/www.lhonorable.com\/en\/\",\"name\":\"L&#039;HONORABLE\",\"description\":\"Maison fran\u00e7aise de bijoux brod\u00e9s \u00e0 la main\",\"publisher\":{\"@id\":\"https:\/\/www.lhonorable.com\/en\/#organization\"},\"potentialAction\":[{\"@type\":\"SearchAction\",\"target\":{\"@type\":\"EntryPoint\",\"urlTemplate\":\"https:\/\/www.lhonorable.com\/en\/?s={search_term_string}\"},\"query-input\":{\"@type\":\"PropertyValueSpecification\",\"valueRequired\":true,\"valueName\":\"search_term_string\"}}],\"inLanguage\":\"en-US\"},{\"@type\":\"Organization\",\"@id\":\"https:\/\/www.lhonorable.com\/en\/#organization\",\"name\":\"L&#039;HONORABLE\",\"url\":\"https:\/\/www.lhonorable.com\/en\/\",\"logo\":{\"@type\":\"ImageObject\",\"inLanguage\":\"en-US\",\"@id\":\"https:\/\/www.lhonorable.com\/en\/#\/schema\/logo\/image\/\",\"url\":\"https:\/\/www.lhonorable.com\/wp-content\/uploads\/2022\/11\/logo.png\",\"contentUrl\":\"https:\/\/www.lhonorable.com\/wp-content\/uploads\/2022\/11\/logo.png\",\"width\":160,\"height\":97,\"caption\":\"L&#039;HONORABLE\"},\"image\":{\"@id\":\"https:\/\/www.lhonorable.com\/en\/#\/schema\/logo\/image\/\"},\"sameAs\":[\"https:\/\/www.facebook.com\/lHonorableElodieJoly\/\",\"https:\/\/www.instagram.com\/lhonorable.bijouxbrodes\/\",\"https:\/\/www.pinterest.fr\/lhonorable0282\/\"]}]}<\/script>\n<!-- \/ Yoast SEO plugin. -->","yoast_head_json":{"title":"Assortiment anneaux Vide Atelier - L&#039;HONORABLE","description":"Assortiment d'anneaux ferm\u00e9s en m\u00e9tal, id\u00e9al pour cr\u00e9er des boucles d'oreilles, pendentifs...","robots":{"index":"index","follow":"follow","max-snippet":"max-snippet:-1","max-image-preview":"max-image-preview:large","max-video-preview":"max-video-preview:-1"},"canonical":"https:\/\/www.lhonorable.com\/en\/produit\/anneaux-laiton-vide-atelier-copie\/","og_locale":"en_US","og_type":"article","og_title":"Assortiment anneaux Vide Atelier - L&#039;HONORABLE","og_description":"Assortiment d'anneaux ferm\u00e9s en m\u00e9tal, id\u00e9al pour cr\u00e9er des boucles d'oreilles, pendentifs...","og_url":"https:\/\/www.lhonorable.com\/en\/produit\/anneaux-laiton-vide-atelier-copie\/","og_site_name":"L&#039;HONORABLE","article_publisher":"https:\/\/www.facebook.com\/lHonorableElodieJoly\/","article_modified_time":"2025-12-01T13:53:12+00:00","og_image":[{"width":810,"height":1080,"url":"https:\/\/www.lhonorable.com\/wp-content\/uploads\/2025\/11\/IMG_5102.jpg","type":"image\/jpeg"}],"twitter_card":"summary_large_image","twitter_misc":{"Est. reading time":"1 minute"},"schema":{"@context":"https:\/\/schema.org","@graph":[{"@type":"WebPage","@id":"https:\/\/www.lhonorable.com\/en\/produit\/anneaux-laiton-vide-atelier-copie\/","url":"https:\/\/www.lhonorable.com\/en\/produit\/anneaux-laiton-vide-atelier-copie\/","name":"Assortiment anneaux Vide Atelier - L&#039;HONORABLE","isPartOf":{"@id":"https:\/\/www.lhonorable.com\/en\/#website"},"primaryImageOfPage":{"@id":"https:\/\/www.lhonorable.com\/en\/produit\/anneaux-laiton-vide-atelier-copie\/#primaryimage"},"image":{"@id":"https:\/\/www.lhonorable.com\/en\/produit\/anneaux-laiton-vide-atelier-copie\/#primaryimage"},"thumbnailUrl":"https:\/\/www.lhonorable.com\/wp-content\/uploads\/2025\/11\/IMG_5102.jpg","datePublished":"2025-11-05T23:01:08+00:00","dateModified":"2025-12-01T13:53:12+00:00","description":"Assortiment d'anneaux ferm\u00e9s en m\u00e9tal, id\u00e9al pour cr\u00e9er des boucles d'oreilles, pendentifs...","breadcrumb":{"@id":"https:\/\/www.lhonorable.com\/en\/produit\/anneaux-laiton-vide-atelier-copie\/#breadcrumb"},"inLanguage":"en-US","potentialAction":[{"@type":"ReadAction","target":["https:\/\/www.lhonorable.com\/en\/produit\/anneaux-laiton-vide-atelier-copie\/"]}]},{"@type":"ImageObject","inLanguage":"en-US","@id":"https:\/\/www.lhonorable.com\/en\/produit\/anneaux-laiton-vide-atelier-copie\/#primaryimage","url":"https:\/\/www.lhonorable.com\/wp-content\/uploads\/2025\/11\/IMG_5102.jpg","contentUrl":"https:\/\/www.lhonorable.com\/wp-content\/uploads\/2025\/11\/IMG_5102.jpg","width":810,"height":1080},{"@type":"BreadcrumbList","@id":"https:\/\/www.lhonorable.com\/en\/produit\/anneaux-laiton-vide-atelier-copie\/#breadcrumb","itemListElement":[{"@type":"ListItem","position":1,"name":"Shop","item":"https:\/\/www.lhonorable.com\/shop\/?lang=en"},{"@type":"ListItem","position":2,"name":"Assortiment anneaux Vide Atelier"}]},{"@type":"WebSite","@id":"https:\/\/www.lhonorable.com\/en\/#website","url":"https:\/\/www.lhonorable.com\/en\/","name":"L&#039;HONORABLE","description":"Maison fran\u00e7aise de bijoux brod\u00e9s \u00e0 la main","publisher":{"@id":"https:\/\/www.lhonorable.com\/en\/#organization"},"potentialAction":[{"@type":"SearchAction","target":{"@type":"EntryPoint","urlTemplate":"https:\/\/www.lhonorable.com\/en\/?s={search_term_string}"},"query-input":{"@type":"PropertyValueSpecification","valueRequired":true,"valueName":"search_term_string"}}],"inLanguage":"en-US"},{"@type":"Organization","@id":"https:\/\/www.lhonorable.com\/en\/#organization","name":"L&#039;HONORABLE","url":"https:\/\/www.lhonorable.com\/en\/","logo":{"@type":"ImageObject","inLanguage":"en-US","@id":"https:\/\/www.lhonorable.com\/en\/#\/schema\/logo\/image\/","url":"https:\/\/www.lhonorable.com\/wp-content\/uploads\/2022\/11\/logo.png","contentUrl":"https:\/\/www.lhonorable.com\/wp-content\/uploads\/2022\/11\/logo.png","width":160,"height":97,"caption":"L&#039;HONORABLE"},"image":{"@id":"https:\/\/www.lhonorable.com\/en\/#\/schema\/logo\/image\/"},"sameAs":["https:\/\/www.facebook.com\/lHonorableElodieJoly\/","https:\/\/www.instagram.com\/lhonorable.bijouxbrodes\/","https:\/\/www.pinterest.fr\/lhonorable0282\/"]}]}},"_links":{"self":[{"href":"https:\/\/www.lhonorable.com\/en\/wp-json\/wp\/v2\/product\/1630075","targetHints":{"allow":["GET"]}}],"collection":[{"href":"https:\/\/www.lhonorable.com\/en\/wp-json\/wp\/v2\/product"}],"about":[{"href":"https:\/\/www.lhonorable.com\/en\/wp-json\/wp\/v2\/types\/product"}],"wp:featuredmedia":[{"embeddable":true,"href":"https:\/\/www.lhonorable.com\/en\/wp-json\/wp\/v2\/media\/1629773"}],"wp:attachment":[{"href":"https:\/\/www.lhonorable.com\/en\/wp-json\/wp\/v2\/media?parent=1630075"}],"wp:term":[{"taxonomy":"product_brand","embeddable":true,"href":"https:\/\/www.lhonorable.com\/en\/wp-json\/wp\/v2\/product_brand?post=1630075"},{"taxonomy":"product_cat","embeddable":true,"href":"https:\/\/www.lhonorable.com\/en\/wp-json\/wp\/v2\/product_cat?post=1630075"},{"taxonomy":"product_tag","embeddable":true,"href":"https:\/\/www.lhonorable.com\/en\/wp-json\/wp\/v2\/product_tag?post=1630075"}],"curies":[{"name":"wp","href":"https:\/\/api.w.org\/{rel}","templated":true}]}}