{"id":1377295,"date":"2026-02-05T12:25:32","date_gmt":"2026-02-05T11:25:32","guid":{"rendered":"https:\/\/www.lhonorable.com\/?post_type=product&#038;p=1377295"},"modified":"2026-04-02T18:05:39","modified_gmt":"2026-04-02T16:05:39","slug":"workshop-broderie-haute-fantaisie-broche-13h30-16h30","status":"publish","type":"product","link":"https:\/\/www.lhonorable.com\/en\/produit\/workshop-broderie-haute-fantaisie-broche-13h30-16h30\/","title":{"rendered":"Workshop Broderie<br>Broche Rosace<br>Vendredi 20 mars<br>13h30\/16h30-Nantes<span class=\"htitleshop\">Atelier<\/span>"},"content":{"rendered":"","protected":false},"excerpt":{"rendered":"<p><strong>\u00a0Workshop \u00e0 Nantes<br \/>\nBroderie Haute Fantaisie \u2013 Broche <\/strong><\/p>\n<ul>\n<li><strong><u>Vendredi 20 mars : 13h30-16h30h<\/u><\/strong><\/li>\n<\/ul>\n<p>\u2764 Vous r\u00eavez de savoir faire une broche qui soit parfaitement \u00e0 votre go\u00fbt, en s\u2019inspirant du mod\u00e8le Rosace Fantaisie, de mon livre Bijoux brod\u00e9s, je vous accompagne dans la r\u00e9alisation de cette fleur abstraite qui se pr\u00eate \u00e0 mille et une variations.<br \/>\nJe mets \u00e0 votre disposition une tr\u00e8s large quantit\u00e9 des fournitures de mon atelier de broderie et vous accompagne dans le choix des mati\u00e8res \u00e0 broder et des couleurs de votre bijou pour en faire une pi\u00e8ce unique\u00a0!<br \/>\nVenez cr\u00e9er dans un univers rempli de perles, de paillettes, de bo\u00eetes pleines de cristaux, de rubans et de pompons et de bien d\u2019autres tr\u00e9sors&#8230;\u00a0! Un joyeux bazar o\u00f9 l\u2019on prend le temps de r\u00eaver, de s\u2019inspirer et de r\u00e9fl\u00e9chir \u00e0 ce que l\u2019on souhaite r\u00e9aliser.<\/p>\n<ul>\n<li>Vous repartez avec une pi\u00e8ce termin\u00e9e<\/li>\n<li>Tout le mat\u00e9riel est enti\u00e8rement fourni<\/li>\n<li>Mon atelier est rattach\u00e9 \u00e0 mon domicile \u00e0 Nantes, dans une rue calme o\u00f9 l\u2019on entend (presque) que les oiseaux.<\/li>\n<li>Les places sont limit\u00e9es, alors ne tardez pas \u00e0 r\u00e9server la v\u00f4tre et pensez \u00e0 proposer \u00e0 un.e ami.e, c\u2019est tellement chouette de cr\u00e9er \u00e0 plusieurs !<\/li>\n<\/ul>\n<p>\ud83d\udccd L\u2019atelier se situe \u00e0 Nantes, \u00e0 15 minutes de la gare et est accessible en bus et tram. L&#8217;adresse exacte et les infos pratiques (transport et stationnement) vous seront envoy\u00e9es par mail quelques jours apr\u00e8s votre inscription.<br \/>\n<u><br \/>\n<strong>Attention\u00a0:<\/strong><\/u><br \/>\n&#8211; L\u2019atelier n\u2019est pas accessible en fauteuil roulant (3 marches \u00e0 l\u2019entr\u00e9e)<br \/>\n&#8211; Toute place r\u00e9serv\u00e9e sur le eshop pour un atelier n\u2019est ni annulable ni remboursable. N\u2019h\u00e9sitez pas \u00e0 m\u2019envoyer un mail en amont si vous avez la moindre question.<br \/>\n&#8211; En de\u00e7\u00e0 d\u2019un nombre minimum de 4 participants, je me r\u00e9serve le droit d\u2019annuler (remboursement int\u00e9grale) ou de reporter l\u2019atelier. Dans les deux cas, vous serez bien entendu pr\u00e9venus par email.<br \/>\n&#8211; Age minimum : 14 ans, accompagn\u00e9 d\u2019un adulte. (En solo : \u00e0 partir de 16 ans)<\/p>\n","protected":false},"featured_media":1376926,"template":"","meta":[],"product_brand":[],"product_cat":[77],"product_tag":[],"class_list":{"0":"post-1377295","1":"product","2":"type-product","3":"status-publish","4":"has-post-thumbnail","6":"product_cat-ateliers","8":"first","9":"outofstock","10":"virtual","11":"purchasable","12":"product-type-simple"},"yoast_head":"<!-- This site is optimized with the Yoast SEO plugin v27.2 - https:\/\/yoast.com\/product\/yoast-seo-wordpress\/ -->\n<title>Workshop BroderieBroche RosaceVendredi 20 mars13h30\/16h30-NantesAtelier - L&#039;HONORABLE<\/title>\n<meta name=\"description\" content=\"Vous r\u00eaver de savoir faire une broche \u00e0 votre go\u00fbt, je vous accompagne dans la r\u00e9alisation d\u2018une fleur abstraite qui se pr\u00eate \u00e0 mille et une variations.\" \/>\n<meta name=\"robots\" content=\"index, follow, max-snippet:-1, max-image-preview:large, max-video-preview:-1\" \/>\n<link rel=\"canonical\" href=\"https:\/\/www.lhonorable.com\/en\/produit\/workshop-broderie-haute-fantaisie-broche-13h30-16h30\/\" \/>\n<meta property=\"og:locale\" content=\"en_US\" \/>\n<meta property=\"og:type\" content=\"article\" \/>\n<meta property=\"og:title\" content=\"Workshop BroderieBroche RosaceVendredi 20 mars13h30\/16h30-NantesAtelier - L&#039;HONORABLE\" \/>\n<meta property=\"og:description\" content=\"Vous r\u00eaver de savoir faire une broche \u00e0 votre go\u00fbt, je vous accompagne dans la r\u00e9alisation d\u2018une fleur abstraite qui se pr\u00eate \u00e0 mille et une variations.\" \/>\n<meta property=\"og:url\" content=\"https:\/\/www.lhonorable.com\/en\/produit\/workshop-broderie-haute-fantaisie-broche-13h30-16h30\/\" \/>\n<meta property=\"og:site_name\" content=\"L&#039;HONORABLE\" \/>\n<meta property=\"article:publisher\" content=\"https:\/\/www.facebook.com\/lHonorableElodieJoly\/\" \/>\n<meta property=\"article:modified_time\" content=\"2026-04-02T16:05:39+00:00\" \/>\n<meta property=\"og:image\" content=\"https:\/\/www.lhonorable.com\/wp-content\/uploads\/2025\/06\/collection-1-30-min.jpg\" \/>\n\t<meta property=\"og:image:width\" content=\"720\" \/>\n\t<meta property=\"og:image:height\" content=\"1080\" \/>\n\t<meta property=\"og:image:type\" content=\"image\/jpeg\" \/>\n<meta name=\"twitter:card\" content=\"summary_large_image\" \/>\n<meta name=\"twitter:label1\" content=\"Est. reading time\" \/>\n\t<meta name=\"twitter:data1\" content=\"1 minute\" \/>\n<script type=\"application\/ld+json\" class=\"yoast-schema-graph\">{\"@context\":\"https:\/\/schema.org\",\"@graph\":[{\"@type\":\"WebPage\",\"@id\":\"https:\/\/www.lhonorable.com\/en\/produit\/workshop-broderie-haute-fantaisie-broche-13h30-16h30\/\",\"url\":\"https:\/\/www.lhonorable.com\/en\/produit\/workshop-broderie-haute-fantaisie-broche-13h30-16h30\/\",\"name\":\"Workshop Broderie Broche Rosace Vendredi 20 mars 13h30\/16h30-NantesAtelier - L&#039;HONORABLE\",\"isPartOf\":{\"@id\":\"https:\/\/www.lhonorable.com\/en\/#website\"},\"primaryImageOfPage\":{\"@id\":\"https:\/\/www.lhonorable.com\/en\/produit\/workshop-broderie-haute-fantaisie-broche-13h30-16h30\/#primaryimage\"},\"image\":{\"@id\":\"https:\/\/www.lhonorable.com\/en\/produit\/workshop-broderie-haute-fantaisie-broche-13h30-16h30\/#primaryimage\"},\"thumbnailUrl\":\"https:\/\/www.lhonorable.com\/wp-content\/uploads\/2025\/06\/collection-1-30-min.jpg\",\"datePublished\":\"2026-02-05T11:25:32+00:00\",\"dateModified\":\"2026-04-02T16:05:39+00:00\",\"description\":\"Vous r\u00eaver de savoir faire une broche \u00e0 votre go\u00fbt, je vous accompagne dans la r\u00e9alisation d\u2018une fleur abstraite qui se pr\u00eate \u00e0 mille et une variations.\",\"breadcrumb\":{\"@id\":\"https:\/\/www.lhonorable.com\/en\/produit\/workshop-broderie-haute-fantaisie-broche-13h30-16h30\/#breadcrumb\"},\"inLanguage\":\"en-US\",\"potentialAction\":[{\"@type\":\"ReadAction\",\"target\":[\"https:\/\/www.lhonorable.com\/en\/produit\/workshop-broderie-haute-fantaisie-broche-13h30-16h30\/\"]}]},{\"@type\":\"ImageObject\",\"inLanguage\":\"en-US\",\"@id\":\"https:\/\/www.lhonorable.com\/en\/produit\/workshop-broderie-haute-fantaisie-broche-13h30-16h30\/#primaryimage\",\"url\":\"https:\/\/www.lhonorable.com\/wp-content\/uploads\/2025\/06\/collection-1-30-min.jpg\",\"contentUrl\":\"https:\/\/www.lhonorable.com\/wp-content\/uploads\/2025\/06\/collection-1-30-min.jpg\",\"width\":720,\"height\":1080,\"caption\":\"broche rosace brod\u00e9e haute fantaisie\"},{\"@type\":\"BreadcrumbList\",\"@id\":\"https:\/\/www.lhonorable.com\/en\/produit\/workshop-broderie-haute-fantaisie-broche-13h30-16h30\/#breadcrumb\",\"itemListElement\":[{\"@type\":\"ListItem\",\"position\":1,\"name\":\"Shop\",\"item\":\"https:\/\/www.lhonorable.com\/shop\/?lang=en\"},{\"@type\":\"ListItem\",\"position\":2,\"name\":\"Workshop BroderieBroche RosaceVendredi 20 mars13h30\/16h30-NantesAtelier\"}]},{\"@type\":\"WebSite\",\"@id\":\"https:\/\/www.lhonorable.com\/en\/#website\",\"url\":\"https:\/\/www.lhonorable.com\/en\/\",\"name\":\"L&#039;HONORABLE\",\"description\":\"Maison fran\u00e7aise de bijoux brod\u00e9s \u00e0 la main\",\"publisher\":{\"@id\":\"https:\/\/www.lhonorable.com\/en\/#organization\"},\"potentialAction\":[{\"@type\":\"SearchAction\",\"target\":{\"@type\":\"EntryPoint\",\"urlTemplate\":\"https:\/\/www.lhonorable.com\/en\/?s={search_term_string}\"},\"query-input\":{\"@type\":\"PropertyValueSpecification\",\"valueRequired\":true,\"valueName\":\"search_term_string\"}}],\"inLanguage\":\"en-US\"},{\"@type\":\"Organization\",\"@id\":\"https:\/\/www.lhonorable.com\/en\/#organization\",\"name\":\"L&#039;HONORABLE\",\"url\":\"https:\/\/www.lhonorable.com\/en\/\",\"logo\":{\"@type\":\"ImageObject\",\"inLanguage\":\"en-US\",\"@id\":\"https:\/\/www.lhonorable.com\/en\/#\/schema\/logo\/image\/\",\"url\":\"https:\/\/www.lhonorable.com\/wp-content\/uploads\/2022\/11\/logo.png\",\"contentUrl\":\"https:\/\/www.lhonorable.com\/wp-content\/uploads\/2022\/11\/logo.png\",\"width\":160,\"height\":97,\"caption\":\"L&#039;HONORABLE\"},\"image\":{\"@id\":\"https:\/\/www.lhonorable.com\/en\/#\/schema\/logo\/image\/\"},\"sameAs\":[\"https:\/\/www.facebook.com\/lHonorableElodieJoly\/\",\"https:\/\/www.instagram.com\/lhonorable.bijouxbrodes\/\",\"https:\/\/www.pinterest.fr\/lhonorable0282\/\"]}]}<\/script>\n<!-- \/ Yoast SEO plugin. -->","yoast_head_json":{"title":"Workshop BroderieBroche RosaceVendredi 20 mars13h30\/16h30-NantesAtelier - L&#039;HONORABLE","description":"Vous r\u00eaver de savoir faire une broche \u00e0 votre go\u00fbt, je vous accompagne dans la r\u00e9alisation d\u2018une fleur abstraite qui se pr\u00eate \u00e0 mille et une variations.","robots":{"index":"index","follow":"follow","max-snippet":"max-snippet:-1","max-image-preview":"max-image-preview:large","max-video-preview":"max-video-preview:-1"},"canonical":"https:\/\/www.lhonorable.com\/en\/produit\/workshop-broderie-haute-fantaisie-broche-13h30-16h30\/","og_locale":"en_US","og_type":"article","og_title":"Workshop BroderieBroche RosaceVendredi 20 mars13h30\/16h30-NantesAtelier - L&#039;HONORABLE","og_description":"Vous r\u00eaver de savoir faire une broche \u00e0 votre go\u00fbt, je vous accompagne dans la r\u00e9alisation d\u2018une fleur abstraite qui se pr\u00eate \u00e0 mille et une variations.","og_url":"https:\/\/www.lhonorable.com\/en\/produit\/workshop-broderie-haute-fantaisie-broche-13h30-16h30\/","og_site_name":"L&#039;HONORABLE","article_publisher":"https:\/\/www.facebook.com\/lHonorableElodieJoly\/","article_modified_time":"2026-04-02T16:05:39+00:00","og_image":[{"width":720,"height":1080,"url":"https:\/\/www.lhonorable.com\/wp-content\/uploads\/2025\/06\/collection-1-30-min.jpg","type":"image\/jpeg"}],"twitter_card":"summary_large_image","twitter_misc":{"Est. reading time":"1 minute"},"schema":{"@context":"https:\/\/schema.org","@graph":[{"@type":"WebPage","@id":"https:\/\/www.lhonorable.com\/en\/produit\/workshop-broderie-haute-fantaisie-broche-13h30-16h30\/","url":"https:\/\/www.lhonorable.com\/en\/produit\/workshop-broderie-haute-fantaisie-broche-13h30-16h30\/","name":"Workshop Broderie Broche Rosace Vendredi 20 mars 13h30\/16h30-NantesAtelier - L&#039;HONORABLE","isPartOf":{"@id":"https:\/\/www.lhonorable.com\/en\/#website"},"primaryImageOfPage":{"@id":"https:\/\/www.lhonorable.com\/en\/produit\/workshop-broderie-haute-fantaisie-broche-13h30-16h30\/#primaryimage"},"image":{"@id":"https:\/\/www.lhonorable.com\/en\/produit\/workshop-broderie-haute-fantaisie-broche-13h30-16h30\/#primaryimage"},"thumbnailUrl":"https:\/\/www.lhonorable.com\/wp-content\/uploads\/2025\/06\/collection-1-30-min.jpg","datePublished":"2026-02-05T11:25:32+00:00","dateModified":"2026-04-02T16:05:39+00:00","description":"Vous r\u00eaver de savoir faire une broche \u00e0 votre go\u00fbt, je vous accompagne dans la r\u00e9alisation d\u2018une fleur abstraite qui se pr\u00eate \u00e0 mille et une variations.","breadcrumb":{"@id":"https:\/\/www.lhonorable.com\/en\/produit\/workshop-broderie-haute-fantaisie-broche-13h30-16h30\/#breadcrumb"},"inLanguage":"en-US","potentialAction":[{"@type":"ReadAction","target":["https:\/\/www.lhonorable.com\/en\/produit\/workshop-broderie-haute-fantaisie-broche-13h30-16h30\/"]}]},{"@type":"ImageObject","inLanguage":"en-US","@id":"https:\/\/www.lhonorable.com\/en\/produit\/workshop-broderie-haute-fantaisie-broche-13h30-16h30\/#primaryimage","url":"https:\/\/www.lhonorable.com\/wp-content\/uploads\/2025\/06\/collection-1-30-min.jpg","contentUrl":"https:\/\/www.lhonorable.com\/wp-content\/uploads\/2025\/06\/collection-1-30-min.jpg","width":720,"height":1080,"caption":"broche rosace brod\u00e9e haute fantaisie"},{"@type":"BreadcrumbList","@id":"https:\/\/www.lhonorable.com\/en\/produit\/workshop-broderie-haute-fantaisie-broche-13h30-16h30\/#breadcrumb","itemListElement":[{"@type":"ListItem","position":1,"name":"Shop","item":"https:\/\/www.lhonorable.com\/shop\/?lang=en"},{"@type":"ListItem","position":2,"name":"Workshop BroderieBroche RosaceVendredi 20 mars13h30\/16h30-NantesAtelier"}]},{"@type":"WebSite","@id":"https:\/\/www.lhonorable.com\/en\/#website","url":"https:\/\/www.lhonorable.com\/en\/","name":"L&#039;HONORABLE","description":"Maison fran\u00e7aise de bijoux brod\u00e9s \u00e0 la main","publisher":{"@id":"https:\/\/www.lhonorable.com\/en\/#organization"},"potentialAction":[{"@type":"SearchAction","target":{"@type":"EntryPoint","urlTemplate":"https:\/\/www.lhonorable.com\/en\/?s={search_term_string}"},"query-input":{"@type":"PropertyValueSpecification","valueRequired":true,"valueName":"search_term_string"}}],"inLanguage":"en-US"},{"@type":"Organization","@id":"https:\/\/www.lhonorable.com\/en\/#organization","name":"L&#039;HONORABLE","url":"https:\/\/www.lhonorable.com\/en\/","logo":{"@type":"ImageObject","inLanguage":"en-US","@id":"https:\/\/www.lhonorable.com\/en\/#\/schema\/logo\/image\/","url":"https:\/\/www.lhonorable.com\/wp-content\/uploads\/2022\/11\/logo.png","contentUrl":"https:\/\/www.lhonorable.com\/wp-content\/uploads\/2022\/11\/logo.png","width":160,"height":97,"caption":"L&#039;HONORABLE"},"image":{"@id":"https:\/\/www.lhonorable.com\/en\/#\/schema\/logo\/image\/"},"sameAs":["https:\/\/www.facebook.com\/lHonorableElodieJoly\/","https:\/\/www.instagram.com\/lhonorable.bijouxbrodes\/","https:\/\/www.pinterest.fr\/lhonorable0282\/"]}]}},"_links":{"self":[{"href":"https:\/\/www.lhonorable.com\/en\/wp-json\/wp\/v2\/product\/1377295","targetHints":{"allow":["GET"]}}],"collection":[{"href":"https:\/\/www.lhonorable.com\/en\/wp-json\/wp\/v2\/product"}],"about":[{"href":"https:\/\/www.lhonorable.com\/en\/wp-json\/wp\/v2\/types\/product"}],"wp:featuredmedia":[{"embeddable":true,"href":"https:\/\/www.lhonorable.com\/en\/wp-json\/wp\/v2\/media\/1376926"}],"wp:attachment":[{"href":"https:\/\/www.lhonorable.com\/en\/wp-json\/wp\/v2\/media?parent=1377295"}],"wp:term":[{"taxonomy":"product_brand","embeddable":true,"href":"https:\/\/www.lhonorable.com\/en\/wp-json\/wp\/v2\/product_brand?post=1377295"},{"taxonomy":"product_cat","embeddable":true,"href":"https:\/\/www.lhonorable.com\/en\/wp-json\/wp\/v2\/product_cat?post=1377295"},{"taxonomy":"product_tag","embeddable":true,"href":"https:\/\/www.lhonorable.com\/en\/wp-json\/wp\/v2\/product_tag?post=1377295"}],"curies":[{"name":"wp","href":"https:\/\/api.w.org\/{rel}","templated":true}]}}