{"id":1205412,"date":"2025-05-19T18:06:19","date_gmt":"2025-05-19T16:06:19","guid":{"rendered":"https:\/\/www.lhonorable.com\/?post_type=product&#038;p=1205412"},"modified":"2026-04-07T23:32:28","modified_gmt":"2026-04-07T21:32:28","slug":"livre-cabinet-de-curiosites-en-metal-repousse","status":"publish","type":"product","link":"https:\/\/www.lhonorable.com\/en\/produit\/livre-cabinet-de-curiosites-en-metal-repousse\/","title":{"rendered":"Livre &#8211; CABINET DE CURIOSITES en m\u00e9tal repouss\u00e9"},"content":{"rendered":"<p>\u2764 \u00c0 travers ces pages, je vous invite \u00e0 d\u00e9couvrir une technique \u00e0 la fois minutieuse et accessible, o\u00f9 une simple feuille de m\u00e9tal peut devenir un bijou ou un objet d\u00e9coratif unique. Vous y trouverez des explications claires, des astuces pratiques et des projets inspirants, soigneusement con\u00e7us pour sublimer ce savoir-faire. \u00c0 chaque \u00e9tape, je vous encourage \u00e0 explorer, \u00e0 personnaliser et \u00e0 savourer le plaisir de cr\u00e9er.<br \/>\nD\u00e9couvrez mes astuces et secrets pour faire de ces simples feuilles de m\u00e9tal, de v\u00e9ritables grigris et objets de d\u00e9corations.<\/p>\n<p>Recevez une exemplaire d\u00e9dicac\u00e9 et n&#8217;h\u00e9sitez pas \u00e0 m&#8217;envoyer un p&#8217;tit message si la d\u00e9dicace est pour quelqu&#8217;un d&#8217;autre, je me ferai une joie de la personnaliser!<\/p>\n<p>Cabinet de curiosit\u00e9s en m\u00e9tal repouss\u00e9 &#8211; Sorti le 28 mai 2025, aux Editions Tr\u00e9daniel.<\/p>\n<p><strong><br \/>\n<\/strong>\u2764 Retrouvez les ateliers et cr\u00e9ations en m\u00e9tal d&#8217;Elodie Joly sur Instagram @lhonorable.bijouxbrodes .<\/p>\n","protected":false},"excerpt":{"rendered":"<p>\u2764 \u00c0 travers ces pages, je vous invite \u00e0 d\u00e9couvrir une technique \u00e0 la fois minutieuse et accessible, o\u00f9 une simple feuille de m\u00e9tal peut devenir un bijou ou un objet d\u00e9coratif unique. Vous y trouverez des explications claires, des astuces pratiques et des projets inspirants, soigneusement con\u00e7us pour sublimer ce savoir-faire. \u00c0 chaque \u00e9tape, je vous encourage \u00e0 explorer, \u00e0 personnaliser et \u00e0 savourer le plaisir de cr\u00e9er.<br \/>\nD\u00e9couvrez mes astuces et secrets pour faire de ces simples feuilles de m\u00e9tal, de v\u00e9ritables grigris et objets de d\u00e9corations.<\/p>\n","protected":false},"featured_media":1206006,"template":"","meta":[],"product_brand":[],"product_cat":[88],"product_tag":[],"class_list":{"0":"post-1205412","1":"product","2":"type-product","3":"status-publish","4":"has-post-thumbnail","6":"product_cat-livre","7":"product_shipping_class-livre","9":"first","10":"instock","11":"purchasable","12":"product-type-simple"},"yoast_head":"<!-- This site is optimized with the Yoast SEO plugin v27.2 - https:\/\/yoast.com\/product\/yoast-seo-wordpress\/ -->\n<title>Livre - CABINET DE CURIOSITES en m\u00e9tal repouss\u00e9 - L&#039;HONORABLE<\/title>\n<meta name=\"description\" content=\"Un livre de 160 pages pour s&#039;initier \u00e0 la broderie fantaisie du bijou de mode, \u00e0 porter et du bijou de maison, \u00e0 exposer.\" \/>\n<meta name=\"robots\" content=\"index, follow, max-snippet:-1, max-image-preview:large, max-video-preview:-1\" \/>\n<link rel=\"canonical\" href=\"https:\/\/www.lhonorable.com\/en\/produit\/livre-cabinet-de-curiosites-en-metal-repousse\/\" \/>\n<meta property=\"og:locale\" content=\"en_US\" \/>\n<meta property=\"og:type\" content=\"article\" \/>\n<meta property=\"og:title\" content=\"Livre - CABINET DE CURIOSITES en m\u00e9tal repouss\u00e9 - L&#039;HONORABLE\" \/>\n<meta property=\"og:description\" content=\"Un livre de 160 pages pour s&#039;initier \u00e0 la broderie fantaisie du bijou de mode, \u00e0 porter et du bijou de maison, \u00e0 exposer.\" \/>\n<meta property=\"og:url\" content=\"https:\/\/www.lhonorable.com\/en\/produit\/livre-cabinet-de-curiosites-en-metal-repousse\/\" \/>\n<meta property=\"og:site_name\" content=\"L&#039;HONORABLE\" \/>\n<meta property=\"article:publisher\" content=\"https:\/\/www.facebook.com\/lHonorableElodieJoly\/\" \/>\n<meta property=\"article:modified_time\" content=\"2026-04-07T21:32:28+00:00\" \/>\n<meta property=\"og:image\" content=\"https:\/\/www.lhonorable.com\/wp-content\/uploads\/2025\/05\/C1_Cabinet-de-curiosites_OK.jpg\" \/>\n\t<meta property=\"og:image:width\" content=\"887\" \/>\n\t<meta property=\"og:image:height\" content=\"1080\" \/>\n\t<meta property=\"og:image:type\" content=\"image\/jpeg\" \/>\n<meta name=\"twitter:card\" content=\"summary_large_image\" \/>\n<meta name=\"twitter:label1\" content=\"Est. reading time\" \/>\n\t<meta name=\"twitter:data1\" content=\"1 minute\" \/>\n<script type=\"application\/ld+json\" class=\"yoast-schema-graph\">{\"@context\":\"https:\/\/schema.org\",\"@graph\":[{\"@type\":\"WebPage\",\"@id\":\"https:\/\/www.lhonorable.com\/en\/produit\/livre-cabinet-de-curiosites-en-metal-repousse\/\",\"url\":\"https:\/\/www.lhonorable.com\/en\/produit\/livre-cabinet-de-curiosites-en-metal-repousse\/\",\"name\":\"Livre - CABINET DE CURIOSITES en m\u00e9tal repouss\u00e9 - L&#039;HONORABLE\",\"isPartOf\":{\"@id\":\"https:\/\/www.lhonorable.com\/en\/#website\"},\"primaryImageOfPage\":{\"@id\":\"https:\/\/www.lhonorable.com\/en\/produit\/livre-cabinet-de-curiosites-en-metal-repousse\/#primaryimage\"},\"image\":{\"@id\":\"https:\/\/www.lhonorable.com\/en\/produit\/livre-cabinet-de-curiosites-en-metal-repousse\/#primaryimage\"},\"thumbnailUrl\":\"https:\/\/www.lhonorable.com\/wp-content\/uploads\/2025\/05\/C1_Cabinet-de-curiosites_OK.jpg\",\"datePublished\":\"2025-05-19T16:06:19+00:00\",\"dateModified\":\"2026-04-07T21:32:28+00:00\",\"description\":\"Un livre de 160 pages pour s'initier \u00e0 la broderie fantaisie du bijou de mode, \u00e0 porter et du bijou de maison, \u00e0 exposer.\",\"breadcrumb\":{\"@id\":\"https:\/\/www.lhonorable.com\/en\/produit\/livre-cabinet-de-curiosites-en-metal-repousse\/#breadcrumb\"},\"inLanguage\":\"en-US\",\"potentialAction\":[{\"@type\":\"ReadAction\",\"target\":[\"https:\/\/www.lhonorable.com\/en\/produit\/livre-cabinet-de-curiosites-en-metal-repousse\/\"]}]},{\"@type\":\"ImageObject\",\"inLanguage\":\"en-US\",\"@id\":\"https:\/\/www.lhonorable.com\/en\/produit\/livre-cabinet-de-curiosites-en-metal-repousse\/#primaryimage\",\"url\":\"https:\/\/www.lhonorable.com\/wp-content\/uploads\/2025\/05\/C1_Cabinet-de-curiosites_OK.jpg\",\"contentUrl\":\"https:\/\/www.lhonorable.com\/wp-content\/uploads\/2025\/05\/C1_Cabinet-de-curiosites_OK.jpg\",\"width\":887,\"height\":1080,\"caption\":\"couverture de livre sur le m\u00e9tal repouss\u00e9\"},{\"@type\":\"BreadcrumbList\",\"@id\":\"https:\/\/www.lhonorable.com\/en\/produit\/livre-cabinet-de-curiosites-en-metal-repousse\/#breadcrumb\",\"itemListElement\":[{\"@type\":\"ListItem\",\"position\":1,\"name\":\"Shop\",\"item\":\"https:\/\/www.lhonorable.com\/shop\/?lang=en\"},{\"@type\":\"ListItem\",\"position\":2,\"name\":\"Livre &#8211; CABINET DE CURIOSITES en m\u00e9tal repouss\u00e9\"}]},{\"@type\":\"WebSite\",\"@id\":\"https:\/\/www.lhonorable.com\/en\/#website\",\"url\":\"https:\/\/www.lhonorable.com\/en\/\",\"name\":\"L&#039;HONORABLE\",\"description\":\"Maison fran\u00e7aise de bijoux brod\u00e9s \u00e0 la main\",\"publisher\":{\"@id\":\"https:\/\/www.lhonorable.com\/en\/#organization\"},\"potentialAction\":[{\"@type\":\"SearchAction\",\"target\":{\"@type\":\"EntryPoint\",\"urlTemplate\":\"https:\/\/www.lhonorable.com\/en\/?s={search_term_string}\"},\"query-input\":{\"@type\":\"PropertyValueSpecification\",\"valueRequired\":true,\"valueName\":\"search_term_string\"}}],\"inLanguage\":\"en-US\"},{\"@type\":\"Organization\",\"@id\":\"https:\/\/www.lhonorable.com\/en\/#organization\",\"name\":\"L&#039;HONORABLE\",\"url\":\"https:\/\/www.lhonorable.com\/en\/\",\"logo\":{\"@type\":\"ImageObject\",\"inLanguage\":\"en-US\",\"@id\":\"https:\/\/www.lhonorable.com\/en\/#\/schema\/logo\/image\/\",\"url\":\"https:\/\/www.lhonorable.com\/wp-content\/uploads\/2022\/11\/logo.png\",\"contentUrl\":\"https:\/\/www.lhonorable.com\/wp-content\/uploads\/2022\/11\/logo.png\",\"width\":160,\"height\":97,\"caption\":\"L&#039;HONORABLE\"},\"image\":{\"@id\":\"https:\/\/www.lhonorable.com\/en\/#\/schema\/logo\/image\/\"},\"sameAs\":[\"https:\/\/www.facebook.com\/lHonorableElodieJoly\/\",\"https:\/\/www.instagram.com\/lhonorable.bijouxbrodes\/\",\"https:\/\/www.pinterest.fr\/lhonorable0282\/\"]}]}<\/script>\n<!-- \/ Yoast SEO plugin. -->","yoast_head_json":{"title":"Livre - CABINET DE CURIOSITES en m\u00e9tal repouss\u00e9 - L&#039;HONORABLE","description":"Un livre de 160 pages pour s'initier \u00e0 la broderie fantaisie du bijou de mode, \u00e0 porter et du bijou de maison, \u00e0 exposer.","robots":{"index":"index","follow":"follow","max-snippet":"max-snippet:-1","max-image-preview":"max-image-preview:large","max-video-preview":"max-video-preview:-1"},"canonical":"https:\/\/www.lhonorable.com\/en\/produit\/livre-cabinet-de-curiosites-en-metal-repousse\/","og_locale":"en_US","og_type":"article","og_title":"Livre - CABINET DE CURIOSITES en m\u00e9tal repouss\u00e9 - L&#039;HONORABLE","og_description":"Un livre de 160 pages pour s'initier \u00e0 la broderie fantaisie du bijou de mode, \u00e0 porter et du bijou de maison, \u00e0 exposer.","og_url":"https:\/\/www.lhonorable.com\/en\/produit\/livre-cabinet-de-curiosites-en-metal-repousse\/","og_site_name":"L&#039;HONORABLE","article_publisher":"https:\/\/www.facebook.com\/lHonorableElodieJoly\/","article_modified_time":"2026-04-07T21:32:28+00:00","og_image":[{"width":887,"height":1080,"url":"https:\/\/www.lhonorable.com\/wp-content\/uploads\/2025\/05\/C1_Cabinet-de-curiosites_OK.jpg","type":"image\/jpeg"}],"twitter_card":"summary_large_image","twitter_misc":{"Est. reading time":"1 minute"},"schema":{"@context":"https:\/\/schema.org","@graph":[{"@type":"WebPage","@id":"https:\/\/www.lhonorable.com\/en\/produit\/livre-cabinet-de-curiosites-en-metal-repousse\/","url":"https:\/\/www.lhonorable.com\/en\/produit\/livre-cabinet-de-curiosites-en-metal-repousse\/","name":"Livre - CABINET DE CURIOSITES en m\u00e9tal repouss\u00e9 - L&#039;HONORABLE","isPartOf":{"@id":"https:\/\/www.lhonorable.com\/en\/#website"},"primaryImageOfPage":{"@id":"https:\/\/www.lhonorable.com\/en\/produit\/livre-cabinet-de-curiosites-en-metal-repousse\/#primaryimage"},"image":{"@id":"https:\/\/www.lhonorable.com\/en\/produit\/livre-cabinet-de-curiosites-en-metal-repousse\/#primaryimage"},"thumbnailUrl":"https:\/\/www.lhonorable.com\/wp-content\/uploads\/2025\/05\/C1_Cabinet-de-curiosites_OK.jpg","datePublished":"2025-05-19T16:06:19+00:00","dateModified":"2026-04-07T21:32:28+00:00","description":"Un livre de 160 pages pour s'initier \u00e0 la broderie fantaisie du bijou de mode, \u00e0 porter et du bijou de maison, \u00e0 exposer.","breadcrumb":{"@id":"https:\/\/www.lhonorable.com\/en\/produit\/livre-cabinet-de-curiosites-en-metal-repousse\/#breadcrumb"},"inLanguage":"en-US","potentialAction":[{"@type":"ReadAction","target":["https:\/\/www.lhonorable.com\/en\/produit\/livre-cabinet-de-curiosites-en-metal-repousse\/"]}]},{"@type":"ImageObject","inLanguage":"en-US","@id":"https:\/\/www.lhonorable.com\/en\/produit\/livre-cabinet-de-curiosites-en-metal-repousse\/#primaryimage","url":"https:\/\/www.lhonorable.com\/wp-content\/uploads\/2025\/05\/C1_Cabinet-de-curiosites_OK.jpg","contentUrl":"https:\/\/www.lhonorable.com\/wp-content\/uploads\/2025\/05\/C1_Cabinet-de-curiosites_OK.jpg","width":887,"height":1080,"caption":"couverture de livre sur le m\u00e9tal repouss\u00e9"},{"@type":"BreadcrumbList","@id":"https:\/\/www.lhonorable.com\/en\/produit\/livre-cabinet-de-curiosites-en-metal-repousse\/#breadcrumb","itemListElement":[{"@type":"ListItem","position":1,"name":"Shop","item":"https:\/\/www.lhonorable.com\/shop\/?lang=en"},{"@type":"ListItem","position":2,"name":"Livre &#8211; CABINET DE CURIOSITES en m\u00e9tal repouss\u00e9"}]},{"@type":"WebSite","@id":"https:\/\/www.lhonorable.com\/en\/#website","url":"https:\/\/www.lhonorable.com\/en\/","name":"L&#039;HONORABLE","description":"Maison fran\u00e7aise de bijoux brod\u00e9s \u00e0 la main","publisher":{"@id":"https:\/\/www.lhonorable.com\/en\/#organization"},"potentialAction":[{"@type":"SearchAction","target":{"@type":"EntryPoint","urlTemplate":"https:\/\/www.lhonorable.com\/en\/?s={search_term_string}"},"query-input":{"@type":"PropertyValueSpecification","valueRequired":true,"valueName":"search_term_string"}}],"inLanguage":"en-US"},{"@type":"Organization","@id":"https:\/\/www.lhonorable.com\/en\/#organization","name":"L&#039;HONORABLE","url":"https:\/\/www.lhonorable.com\/en\/","logo":{"@type":"ImageObject","inLanguage":"en-US","@id":"https:\/\/www.lhonorable.com\/en\/#\/schema\/logo\/image\/","url":"https:\/\/www.lhonorable.com\/wp-content\/uploads\/2022\/11\/logo.png","contentUrl":"https:\/\/www.lhonorable.com\/wp-content\/uploads\/2022\/11\/logo.png","width":160,"height":97,"caption":"L&#039;HONORABLE"},"image":{"@id":"https:\/\/www.lhonorable.com\/en\/#\/schema\/logo\/image\/"},"sameAs":["https:\/\/www.facebook.com\/lHonorableElodieJoly\/","https:\/\/www.instagram.com\/lhonorable.bijouxbrodes\/","https:\/\/www.pinterest.fr\/lhonorable0282\/"]}]}},"_links":{"self":[{"href":"https:\/\/www.lhonorable.com\/en\/wp-json\/wp\/v2\/product\/1205412","targetHints":{"allow":["GET"]}}],"collection":[{"href":"https:\/\/www.lhonorable.com\/en\/wp-json\/wp\/v2\/product"}],"about":[{"href":"https:\/\/www.lhonorable.com\/en\/wp-json\/wp\/v2\/types\/product"}],"wp:featuredmedia":[{"embeddable":true,"href":"https:\/\/www.lhonorable.com\/en\/wp-json\/wp\/v2\/media\/1206006"}],"wp:attachment":[{"href":"https:\/\/www.lhonorable.com\/en\/wp-json\/wp\/v2\/media?parent=1205412"}],"wp:term":[{"taxonomy":"product_brand","embeddable":true,"href":"https:\/\/www.lhonorable.com\/en\/wp-json\/wp\/v2\/product_brand?post=1205412"},{"taxonomy":"product_cat","embeddable":true,"href":"https:\/\/www.lhonorable.com\/en\/wp-json\/wp\/v2\/product_cat?post=1205412"},{"taxonomy":"product_tag","embeddable":true,"href":"https:\/\/www.lhonorable.com\/en\/wp-json\/wp\/v2\/product_tag?post=1205412"}],"curies":[{"name":"wp","href":"https:\/\/api.w.org\/{rel}","templated":true}]}}